{"id":9153,"date":"2022-05-31T14:11:08","date_gmt":"2022-05-31T12:11:08","guid":{"rendered":"https:\/\/engstligenalp.ch\/groups-2\/"},"modified":"2026-04-20T14:32:56","modified_gmt":"2026-04-20T12:32:56","slug":"groups","status":"publish","type":"page","link":"https:\/\/engstligenalp.ch\/en\/winter\/groups\/","title":{"rendered":"Groups"},"content":{"rendered":"\n    <section class=\"full_grid text-light\">\n        <div class=\"container-full\">\n            <div class=\"max_90_d\">\n                <div class=\"row\">\n                                            <h1 class=\"mb-4 heading\">Experience. Laughter. Strengths.<\/h1>\n                                        <div class=\"col-md-8\">\n                        <p>Team building or social program: Engstligenalp is exactly the right place for company and group events that will be remembered. Experience a diverse and customized day in the Bernese Oberland.<\/p>\n                                            <\/div>\n                                    <\/div>\n            <\/div>\n        <\/div>\n    <\/section>\n\n\n     \n            <section class=\"column_in_2\" id=\"Group menu\">\n                <div class=\"container-full\">\n                    <div class=\"triagles_effects half_effect_quatre\" data-aos=\"fade-up\" data-aos-delay=\"600\">\n                        <div class=\"half_right_blue\"><\/div>\n                    <\/div>\n                    <div class=\"row max_90_d\">\n                        <div class=\"col-lg-7 p-0 mb-4 order-1 position-relative\" data-aos=\"fade-up\" data-aos-delay=\"200\">\n                            <img decoding=\"async\" src=\"https:\/\/engstligenalp.ch\/wp-content\/uploads\/Winter-Cup_10-jpg.avif\" class=\"img-fluid rounded-2 img-shadow\" alt=\"\" title=\"\">\n                        <\/div>\n                        <div class=\"col-lg-4 margin-left-3 order-2 content\" data-aos=\"fade-up\" data-aos-delay=\"200\">\n                            <h2 class=\"mb-4\">Group events on Engstligenalp: experiences that last<\/h2>\n                            <div><p>The Engstligenalp is just the right place for events that will be remembered. Especially in winter, Engstligenalp is a popular destination &#8211; be it for a school trip, a club outing or a team event. Here, nature, activities and culinary delights come together in a fun mix. The largest plateau is simply always worth a trip.  <\/p>\n<\/div>\n                                                            <div class=\"mt-4\">\n                                    <a href=\"https:\/\/engstligenalp.ch\/wp-content\/uploads\/Apero_Menuvorschlaege_2026-1.pdf\" target=\"_BLANK\" class=\"btn btn-success btn-rounded\">Aperitif and menu suggestions Berghotel<\/a>\n                                <\/div>\n                                                                                <\/div>\n                    <\/div>\n                <\/div>\n            <\/section>\n    \n            <section id=\"packages\" class=\"packages text-light container-full\" data-aos=\"fade-up\" data-aos-delay=\"50\">\n            <div class=\"max_90_d\"><div class=\"row \">\n                <div class=\"col-lg-12\">\n                    <h2 class=\"mb-4 heading\">Compile personal offer<\/h2>\n\t\t\t\t\t\t<div class=\"col-md-7 mb-5\"><p>Whether as team building while skiing or as a supporting program for the club outing. Choose an experience from our offer, combine different group events or let us create an individual program for you on Engstligenalp. The following prices are per person (for 20 people).<\/p><\/div><\/div>                <\/div>\n                <\/div>\n\t\t\t\t<\/div>                <div class=\"max_90_d\">\n            <div class=\"row\">\n\t\t\t\t\n\t\t\t\t                <div class=\"col-lg-6 col-xl-4 pb-sm-3 mb-5\" data-aos=\"fade-up\" data-aos-delay=\"200\">\n                    <div class=\"card card_effect pos2\" data-aos=\"fade-up\" data-aos-delay=\"100\">\n                        <div class=\"card_content \">\n                           <h6 class=\"mb-2\">CHF 60<\/h6>\n                            <h4 class=\"mb-4 f_bold\">Raclette pleasure<\/h4>\n                            \n<p><strong>Experience in cozy alpine chic style<\/strong><\/p>\n\n<ul class=\"wp-block-list\">\n<li>Cable car ride back<\/li>\n\n\n\n<li>Idyllic winter hike<\/li>\n\n\n\n<li>Raclette \u00e0 discr\u00e9tion in the raclette hut<\/li>\n<\/ul>\n                        <\/div>\n                       <div class=\"card-button\">\n                            <a href=\"https:\/\/engstligenalp.ch\/wp-content\/uploads\/Raclette-Genuss-1.pdf\"  class=\"btn btn-success btn-rounded\">Learn more<\/a>\n                        <\/div>                    <\/div>\n                <\/div>\n\t\t\t\t                <div class=\"col-lg-6 col-xl-4 pb-sm-3 mb-5\" data-aos=\"fade-up\" data-aos-delay=\"200\">\n                    <div class=\"card card_effect pos2\" data-aos=\"fade-up\" data-aos-delay=\"100\">\n                        <div class=\"card_content \">\n                           <h6 class=\"mb-2\">CHF 60<\/h6>\n                            <h4 class=\"mb-4 f_bold\">Fondue Igloo Indulgence<\/h4>\n                            \n<p><strong>Cozy it goes to and fro<\/strong><\/p>\n\n<ul class=\"wp-block-list\">\n<li>Cable car ride back<\/li>\n\n\n\n<li>Idyllic winter hike<\/li>\n\n\n\n<li>Fondue \u00e0 discr\u00e9tion in the igloo<\/li>\n<\/ul>\n                        <\/div>\n                       <div class=\"card-button\">\n                            <a href=\"https:\/\/engstligenalp.ch\/wp-content\/uploads\/Fondue-Iglu-Genuss.pdf\"  class=\"btn btn-success btn-rounded\">Learn more<\/a>\n                        <\/div>                    <\/div>\n                <\/div>\n\t\t\t\t                <div class=\"col-lg-6 col-xl-4 pb-sm-3 mb-5\" data-aos=\"fade-up\" data-aos-delay=\"200\">\n                    <div class=\"card card_effect pos2\" data-aos=\"fade-up\" data-aos-delay=\"100\">\n                        <div class=\"card_content \">\n                           <h6 class=\"mb-2\">CHF 80<\/h6>\n                            <h4 class=\"mb-4 f_bold\">Airy descent<\/h4>\n                            \n<p><strong>The snow tubing experience promises a lot of fun<\/strong><\/p>\n\n<ul class=\"wp-block-list\">\n<li>Cable car ride back<\/li>\n\n\n\n<li>2 hours snow tubing<\/li>\n\n\n\n<li>Fondue \u00e0 discr\u00e9tion in the igloo or raclette \u00e0 discr\u00e9tion in the raclette hut<\/li>\n<\/ul>\n                        <\/div>\n                       <div class=\"card-button\">\n                            <a href=\"https:\/\/engstligenalp.ch\/wp-content\/uploads\/Luftige-Abfahrt-1.pdf\"  class=\"btn btn-success btn-rounded\">Learn more<\/a>\n                        <\/div>                    <\/div>\n                <\/div>\n\t\t\t\t                <div class=\"col-lg-6 col-xl-4 pb-sm-3 mb-5\" data-aos=\"fade-up\" data-aos-delay=\"200\">\n                    <div class=\"card card_effect pos2\" data-aos=\"fade-up\" data-aos-delay=\"100\">\n                        <div class=\"card_content \">\n                           <h6 class=\"mb-2\">CHF 99<\/h6>\n                            <h4 class=\"mb-4 f_bold\">Winter magic<\/h4>\n                            \n<p><strong>Local stories with cheese enjoyment<\/strong><\/p>\n\n<ul class=\"wp-block-list\">\n<li>Cable car ride back<\/li>\n\n\n\n<li>Guided winter walk with stories about Adelboden<\/li>\n\n\n\n<li>Raclette \u00e0 discr\u00e9tion in the raclette hut<\/li>\n<\/ul>\n\n<p><\/p>\n                        <\/div>\n                       <div class=\"card-button\">\n                            <a href=\"https:\/\/engstligenalp.ch\/wp-content\/uploads\/Winterzauber-1.pdf\"  class=\"btn btn-success btn-rounded\">Learn more<\/a>\n                        <\/div>                    <\/div>\n                <\/div>\n\t\t\t\t                <div class=\"col-lg-6 col-xl-4 pb-sm-3 mb-5\" data-aos=\"fade-up\" data-aos-delay=\"200\">\n                    <div class=\"card card_effect pos2\" data-aos=\"fade-up\" data-aos-delay=\"100\">\n                        <div class=\"card_content \">\n                           <h6 class=\"mb-2\">CHF 105<\/h6>\n                            <h4 class=\"mb-4 f_bold\">Natural steps<\/h4>\n                            \n<p><strong>Discover the pristine plateau<\/strong><\/p>\n\n<ul class=\"wp-block-list\">\n<li>Cable car ride back<\/li>\n\n\n\n<li>Guided snowshoe hike<\/li>\n\n\n\n<li>Fondue \u00e0 discr\u00e9tion in the igloo or raclette \u00e0 discr\u00e9tion in the raclette hut<\/li>\n<\/ul>\n                        <\/div>\n                       <div class=\"card-button\">\n                            <a href=\"https:\/\/engstligenalp.ch\/wp-content\/uploads\/Natuerliche-Schritte-1.pdf\"  class=\"btn btn-success btn-rounded\">Learn more<\/a>\n                        <\/div>                    <\/div>\n                <\/div>\n\t\t\t\t                <div class=\"col-lg-6 col-xl-4 pb-sm-3 mb-5\" data-aos=\"fade-up\" data-aos-delay=\"200\">\n                    <div class=\"card card_effect pos2\" data-aos=\"fade-up\" data-aos-delay=\"100\">\n                        <div class=\"card_content \">\n                           <h6 class=\"mb-2\">CHF 105<\/h6>\n                            <h4 class=\"mb-4 f_bold\">Adelboden Winter Cup<\/h4>\n                            \n<p><strong>The day goes by easily<\/strong><\/p>\n\n<ul class=\"wp-block-list\">\n<li>Cable car ride back<\/li>\n\n\n\n<li>Fun Games<\/li>\n\n\n\n<li>Fondue \u00e0 discr\u00e9tion in the igloo or raclette \u00e0 discr\u00e9tion in the raclette hut<\/li>\n<\/ul>\n                        <\/div>\n                       <div class=\"card-button\">\n                            <a href=\"https:\/\/engstligenalp.ch\/wp-content\/uploads\/Adelbodner-Winter-Cup-2.pdf\"  class=\"btn btn-success btn-rounded\">Learn more<\/a>\n                        <\/div>                    <\/div>\n                <\/div>\n\t\t\t\t                <div class=\"col-lg-6 col-xl-4 pb-sm-3 mb-5\" data-aos=\"fade-up\" data-aos-delay=\"200\">\n                    <div class=\"card card_effect pos2\" data-aos=\"fade-up\" data-aos-delay=\"100\">\n                        <div class=\"card_content \">\n                           <h6 class=\"mb-2\">CHF 159<\/h6>\n                            <h4 class=\"mb-4 f_bold\">Wine enjoyment<\/h4>\n                            \n<p><strong>The art of wine tasting<\/strong><\/p>\n\n<ul class=\"wp-block-list\">\n<li>Cable car ride back<\/li>\n\n\n\n<li>Accompanied winter walk<\/li>\n\n\n\n<li>Wine course from an experienced sommelier<\/li>\n\n\n\n<li>Aperitif platters &amp; raclette \u00e0 discr\u00e9tion in the raclette hut<\/li>\n<\/ul>\n                        <\/div>\n                       <div class=\"card-button\">\n                            <a href=\"https:\/\/engstligenalp.ch\/wp-content\/uploads\/Wein-Genuss-mit-Racletteplausch-3.pdf\"  class=\"btn btn-success btn-rounded\">Learn more<\/a>\n                        <\/div>                    <\/div>\n                <\/div>\n\t\t\t\t                <div class=\"col-lg-6 col-xl-4 pb-sm-3 mb-5\" data-aos=\"fade-up\" data-aos-delay=\"200\">\n                    <div class=\"card card_effect pos2\" data-aos=\"fade-up\" data-aos-delay=\"100\">\n                        <div class=\"card_content \">\n                           <h6 class=\"mb-2\">CHF 236<\/h6>\n                            <h4 class=\"mb-4 f_bold\">Icy dreams<\/h4>\n                            \n<p><strong>Unique group experience in igloo<\/strong><\/p>\n\n<ul class=\"wp-block-list\">\n<li>Cable car ride back<\/li>\n\n\n\n<li>Fondue \u00e0 discr\u00e9tion in the igloo<\/li>\n\n\n\n<li>Overnight stay in a 2-person \/ 4-person igloo<\/li>\n\n\n\n<li>Breakfast at the mountain hotel<\/li>\n<\/ul>\n                        <\/div>\n                       <div class=\"card-button\">\n                            <a href=\"https:\/\/engstligenalp.ch\/wp-content\/uploads\/Eisige-Traeume-1.pdf\"  class=\"btn btn-success btn-rounded\">Learn more<\/a>\n                        <\/div>                    <\/div>\n                <\/div>\n            <\/div>\n        <\/section>\n\n     \n            <section class=\"column_in_2\" >\n                <div class=\"container-full\">\n                    <div class=\"triagles_effects half_effect_quatre\" data-aos=\"fade-up\" data-aos-delay=\"600\">\n                        <div class=\"half_right_blue\"><\/div>\n                    <\/div>\n                    <div class=\"row max_90_d\">\n                        <div class=\"col-lg-7 p-0 mb-4 order-1 position-relative\" data-aos=\"fade-up\" data-aos-delay=\"200\">\n                            <img decoding=\"async\" src=\"https:\/\/engstligenalp.ch\/wp-content\/uploads\/Raclettehuette_8.jpg\" class=\"img-fluid rounded-2 img-shadow\" alt=\"\" title=\"\">\n                        <\/div>\n                        <div class=\"col-lg-4 margin-left-3 order-2 content\" data-aos=\"fade-up\" data-aos-delay=\"200\">\n                            <h1 class=\"mb-4\">Your event location at 2000 m above sea level.<\/h1>\n                            <div><p>Are you planning a birthday party with your loved ones or are you looking for a unique venue for a wedding reception? Then you&#8217;ve come to the right place!<\/p>\n<\/div>\n                                                            <div class=\"mt-4\">\n                                    <a href=\"https:\/\/engstligenalp.ch\/winter\/essen-trinken\/raclettehuette\/\"  class=\"btn btn-success btn-rounded\">More about the raclette hut<\/a>\n                                <\/div>\n                                                                                        <div class=\"mt-4\">\n                                    <a href=\"https:\/\/engstligenalp.ch\/wp-content\/uploads\/Eventlocations_Engstligenalp_2025.pdf\" target=\"_BLANK\" class=\"btn btn-success btn-rounded\">Overview event locations Engstligenalp<\/a>\n                                <\/div>\n                                                    <\/div>\n                    <\/div>\n                <\/div>\n            <\/section>\n    \n    \n                <section class=\"column_in_2\" >\n                <div class=\"container-full\">\n                    <div class=\"triagles_effects half_effect_quatre right_side_effect\" data-aos=\"fade-up\" data-aos-delay=\"600\">\n                        <div class=\"half_right_lightblue\"><\/div>\n                    <\/div>\n                    <div class=\"row max_90_d\">\n                        <div class=\"col-lg-7 p-0 mb-4 mt-4 margin-left-3 order-md-2 position-relative\" data-aos=\"fade-up\" data-aos-delay=\"200\">\n                            <img decoding=\"async\" src=\"https:\/\/engstligenalp.ch\/wp-content\/uploads\/Seminarraum_Berghotel.jpg\" class=\"img-fluid rounded-2 img-shadow\" alt=\"\" title=\"\">\n                        <\/div>\n                        <div class=\"col-lg-4 order-md-1 content\" data-aos=\"fade-up\" data-aos-delay=\"200\">\n                            <h1 class=\"mb-4\">Seminars &amp; meetings<\/h1>\n                            <div><p>Is there a better place for a workshop than in the middle of the inspiring mountain world of the Engstligenalp? Our seminar room offers space for 30 people, modern technology (projector, screen, flipchart, etc.) and is ideal for creative and productive meetings. Combined with exciting outdoor activities in the middle of nature, team spirit is strengthened. Of course, the culinary delights are not neglected either: with a raclette in a rustic ambience, a fondue in the igloo or a group menu in the mountain hotel, you and your team can round off the day in a convivial atmosphere.<\/p>\n<p>Seminar room costs:<\/p>\n<p>CHF 250 daily flat rate<br \/>\nCHF 150 half-day flat rate<\/p>\n<\/div>\n                                                            <div class=\"mt-4\">\n                                    <a href=\"https:\/\/engstligenalp.ch\/wp-content\/uploads\/Seminar-Pakete.pdf\" target=\"_BLANK\" class=\"btn btn-success btn-rounded\">Seminar packages<\/a>\n                                <\/div>\n                                                                                <\/div>\n                    <\/div>\n                <\/div>\n            <\/section>\n    \n    \n                <section class=\"column_in_2 img-box-r\" >\n                <div class=\"container-full\">\n                    <div class=\"row max_90_d\">\n                        <div class=\"col-lg-7 order-sm-1 p-0 mb-3 position-relative\" data-aos=\"fade-up\" data-aos-delay=\"200\">\n                            <div class=\"right_top_lightblue magic to_right to_top\" data-bottom-center=\"transform: translate(0,5vh)\" data-top-center=\"transform: translate(0,-15vh)\"><\/div>\n                            <img decoding=\"async\" src=\"https:\/\/engstligenalp.ch\/wp-content\/uploads\/Sennhuette_Standardzimmer.jpg\" class=\"img-fluid rounded-2 img-shadow\" alt=\"\" title=\"\">\n                            <div class=\"left_top_green magic to_left to_bottom\" data-bottom-center=\"transform: translate(0,10vh)\" data-top-center=\"transform: translate(0,-5vh)\"><\/div>\n                        <\/div>\n                        <div class=\"col-lg-5 floating_card order-sm-2 content mb-3\">\n                            <div class=\"card p-4 p-md-5\">\n                                <h1 class=\"mb-4\">Event lasting several days?<\/h1>\n                                <div><p>After an intensive day of seminars or an active team excursion, how about ending the evening on the Engstligenalp and spending the night in the mountain hotel? The unique evening atmosphere over a cozy dinner and the morning view of the wintry mountain world create unforgettable moments.<\/p>\n<p>The Berghotel has 28 rooms (double and triple rooms as well as family suites) with 82 beds. As an adventurous alternative, there are 8 sleeping igloos with 28 sleeping places from mid-December to the beginning of April.<\/p>\n<\/div>\n                                                                    <div class=\"mt-4\">\n                                        <a href=\"https:\/\/engstligenalp.ch\/winter\/schlafen\/berghotel\/\"  class=\"btn btn-success btn-rounded\">More about the mountain hotel<\/a>\n                                    <\/div>\n                                                                                            <\/div>\n                        <\/div>\n                    <\/div>\n                <\/div>\n            <\/section>\n    \n    \n                <section class=\"column_in_2\" id=\"Company event\">\n                <div class=\"container-full\">\n                    <div class=\"triagles_effects half_effect_quatre right_side_effect\" data-aos=\"fade-up\" data-aos-delay=\"600\">\n                        <div class=\"half_right_lightblue\"><\/div>\n                    <\/div>\n                    <div class=\"row max_90_d\">\n                        <div class=\"col-lg-7 p-0 mb-4 mt-4 margin-left-3 order-md-2 position-relative\" data-aos=\"fade-up\" data-aos-delay=\"200\">\n                            <img decoding=\"async\" src=\"https:\/\/engstligenalp.ch\/wp-content\/uploads\/gruppeniglu-e1695732931549.jpg\" class=\"img-fluid rounded-2 img-shadow\" alt=\"\" title=\"\">\n                        <\/div>\n                        <div class=\"col-lg-4 order-md-1 content\" data-aos=\"fade-up\" data-aos-delay=\"200\">\n                            <h2 class=\"mb-4\">Magic in the ice &#8211; our igloos<\/h2>\n                            <div><p>Experience sparkling winter adventures together in a unique snowy setting &#8211; perfect for families, friends or team events.<\/p>\n<p><strong>Fondue igloos<\/strong><br \/>\nFirst enjoy an enjoyable aperitif and then a delicious cheese fondue directly in the igloo. Winter romance, culinary delights and special moments guaranteed. <\/p>\n<p><strong>Sleeping igloos<\/strong><br \/>\nSix cozy igloos offer space for 16 people. With insulating mattresses, warm sleeping bags and atmospheric lighting, your night in the snow will be unforgettable. <\/p>\n<\/div>\n                                                            <div class=\"mt-4\">\n                                    <a href=\"https:\/\/engstligenalp.ch\/winter\/essen-trinken\/fondue-iglu\/\"  class=\"btn btn-success btn-rounded\">More about the fondue igloo<\/a>\n                                <\/div>\n                                                                                        <div class=\"mt-4\">\n                                    <a href=\"https:\/\/engstligenalp.ch\/winter\/schlafen\/schlaf-iglu\/\"  class=\"btn btn-success btn-rounded\">More about the sleeping igloo<\/a>\n                                <\/div>\n                                                    <\/div>\n                    <\/div>\n                <\/div>\n            <\/section>\n    \n    \n     \n            <section class=\"column_in_2\" >\n                <div class=\"container-full\">\n                    <div class=\"triagles_effects half_effect_quatre\" data-aos=\"fade-up\" data-aos-delay=\"600\">\n                        <div class=\"half_right_blue\"><\/div>\n                    <\/div>\n                    <div class=\"row max_90_d\">\n                        <div class=\"col-lg-7 p-0 mb-4 order-1 position-relative\" data-aos=\"fade-up\" data-aos-delay=\"200\">\n                            <img decoding=\"async\" src=\"https:\/\/engstligenalp.ch\/wp-content\/uploads\/\/AZ_0877_engstligenalp_summer_130722.jpg\" class=\"img-fluid rounded-2 img-shadow\" alt=\"\" title=\"\">\n                        <\/div>\n                        <div class=\"col-lg-4 margin-left-3 order-2 content\" data-aos=\"fade-up\" data-aos-delay=\"200\">\n                            <h1 class=\"mb-4\">Are you already planning your summer group event?<\/h1>\n                            <div><p>Engstligenalp also offers countless opportunities to experience unforgettable moments with your team, club or group of friends in summer. Whether at the Alpine Cup, where you vie for victory in playful competitions, on an exciting via ferrata adventure, a sociable raclette chat in the raclette hut or a leisurely day in the mountains &#8211; every group will find something suitable here. <\/p>\n<\/div>\n                                                            <div class=\"mt-4\">\n                                    <a href=\"https:\/\/engstligenalp.ch\/sommer\/gruppen\/\"  class=\"btn btn-success btn-rounded\">More about the summer group offer<\/a>\n                                <\/div>\n                                                                                <\/div>\n                    <\/div>\n                <\/div>\n            <\/section>\n    \n      \n\n\n        <section class=\"shaper space_b text-light cta\">\n            <div class=\"triagles_effects full__width_effect shape ondesktop\">\n                <div><\/div>\n                <div class=\"right_bottom_lightblue\" data-aos=\"flip-right\" data-aos-delay=\"100\"><\/div>\n                <div><\/div>\n                <div class=\"right_bottom_grey\" data-aos=\"flip-right\" data-aos-delay=\"200\"><\/div>\n                <div class=\"left_top_green\" data-aos=\"flip-right\" data-aos-delay=\"300\"><\/div>\n                <div class=\"left_top_blue\" data-aos=\"flip-right\" data-aos-delay=\"300\"><\/div>\n                <div class=\"left_top_lightblue\" data-aos=\"flip-right\" data-aos-delay=\"300\"><\/div>\n                <div class=\"right_top_blue\" data-aos=\"flip-right\" data-aos-delay=\"300\"><\/div>\n                <div><\/div>\n                <div class=\"right_top_white\" data-aos=\"flip-right\" data-aos-delay=\"400\"><\/div>\n                <div class=\"left_top_green\" data-aos=\"flip-right\" data-aos-delay=\"400\"><\/div>\n                <div class=\"left_top_lightblue\" data-aos=\"flip-right\" data-aos-delay=\"500\"><\/div>\n            <\/div>\n\t\t\t<div class=\"triagles_effects full__width_effect shape onmobile\">\n                <div><\/div>\n                <div class=\"right_bottom_lightblue\"><\/div>\n                <div><\/div>\n                <div class=\"right_bottom_grey\"><\/div>\n                <div class=\"left_top_green\"><\/div>\n                <div class=\"left_top_blue\"><\/div>\n                <div class=\"left_top_lightblue\"><\/div>\n                <div class=\"right_top_blue\"><\/div>\n                <div><\/div>\n                <div class=\"right_top_lightblue\"><\/div>\n                <div class=\"left_top_grey\"><\/div>\n                <div class=\"left_top_lightblue\"><\/div>\n            <\/div>\n            <div class=\"container-full\">\n            <div class=\"max_90_d\">\n                <div class=\"row \">\n                    <h2 class=\"mb-0 heading shaper__text\">Interested? Get in touch with our event team!<\/h2>\n\t\t\t\t\t\t\t\t\t\t\t<div class=\"mt-4\">\n\t\t\t\t\t\t\t\t\t<a href=\"https:\/\/engstligenalp.ch\/kontakt\/\" class=\"btn btn-success btn-rounded\" target=\"_SELF\">Contact now<\/a>\n\t\t\t\t\t\t\t\t\t\t<\/div>                \t<\/div>\n                <\/div>\n            <\/div>\n        <\/section>","protected":false},"excerpt":{"rendered":"","protected":false},"author":1,"featured_media":22796,"parent":9304,"menu_order":13,"comment_status":"closed","ping_status":"closed","template":"","meta":{"_acf_changed":false,"footnotes":""},"class_list":["post-9153","page","type-page","status-publish","has-post-thumbnail","hentry"],"acf":[],"publishpress_future_workflow_manual_trigger":{"enabledWorkflows":[]},"_links":{"self":[{"href":"https:\/\/engstligenalp.ch\/en\/wp-json\/wp\/v2\/pages\/9153","targetHints":{"allow":["GET"]}}],"collection":[{"href":"https:\/\/engstligenalp.ch\/en\/wp-json\/wp\/v2\/pages"}],"about":[{"href":"https:\/\/engstligenalp.ch\/en\/wp-json\/wp\/v2\/types\/page"}],"author":[{"embeddable":true,"href":"https:\/\/engstligenalp.ch\/en\/wp-json\/wp\/v2\/users\/1"}],"replies":[{"embeddable":true,"href":"https:\/\/engstligenalp.ch\/en\/wp-json\/wp\/v2\/comments?post=9153"}],"version-history":[{"count":17,"href":"https:\/\/engstligenalp.ch\/en\/wp-json\/wp\/v2\/pages\/9153\/revisions"}],"predecessor-version":[{"id":34512,"href":"https:\/\/engstligenalp.ch\/en\/wp-json\/wp\/v2\/pages\/9153\/revisions\/34512"}],"up":[{"embeddable":true,"href":"https:\/\/engstligenalp.ch\/en\/wp-json\/wp\/v2\/pages\/9304"}],"wp:featuredmedia":[{"embeddable":true,"href":"https:\/\/engstligenalp.ch\/en\/wp-json\/wp\/v2\/media\/22796"}],"wp:attachment":[{"href":"https:\/\/engstligenalp.ch\/en\/wp-json\/wp\/v2\/media?parent=9153"}],"curies":[{"name":"wp","href":"https:\/\/api.w.org\/{rel}","templated":true}]}}