{"id":9180,"date":"2022-06-03T09:23:17","date_gmt":"2022-06-03T07:23:17","guid":{"rendered":"https:\/\/engstligenalp.ch\/food\/restaurant\/"},"modified":"2026-04-23T11:39:25","modified_gmt":"2026-04-23T09:39:25","slug":"restaurant","status":"publish","type":"page","link":"https:\/\/engstligenalp.ch\/en\/summer\/food\/restaurant\/","title":{"rendered":"Restaurant"},"content":{"rendered":"\n    <section class=\"full_grid text-light\">\n        <div class=\"container-full\">\n            <div class=\"max_90_d\">\n                <div class=\"row\">\n                                            <h1 class=\"mb-4 heading\">The restaurant with a view<\/h1>\n                                        <div class=\"col-md-8\">\n                        <p>While you are sitting in the restaurant of the mountain hotel, you can not only fill your belly: At the same time, you look out of the large panoramic windows or enjoy the view from the sun terrace and let your eyes wander over the plateau &#8211; although we doubt whether this view ever really fills you up.  <\/p>\n                                            <\/div>\n                                    <\/div>\n            <\/div>\n        <\/div>\n    <\/section>\n\n\n                <section class=\"column_in_2\" >\n                <div class=\"container-full\">\n                    <div class=\"row max_90_d\">\n                        <div class=\"col-lg-7 order-1 p-0 mb-4 position-relative\" data-aos=\"fade-up\" data-aos-delay=\"200\">\n                            <div class=\"right_top_lightblue magic to_right to_top\" data-bottom-center=\"transform: translate(0,5vh)\" data-top-center=\"transform: translate(0,-15vh)\"><\/div>\n                            <img decoding=\"async\" src=\"https:\/\/engstligenalp.ch\/wp-content\/uploads\/Plaettli-1.webp\" class=\"img-fluid rounded-2 img-shadow\" alt=\"\" title=\"\">\n                            <div class=\"left_top_green magic to_left to_bottom\" data-bottom-center=\"transform: translate(0,10vh)\" data-top-center=\"transform: translate(0,-5vh)\"><\/div>\n                        <\/div>\n                        <div class=\"col-lg-4 margin-left-3 order-2 content\" data-aos=\"fade-up\" data-aos-delay=\"200\">\n                            <h2 class=\"mb-4\">Pleasure for the whole family<\/h2>\n                            <div><p>At noon, the restaurant in the mountain hotel welcomes you as a self-service restaurant and is therefore ideal for visiting with the whole family. On our menu are classics like Ghackets with H\u00f6rnli, Bratwurst with fries or \u00c4lplermakkaroni. Or how about a break and an Engstligenpl\u00e4ttli or coffee and cake on our sun terrace?<\/p>\n<\/div>\n                                                            <div class=\"mt-4\">\n                                    <a href=\"https:\/\/engstligenalp.ch\/wp-content\/uploads\/Dessert-und-Getraenkekarte-Hochformat.pdf\" target=\"_BLANK\" class=\"btn btn-success btn-rounded\">Dessert and drinks menu<\/a>\n                                <\/div>\n                                                                                <\/div>\n                    <\/div>\n                <\/div>\n            <\/section>\n    \n    \n<div class=\"wp-block-columns is-layout-flex wp-container-core-columns-is-layout-9d6595d7 wp-block-columns-is-layout-flex\">\n<div class=\"wp-block-column is-layout-flow wp-block-column-is-layout-flow\" style=\"flex-basis:100%\"><\/div>\n<\/div>\n   \n\n        <section class=\"bildslider_ text-light\">\n            <div class=\"container-full\">\n                \t\t\t\t<div class=\"max_90_d\">\n\t\t\t\t\t<div class=\"row mb-4\">\n\t\t\t\t\t\t<h2 class=\"heading title\">Dessert specialties:<\/h2>\n\t\t\t\t\t<\/div>\n\t\t\t\t<\/div>\n\t\t\t\t                <div class=\"bildslider bildslider-786537549\">\n                    <div class=\"swiper-wrapper\">\n\t\t\t\t\t\t                        <div class=\"swiper-slide padd_r\">\n                            <a href=\"https:\/\/engstligenalp.ch\/wp-content\/uploads\/vermicelles-e1663229890909.webp\" class=\"img_grid enlarge2\">\n                                <img decoding=\"async\" src=\"https:\/\/engstligenalp.ch\/wp-content\/uploads\/vermicelles-e1663229890909.webp\" class=\"img-fluid\" dtitle=\"App 1\" alt=\"\" title=\"\">\n                            <\/a>\n                        <\/div>\n                                              <div class=\"swiper-slide padd_r\">\n                            <a href=\"https:\/\/engstligenalp.ch\/wp-content\/uploads\/meringues-e1663229934672.webp\" class=\"img_grid enlarge2\">\n                                <img decoding=\"async\" src=\"https:\/\/engstligenalp.ch\/wp-content\/uploads\/meringues-e1663229934672.webp\" class=\"img-fluid\" dtitle=\"App 1\" alt=\"\" title=\"\">\n                            <\/a>\n                        <\/div>\n                                              <div class=\"swiper-slide padd_r\">\n                            <a href=\"https:\/\/engstligenalp.ch\/wp-content\/uploads\/Glace7-1-e1663231237946.webp\" class=\"img_grid enlarge2\">\n                                <img decoding=\"async\" src=\"https:\/\/engstligenalp.ch\/wp-content\/uploads\/Glace7-1-e1663231237946.webp\" class=\"img-fluid\" dtitle=\"App 1\" alt=\"\" title=\"\">\n                            <\/a>\n                        <\/div>\n                                              <div class=\"swiper-slide padd_r\">\n                            <a href=\"https:\/\/engstligenalp.ch\/wp-content\/uploads\/Glace6-1-e1663231181378.jpg\" class=\"img_grid enlarge2\">\n                                <img decoding=\"async\" src=\"https:\/\/engstligenalp.ch\/wp-content\/uploads\/Glace6-1-e1663231181378.jpg\" class=\"img-fluid\" dtitle=\"App 1\" alt=\"\" title=\"\">\n                            <\/a>\n                        <\/div>\n                                              <div class=\"swiper-slide padd_r\">\n                            <a href=\"https:\/\/engstligenalp.ch\/wp-content\/uploads\/Glace3-1.webp\" class=\"img_grid enlarge2\">\n                                <img decoding=\"async\" src=\"https:\/\/engstligenalp.ch\/wp-content\/uploads\/Glace3-1.webp\" class=\"img-fluid\" dtitle=\"App 1\" alt=\"\" title=\"\">\n                            <\/a>\n                        <\/div>\n                                              <div class=\"swiper-slide padd_r\">\n                            <a href=\"https:\/\/engstligenalp.ch\/wp-content\/uploads\/Glace5-1-1.webp\" class=\"img_grid enlarge2\">\n                                <img decoding=\"async\" src=\"https:\/\/engstligenalp.ch\/wp-content\/uploads\/Glace5-1-1.webp\" class=\"img-fluid\" dtitle=\"App 1\" alt=\"\" title=\"\">\n                            <\/a>\n                        <\/div>\n                                              <div class=\"swiper-slide padd_r\">\n                            <a href=\"https:\/\/engstligenalp.ch\/wp-content\/uploads\/Glace4-1-1.webp\" class=\"img_grid enlarge2\">\n                                <img decoding=\"async\" src=\"https:\/\/engstligenalp.ch\/wp-content\/uploads\/Glace4-1-1.webp\" class=\"img-fluid\" dtitle=\"App 1\" alt=\"\" title=\"\">\n                            <\/a>\n                        <\/div>\n                                              <div class=\"swiper-slide padd_r\">\n                            <a href=\"https:\/\/engstligenalp.ch\/wp-content\/uploads\/kinder.hit_-1.webp\" class=\"img_grid enlarge2\">\n                                <img decoding=\"async\" src=\"https:\/\/engstligenalp.ch\/wp-content\/uploads\/kinder.hit_-1.webp\" class=\"img-fluid\" dtitle=\"App 1\" alt=\"\" title=\"\">\n                            <\/a>\n                        <\/div>\n                                          <\/div>\n                    <div class=\"swipe_arrows\">\n                        <div class=\"button-next button-next-786537549\"><\/div>\n                        <div class=\"button-prev button-prev-786537549\"><\/div>\n                    <\/div>\n                <\/div>\n            <\/div>\n        <\/section>\n<script src=\"https:\/\/cdnjs.cloudflare.com\/ajax\/libs\/Swiper\/7.3.0\/swiper-bundle.min.js\"><\/script>\n<script>\n \/**\n     * Bildslider slider\n     *\/\n    new Swiper('.bildslider-786537549', {\n        speed: 600,\n        slidesPerView: 1,\n        spaceBetween: 10,\n        centeredSlides: false,\n        loop: false,\n        navigation: {\n            nextEl: \".button-next-786537549\",\n            prevEl: \".button-prev-786537549\",\n        },\n        breakpoints: {\n            640: {\n                slidesPerView: 1,\n                spaceBetween: 10,\n            },\n            768: {\n                slidesPerView: 3,\n                spaceBetween: 10,\n            },\n            1024: {\n                slidesPerView: 4,\n                spaceBetween: 15,\n            },\n        },\n    });\n<\/script>\n     \n            <section class=\"column_in_2\" id=\"engstligenwasser\">\n                <div class=\"container-full\">\n                    <div class=\"triagles_effects half_effect_quatre\" data-aos=\"fade-up\" data-aos-delay=\"600\">\n                        <div class=\"half_right_blue\"><\/div>\n                    <\/div>\n                    <div class=\"row max_90_d\">\n                        <div class=\"col-lg-7 p-0 mb-4 order-1 position-relative\" data-aos=\"fade-up\" data-aos-delay=\"200\">\n                            <img decoding=\"async\" src=\"https:\/\/engstligenalp.ch\/wp-content\/uploads\/EngstligenWasser-jpg.avif\" class=\"img-fluid rounded-2 img-shadow\" alt=\"\" title=\"\">\n                        <\/div>\n                        <div class=\"col-lg-4 margin-left-3 order-2 content\" data-aos=\"fade-up\" data-aos-delay=\"200\">\n                            <h1 class=\"mb-4\">EngstligenWater to go<\/h1>\n                            <div><p><p data-start=\"231\" data-end=\"547\">With our new Engstligenalp drinking bottle, you are not only stylish, but also environmentally conscious. For CHF 25 you get your personal bottle &#8211; and the best thing is:<br data-start=\"434\" data-end=\"437\">You can fill it up with fresh water (sparkling or still) free of charge at the Engstligenalp mountain hotel throughout summer 2025. <\/p>\n<ul>\n<li data-start=\"549\" data-end=\"710\">Drink sustainably &#8211; avoid plastic<\/li>\n<li data-start=\"549\" data-end=\"710\">A contribution to the environment &#8211; directly from our own source<\/li>\n<li data-start=\"549\" data-end=\"710\">Refreshment with a view &#8211; all summer long<\/li>\n<\/ul>\n<p data-start=\"712\" data-end=\"771\">Come by and buy your bottle directly from us at the Berghotel.<\/p><\/p>\n<\/div>\n                                                                                <\/div>\n                    <\/div>\n                <\/div>\n            <\/section>\n    \n    \n                <section class=\"column_in_2\" >\n                <div class=\"container-full\">\n                    <div class=\"row max_90_d\">\n                        <div class=\"col-lg-7 margin-left-3 order-md-2 p-0 mb-4 position-relative\" data-aos=\"fade-up\" data-aos-delay=\"200\">\n                            <div class=\"right_top_lightblue magic to_right to_top\" data-bottom-center=\"transform: translate(0,5vh)\" data-top-center=\"transform: translate(0,-15vh)\"><\/div>\n                            <img decoding=\"async\" src=\"https:\/\/engstligenalp.ch\/wp-content\/uploads\/Restaurant_.webp\" class=\"img-fluid rounded-2 img-shadow\" alt=\"\" title=\"\">\n                            <div class=\"left_top_green magic to_left to_bottom\" data-bottom-center=\"transform: translate(0,10vh)\" data-top-center=\"transform: translate(0,-5vh)\"><\/div>\n                        <\/div>\n                        <div class=\"col-lg-4 order-md-1 content mb-3\" data-aos=\"fade-up\" data-aos-delay=\"200\">\n                            <h2 class=\"mb-4\">Dinner for hotel guests<\/h2>\n                            <div><p>When the last day guests have left Engstligenalp again, a fine dinner awaits you as a hotel guest in the restaurant of the mountain hotel. Dinner is served from 18.00 &#8211; 20.00. We attach great importance to seasonality and regionality: that&#8217;s why our menus include local flowers and herbs. Please inform us before arrival if you have any food intolerances.<\/p>\n<\/div>\n                                                            <div class=\"mt-4\">\n                                    <a href=\"https:\/\/www.simplebooking.it\/ibe\/hotelbooking\/search?hid=7607&amp;lang=en\" target=\"_BLANK\" class=\"btn btn-success btn-rounded\" rel=\"nofollow noopener\">Book overnight stay<\/a>\n                                <\/div>\n                                                                                        <div class=\"mt-4\">\n                                    <a href=\"https:\/\/engstligenalp.ch\/wp-content\/uploads\/Menuekarte-Berghotel-Engstligenalp-1.pdf\" target=\"_BLANK\" class=\"btn btn-success btn-rounded\">Menu card Berghotel<\/a>\n                                <\/div>\n                                                    <\/div>\n                    <\/div>\n                <\/div>\n            <\/section>\n    \n       \n\n        <section class=\"bildslider_ text-light\">\n            <div class=\"container-full\">\n                \t\t\t\t<div class=\"max_90_d\">\n\t\t\t\t\t<div class=\"row mb-4\">\n\t\t\t\t\t\t<h1 class=\"heading title\">Moments of pleasure for our hotel guests<\/h1>\n\t\t\t\t\t<\/div>\n\t\t\t\t<\/div>\n\t\t\t\t                <div class=\"bildslider bildslider-852154317\">\n                    <div class=\"swiper-wrapper\">\n\t\t\t\t\t\t                        <div class=\"swiper-slide padd_r\">\n                            <a href=\"https:\/\/engstligenalp.ch\/wp-content\/uploads\/restaurant_1-jpg.webp\" class=\"img_grid enlarge2\">\n                                <img decoding=\"async\" src=\"https:\/\/engstligenalp.ch\/wp-content\/uploads\/restaurant_1-jpg.webp\" class=\"img-fluid\" dtitle=\"App 1\" alt=\"\" title=\"\">\n                            <\/a>\n                        <\/div>\n                                              <div class=\"swiper-slide padd_r\">\n                            <a href=\"https:\/\/engstligenalp.ch\/wp-content\/uploads\/restaurant_2-jpg.webp\" class=\"img_grid enlarge2\">\n                                <img decoding=\"async\" src=\"https:\/\/engstligenalp.ch\/wp-content\/uploads\/restaurant_2-jpg.webp\" class=\"img-fluid\" dtitle=\"App 1\" alt=\"\" title=\"\">\n                            <\/a>\n                        <\/div>\n                                              <div class=\"swiper-slide padd_r\">\n                            <a href=\"https:\/\/engstligenalp.ch\/wp-content\/uploads\/restaurant_3-jpg.webp\" class=\"img_grid enlarge2\">\n                                <img decoding=\"async\" src=\"https:\/\/engstligenalp.ch\/wp-content\/uploads\/restaurant_3-jpg.webp\" class=\"img-fluid\" dtitle=\"App 1\" alt=\"\" title=\"\">\n                            <\/a>\n                        <\/div>\n                                              <div class=\"swiper-slide padd_r\">\n                            <a href=\"https:\/\/engstligenalp.ch\/wp-content\/uploads\/restaurant_4-jpg.webp\" class=\"img_grid enlarge2\">\n                                <img decoding=\"async\" src=\"https:\/\/engstligenalp.ch\/wp-content\/uploads\/restaurant_4-jpg.webp\" class=\"img-fluid\" dtitle=\"App 1\" alt=\"\" title=\"\">\n                            <\/a>\n                        <\/div>\n                                              <div class=\"swiper-slide padd_r\">\n                            <a href=\"https:\/\/engstligenalp.ch\/wp-content\/uploads\/restaurant_5-jpg.webp\" class=\"img_grid enlarge2\">\n                                <img decoding=\"async\" src=\"https:\/\/engstligenalp.ch\/wp-content\/uploads\/restaurant_5-jpg.webp\" class=\"img-fluid\" dtitle=\"App 1\" alt=\"\" title=\"\">\n                            <\/a>\n                        <\/div>\n                                              <div class=\"swiper-slide padd_r\">\n                            <a href=\"https:\/\/engstligenalp.ch\/wp-content\/uploads\/restaurant_6-jpg.webp\" class=\"img_grid enlarge2\">\n                                <img decoding=\"async\" src=\"https:\/\/engstligenalp.ch\/wp-content\/uploads\/restaurant_6-jpg.webp\" class=\"img-fluid\" dtitle=\"App 1\" alt=\"\" title=\"\">\n                            <\/a>\n                        <\/div>\n                                              <div class=\"swiper-slide padd_r\">\n                            <a href=\"https:\/\/engstligenalp.ch\/wp-content\/uploads\/restaurant_7-jpg.webp\" class=\"img_grid enlarge2\">\n                                <img decoding=\"async\" src=\"https:\/\/engstligenalp.ch\/wp-content\/uploads\/restaurant_7-jpg.webp\" class=\"img-fluid\" dtitle=\"App 1\" alt=\"\" title=\"\">\n                            <\/a>\n                        <\/div>\n                                              <div class=\"swiper-slide padd_r\">\n                            <a href=\"https:\/\/engstligenalp.ch\/wp-content\/uploads\/restaurant_8-jpg.webp\" class=\"img_grid enlarge2\">\n                                <img decoding=\"async\" src=\"https:\/\/engstligenalp.ch\/wp-content\/uploads\/restaurant_8-jpg.webp\" class=\"img-fluid\" dtitle=\"App 1\" alt=\"\" title=\"\">\n                            <\/a>\n                        <\/div>\n                                          <\/div>\n                    <div class=\"swipe_arrows\">\n                        <div class=\"button-next button-next-852154317\"><\/div>\n                        <div class=\"button-prev button-prev-852154317\"><\/div>\n                    <\/div>\n                <\/div>\n            <\/div>\n        <\/section>\n<script src=\"https:\/\/cdnjs.cloudflare.com\/ajax\/libs\/Swiper\/7.3.0\/swiper-bundle.min.js\"><\/script>\n<script>\n \/**\n     * Bildslider slider\n     *\/\n    new Swiper('.bildslider-852154317', {\n        speed: 600,\n        slidesPerView: 1,\n        spaceBetween: 10,\n        centeredSlides: false,\n        loop: false,\n        navigation: {\n            nextEl: \".button-next-852154317\",\n            prevEl: \".button-prev-852154317\",\n        },\n        breakpoints: {\n            640: {\n                slidesPerView: 1,\n                spaceBetween: 10,\n            },\n            768: {\n                slidesPerView: 3,\n                spaceBetween: 10,\n            },\n            1024: {\n                slidesPerView: 4,\n                spaceBetween: 15,\n            },\n        },\n    });\n<\/script>  \n\n\n        <section class=\"shaper space_b text-light cta\">\n            <div class=\"triagles_effects full__width_effect shape ondesktop\">\n                <div><\/div>\n                <div class=\"right_bottom_lightblue\" data-aos=\"flip-right\" data-aos-delay=\"100\"><\/div>\n                <div><\/div>\n                <div class=\"right_bottom_grey\" data-aos=\"flip-right\" data-aos-delay=\"200\"><\/div>\n                <div class=\"left_top_green\" data-aos=\"flip-right\" data-aos-delay=\"300\"><\/div>\n                <div class=\"left_top_blue\" data-aos=\"flip-right\" data-aos-delay=\"300\"><\/div>\n                <div class=\"left_top_lightblue\" data-aos=\"flip-right\" data-aos-delay=\"300\"><\/div>\n                <div class=\"right_top_blue\" data-aos=\"flip-right\" data-aos-delay=\"300\"><\/div>\n                <div><\/div>\n                <div class=\"right_top_white\" data-aos=\"flip-right\" data-aos-delay=\"400\"><\/div>\n                <div class=\"left_top_green\" data-aos=\"flip-right\" data-aos-delay=\"400\"><\/div>\n                <div class=\"left_top_lightblue\" data-aos=\"flip-right\" data-aos-delay=\"500\"><\/div>\n            <\/div>\n\t\t\t<div class=\"triagles_effects full__width_effect shape onmobile\">\n                <div><\/div>\n                <div class=\"right_bottom_lightblue\"><\/div>\n                <div><\/div>\n                <div class=\"right_bottom_grey\"><\/div>\n                <div class=\"left_top_green\"><\/div>\n                <div class=\"left_top_blue\"><\/div>\n                <div class=\"left_top_lightblue\"><\/div>\n                <div class=\"right_top_blue\"><\/div>\n                <div><\/div>\n                <div class=\"right_top_lightblue\"><\/div>\n                <div class=\"left_top_grey\"><\/div>\n                <div class=\"left_top_lightblue\"><\/div>\n            <\/div>\n            <div class=\"container-full\">\n            <div class=\"max_90_d\">\n                <div class=\"row \">\n                    <h3 class=\"mb-0 heading shaper__text\">A voucher for the mountain hotel is a wonderful gift idea!<\/h3>\n\t\t\t\t\t\t\t\t\t\t\t<div class=\"mt-4\">\n\t\t\t\t\t\t\t\t\t\t\t<a href=\"https:\/\/shop.e-guma.ch\/engstligenalp\/en\/gutscheine\" target=\"_BLANK\" class=\"btn btn-success btn-rounded\" rel=\"nofollow noopener\">To the voucher overview<\/a>\t\t\t\t\t<\/div>                \t<\/div>\n                <\/div>\n            <\/div>\n        <\/section>","protected":false},"excerpt":{"rendered":"","protected":false},"author":1,"featured_media":21890,"parent":9121,"menu_order":48,"comment_status":"closed","ping_status":"closed","template":"","meta":{"_acf_changed":false,"footnotes":""},"class_list":["post-9180","page","type-page","status-publish","has-post-thumbnail","hentry"],"acf":[],"publishpress_future_workflow_manual_trigger":{"enabledWorkflows":[]},"_links":{"self":[{"href":"https:\/\/engstligenalp.ch\/en\/wp-json\/wp\/v2\/pages\/9180","targetHints":{"allow":["GET"]}}],"collection":[{"href":"https:\/\/engstligenalp.ch\/en\/wp-json\/wp\/v2\/pages"}],"about":[{"href":"https:\/\/engstligenalp.ch\/en\/wp-json\/wp\/v2\/types\/page"}],"author":[{"embeddable":true,"href":"https:\/\/engstligenalp.ch\/en\/wp-json\/wp\/v2\/users\/1"}],"replies":[{"embeddable":true,"href":"https:\/\/engstligenalp.ch\/en\/wp-json\/wp\/v2\/comments?post=9180"}],"version-history":[{"count":47,"href":"https:\/\/engstligenalp.ch\/en\/wp-json\/wp\/v2\/pages\/9180\/revisions"}],"predecessor-version":[{"id":34473,"href":"https:\/\/engstligenalp.ch\/en\/wp-json\/wp\/v2\/pages\/9180\/revisions\/34473"}],"up":[{"embeddable":true,"href":"https:\/\/engstligenalp.ch\/en\/wp-json\/wp\/v2\/pages\/9121"}],"wp:featuredmedia":[{"embeddable":true,"href":"https:\/\/engstligenalp.ch\/en\/wp-json\/wp\/v2\/media\/21890"}],"wp:attachment":[{"href":"https:\/\/engstligenalp.ch\/en\/wp-json\/wp\/v2\/media?parent=9180"}],"curies":[{"name":"wp","href":"https:\/\/api.w.org\/{rel}","templated":true}]}}