{"id":12824,"date":"2022-05-31T14:07:22","date_gmt":"2022-05-31T12:07:22","guid":{"rendered":"https:\/\/engstligenalp.ch\/?page_id=12824"},"modified":"2026-04-15T09:33:33","modified_gmt":"2026-04-15T07:33:33","slug":"contact","status":"publish","type":"page","link":"https:\/\/engstligenalp.ch\/fr\/contact\/","title":{"rendered":"Contact"},"content":{"rendered":"\n    <section class=\"full_grid text-light\">\n        <div class=\"container-full\">\n            <div class=\"max_90_d\">\n                <div class=\"row\">\n                                            <h1 class=\"mb-4 heading\">Contact<\/h1>\n                                        <div class=\"col-md-8\">\n                        <p>Tu as une question, une remarque ou simplement un message ? Alors n&rsquo;h\u00e9site pas \u00e0 nous contacter. Nous sommes \u00e0 ta disposition et nous te contacterons le plus rapidement possible !<\/p>\n<p>Nous sommes disponibles par t\u00e9l\u00e9phone comme suit :<\/p>\n<p><span class=\"NormalTextRun SCXW79686653 BCX0\">jusqu&rsquo;au 03\/05\/2026 Lundi &#8211; Dimanche, 08h30 &#8211; 17h00<\/span><\/p>\n<p>04.05. &#8211; 12.06.2026 Lundi &#8211; vendredi, 10h00 &#8211; 16h00<\/p>\n<p>\u00e0 partir du 13.06.2026 lundi &#8211; dimanche, 08h30 &#8211; 17h00<\/p>\n                                            <\/div>\n                                    <\/div>\n            <\/div>\n        <\/div>\n    <\/section>\n\n\n<div class=\"wp-block-contact-form-7-contact-form-selector\">\n<div class=\"wpcf7 no-js\" id=\"wpcf7-f10508-o1\" lang=\"fr-FR\" dir=\"ltr\" data-wpcf7-id=\"10508\">\n<div class=\"screen-reader-response\"><p role=\"status\" aria-live=\"polite\" aria-atomic=\"true\"><\/p> <ul><\/ul><\/div>\n<form action=\"\/fr\/wp-json\/wp\/v2\/pages\/12824#wpcf7-f10508-o1\" method=\"post\" class=\"wpcf7-form init\" aria-label=\"Formulaire de contact\" novalidate=\"novalidate\" data-status=\"init\">\n<fieldset class=\"hidden-fields-container\"><input type=\"hidden\" name=\"_wpcf7\" value=\"10508\" \/><input type=\"hidden\" name=\"_wpcf7_version\" value=\"6.1.3\" \/><input type=\"hidden\" name=\"_wpcf7_locale\" value=\"fr_FR\" \/><input type=\"hidden\" name=\"_wpcf7_unit_tag\" value=\"wpcf7-f10508-o1\" \/><input type=\"hidden\" name=\"_wpcf7_container_post\" value=\"0\" \/><input type=\"hidden\" name=\"_wpcf7_posted_data_hash\" value=\"\" \/><input type=\"hidden\" name=\"_wpcf7_recaptcha_response\" value=\"\" \/>\n<\/fieldset>\n<section class=\"Kontakt text-light\" style=\"background: #709DCD;\">\n\t<div class=\"container-full mb-5\">\n\t\t<div class=\"row max_90_d text-center\">\n\t\t\t<h2 class=\"mb-4 heading\">Formulaire de contact.\n\t\t\t<\/h2>\n\t\t\t<p class=\"col-md-8 col-12 offset-md-2\">Important : Les champs de saisie marqu\u00e9s d'un ast\u00e9risque * sont obligatoires !\n\t\t\t<\/p>\n\t\t<\/div>\n\t<\/div>\n\t<div class=\"container\">\n\t\t<div class=\"row g-3 needs-validation kontakt_form m-2\">\n\t\t\t<div class=\"col-md-6 mb-1\">\n\t\t\t\t<p><span class=\"wpcf7-form-control-wrap\" data-name=\"Vorname\"><input size=\"40\" maxlength=\"400\" class=\"wpcf7-form-control wpcf7-text wpcf7-validates-as-required form-control\" aria-required=\"true\" aria-invalid=\"false\" placeholder=\"Pr\u00e9nom *\" value=\"\" type=\"text\" name=\"Vorname\" \/><\/span>\n\t\t\t\t<\/p>\n\t\t\t<\/div>\n\t\t\t<div class=\"col-md-6 mb-1\">\n\t\t\t\t<p><span class=\"wpcf7-form-control-wrap\" data-name=\"Nachname\"><input size=\"40\" maxlength=\"400\" class=\"wpcf7-form-control wpcf7-text wpcf7-validates-as-required form-control\" aria-required=\"true\" aria-invalid=\"false\" placeholder=\"Nom de famille *\" value=\"\" type=\"text\" name=\"Nachname\" \/><\/span>\n\t\t\t\t<\/p>\n\t\t\t<\/div>\n\t\t\t<div class=\"col-md-6 mb-1\">\n\t\t\t\t<p><span class=\"wpcf7-form-control-wrap\" data-name=\"E-Mail-Adresse\"><input size=\"40\" maxlength=\"400\" class=\"wpcf7-form-control wpcf7-email wpcf7-validates-as-required wpcf7-text wpcf7-validates-as-email form-control\" aria-required=\"true\" aria-invalid=\"false\" placeholder=\"Adresse \u00e9lectronique *\" value=\"\" type=\"email\" name=\"E-Mail-Adresse\" \/><\/span>\n\t\t\t\t<\/p>\n\t\t\t<\/div>\n\t\t\t<div class=\"col-md-6 mb-1\">\n\t\t\t\t<p><span class=\"wpcf7-form-control-wrap\" data-name=\"Telefon\"><input size=\"40\" maxlength=\"400\" class=\"wpcf7-form-control wpcf7-tel wpcf7-text wpcf7-validates-as-tel form-control\" aria-invalid=\"false\" placeholder=\"T\u00e9l\u00e9phone\" value=\"\" type=\"tel\" name=\"Telefon\" \/><\/span>\n\t\t\t\t<\/p>\n\t\t\t<\/div>\n\t\t\t<div class=\"col-md-12 mb-1\">\n\t\t\t\t<p><span class=\"wpcf7-form-control-wrap\" data-name=\"Betreff\"><input size=\"40\" maxlength=\"400\" class=\"wpcf7-form-control wpcf7-text wpcf7-validates-as-required form-control\" aria-required=\"true\" aria-invalid=\"false\" placeholder=\"Sujet *\" value=\"\" type=\"text\" name=\"Betreff\" \/><\/span>\n\t\t\t\t<\/p>\n\t\t\t<\/div>\n\t\t\t<div class=\"col-md-12 mb-1\">\n\t\t\t\t<p><span class=\"wpcf7-form-control-wrap\" data-name=\"Nachricht\"><textarea cols=\"40\" rows=\"10\" maxlength=\"2000\" class=\"wpcf7-form-control wpcf7-textarea wpcf7-validates-as-required form-control\" aria-required=\"true\" aria-invalid=\"false\" placeholder=\"Message *\" name=\"Nachricht\"><\/textarea><\/span>\n\t\t\t\t<\/p>\n\t\t\t<\/div>\n\t\t\t<div class=\"col-12 mb-3\">\n\t\t\t\t<div>\n\t\t\t\t\t<p><span class=\"wpcf7-form-control-wrap\" data-name=\"dgsvo\"><span class=\"wpcf7-form-control wpcf7-checkbox wpcf7-validates-as-required\"><span class=\"wpcf7-list-item first last\"><input type=\"checkbox\" name=\"dgsvo[]\" value=\"J&#039;accepte la d\u00e9claration de confidentialit\u00e9\" \/><span class=\"wpcf7-list-item-label\">J&#039;accepte la d\u00e9claration de confidentialit\u00e9<\/span><\/span><\/span><\/span>\n\t\t\t\t\t<\/p>\n\t\t\t\t<\/div>\n\t\t\t<\/div>\n\t\t\t<div class=\"col-12\">\n\t\t\t<div class=\"wpcf7-response-output\" aria-hidden=\"true\"><\/div>\n\t\t\t\t<p><input class=\"wpcf7-form-control wpcf7-submit has-spinner btn btn-success btn-rounded\" type=\"submit\" value=\"Envoyer\" \/>\n\t\t\t\t<\/p>\n\t\t\t<\/div>\n\t\t<\/div>\n\t<\/div>\n<\/section>\n<\/form>\n<\/div>\n<\/div>\n<div id=\"newsletter\">&nbsp;<\/div>\n\n<div class=\"wp-block-contact-form-7-contact-form-selector\">\n<div class=\"wpcf7 no-js\" id=\"wpcf7-f10510-o2\" lang=\"fr-FR\" dir=\"ltr\" data-wpcf7-id=\"10510\">\n<div class=\"screen-reader-response\"><p role=\"status\" aria-live=\"polite\" aria-atomic=\"true\"><\/p> <ul><\/ul><\/div>\n<form action=\"\/fr\/wp-json\/wp\/v2\/pages\/12824#wpcf7-f10510-o2\" method=\"post\" class=\"wpcf7-form init\" aria-label=\"Formulaire de contact\" novalidate=\"novalidate\" data-status=\"init\">\n<fieldset class=\"hidden-fields-container\"><input type=\"hidden\" name=\"_wpcf7\" value=\"10510\" \/><input type=\"hidden\" name=\"_wpcf7_version\" value=\"6.1.3\" \/><input type=\"hidden\" name=\"_wpcf7_locale\" value=\"fr_FR\" \/><input type=\"hidden\" name=\"_wpcf7_unit_tag\" value=\"wpcf7-f10510-o2\" \/><input type=\"hidden\" name=\"_wpcf7_container_post\" value=\"0\" \/><input type=\"hidden\" name=\"_wpcf7_posted_data_hash\" value=\"\" \/><input type=\"hidden\" name=\"_wpcf7_recaptcha_response\" value=\"\" \/>\n<\/fieldset>\n<section class=\"newsletter text-light\">\n\t<div class=\"container-full mb-4\">\n\t\t<div class=\"row max_90_d\" data-aos=\"fade-up\" data-aos-delay=\"200\">\n\t\t\t<h1 class=\"mb-4 heading mb-1\">Bulletin d'information. Inscription.\n\t\t\t<\/h1>\n\t\t\t<p class=\"col-md-6\">Avec notre newsletter, tu seras toujours au courant des derni\u00e8res nouveaut\u00e9s. Des informations sur l'entreprise, des \u00e9v\u00e9nements et bien d'autres sujets passionnants t'attendent.\n\t\t\t<\/p>\n\t\t<\/div>\n\t<\/div>\n\t<div class=\"container-full\" data-aos=\"fade-up\" data-aos-delay=\"300\">\n\t\t<div class=\"row max_90_d g-3 newsletter_form\">\n\t\t\t<div class=\"col-md-3 mb-1 mr-1\">\n\t\t\t\t<p><span class=\"wpcf7-form-control-wrap\" data-name=\"mc4wp-FNAME\"><input size=\"40\" maxlength=\"400\" class=\"wpcf7-form-control wpcf7-text wpcf7-validates-as-required form-control\" aria-required=\"true\" aria-invalid=\"false\" placeholder=\"Pr\u00e9nom\" value=\"\" type=\"text\" name=\"mc4wp-FNAME\" \/><\/span>\n\t\t\t\t<\/p>\n\t\t\t<\/div>\n\t\t\t<div class=\"col-md-3 mb-1\">\n\t\t\t\t<p><span class=\"wpcf7-form-control-wrap\" data-name=\"mc4wp-LNAME\"><input size=\"40\" maxlength=\"400\" class=\"wpcf7-form-control wpcf7-text wpcf7-validates-as-required form-control\" aria-required=\"true\" aria-invalid=\"false\" placeholder=\"Nom de famille\" value=\"\" type=\"text\" name=\"mc4wp-LNAME\" \/><\/span>\n\t\t\t\t<\/p>\n\t\t\t<\/div>\n\t\t\t<div class=\"col-md-6 m-0 p-0\">\n\t\t\t<\/div>\n\t\t\t<div class=\"col-md-6 mb-1\">\n\t\t\t\t<p><span class=\"wpcf7-form-control-wrap\" data-name=\"mc4wp-EMAIL\"><input size=\"40\" maxlength=\"400\" class=\"wpcf7-form-control wpcf7-text wpcf7-validates-as-required form-control\" aria-required=\"true\" aria-invalid=\"false\" placeholder=\"Adresse \u00e9lectronique\" value=\"\" type=\"text\" name=\"mc4wp-EMAIL\" \/><\/span>\n\t\t\t\t<\/p>\n\t\t\t<\/div>\n\t\t\t<div class=\"col-md-6\">\n\t\t\t<\/div>\n\t\t\t<div class=\"col-md-12 \">\n\t\t\t\t<p><!-- Mailchimp for WordPress v4.10.8 - https:\/\/www.mc4wp.com\/ --><input type=\"hidden\" name=\"_mc4wp_subscribe_contact-form-7\" value=\"0\" \/><span class=\"mc4wp-checkbox mc4wp-checkbox-contact-form-7 \"><label><input type=\"checkbox\" name=\"_mc4wp_subscribe_contact-form-7\" value=\"1\" ><span>Ich akzeptiere die Datenschutzerkl\u00e4rung<\/span><\/label><\/span><!-- \/ Mailchimp for WordPress -->\n\t\t\t\t<\/p>\n\t\t\t<\/div>\n\t\t\t<div class=\"col-md-6 mt-2 mb-4\">\n\t\t\t\t<p><small>Toutes les donn\u00e9es ne seront utilis\u00e9es qu'aux fins indiqu\u00e9es et ne seront pas transmises \u00e0 des tiers non concern\u00e9s. Tous les contenus publi\u00e9s sont soumis \u00e0 la protection des droits d'auteur ainsi qu'\u00e0 d'autres lois de protection et ne peuvent \u00eatre copi\u00e9s, diffus\u00e9s ou modifi\u00e9s \u00e0 des fins commerciales sans autorisation expresse.<\/small>\n\t\t\t\t<\/p>\n\t\t\t<\/div>\n\t\t\t<div class=\"col-12\">\n\t\t\t<div class=\"wpcf7-response-output\" aria-hidden=\"true\"><\/div>\n\t\t\t\t<p><input class=\"wpcf7-form-control wpcf7-submit has-spinner btn btn-success btn-rounded\" type=\"submit\" value=\"S&#039;abonner\" \/>\n\t\t\t\t<\/p>\n\t\t\t<\/div>\n\t\t<\/div>\n\t<\/div>\n<\/section>\n<\/form>\n<\/div>\n<\/div>\n    <section class=\"faq text-light\" style=\"overflow: hidden;\" >\n        <div class=\"container-full\" data-aos=\"fade-up\">\n            <div class=\"triagles_effects middle_effect\">\n                <div class=\"half_left_lightblue\"><\/div>\n            <\/div>\n            <div class=\"max_90_d\">\n                <div class=\"row \">\n                    <h2 class=\"mb-4 heading\">Tous les interlocuteurs en un coup d&rsquo;\u0153il<\/h2>\n                                            <div class=\"col-md-7 mb-5\"><p>R\u00e9server un igloo ou acheter un forfait de ski ? Tu trouveras ici un aper\u00e7u de toutes les donn\u00e9es de contact &#8211; nous nous r\u00e9jouissons de ta demande !<\/p>\n<\/div>\n                                    <\/div>\n                <div class=\"\">\n                    <div class=\"row\">\n                        <div class=\"faq-list faq-list-756532528\">\n                            <ul>\n                                                                    <li data-aos=\"fade-up\" data-aos-delay=\"100\" class=\"faq_item\">\n                                        <div data-bs-toggle=\"collapse\" class=\"collapse f_bold collapsed\" data-bs-target=\"#faq-list-01353801780\">\n                                            Bergbahnen Engstligenalp AG <i class=\"bx bx-plus icon-show\"><\/i>\n                                            <i class=\"bx bx-minus icon-close\"><\/i>\n                                        <\/div>\n                                        <div id=\"faq-list-01353801780\" class=\"collapse\" data-bs-parent=\".faq-list-756532528\">\n                                            <p>Engstligenstrasse 75<br \/>\n3715 Adelboden<\/p>\n<p>T\u00e9l. : +41 (0)33 673 32 70<br \/>\n<a href=\"mailto:info@engstligenalp.ch\">info@engstligenalp.ch<\/a><\/p>\n<p>SOS Secours sur pistes : +41 (0)33 673 26 80<\/p>\n                                                                                    <\/div>\n                                    <\/li>\n                                                                    <li data-aos=\"fade-up\" data-aos-delay=\"100\" class=\"faq_item\">\n                                        <div data-bs-toggle=\"collapse\" class=\"collapse f_bold collapsed\" data-bs-target=\"#faq-list-11977930514\">\n                                            Berghotel Engstligenalp <i class=\"bx bx-plus icon-show\"><\/i>\n                                            <i class=\"bx bx-minus icon-close\"><\/i>\n                                        <\/div>\n                                        <div id=\"faq-list-11977930514\" class=\"collapse\" data-bs-parent=\".faq-list-756532528\">\n                                            <p>Engstligenalp<br \/>\n3715 Adelboden<\/p>\n<p>T\u00e9l. : +41 (0)33 673 22 91<br \/>\n<a href=\"mailto:berghotel@engstligenalp.ch\">berghotel@engstligenalp.ch<\/a><\/p>\n                                                                                    <\/div>\n                                    <\/li>\n                                                                    <li data-aos=\"fade-up\" data-aos-delay=\"100\" class=\"faq_item\">\n                                        <div data-bs-toggle=\"collapse\" class=\"collapse f_bold collapsed\" data-bs-target=\"#faq-list-22055315544\">\n                                            Igloo \u00e0 fondue <i class=\"bx bx-plus icon-show\"><\/i>\n                                            <i class=\"bx bx-minus icon-close\"><\/i>\n                                        <\/div>\n                                        <div id=\"faq-list-22055315544\" class=\"collapse\" data-bs-parent=\".faq-list-756532528\">\n                                            <p>Berghotel Engstligenalp AG<\/p>\n<p>Fondue-Igloo<br \/>\nEngstligenalp<br \/>\n3715 Adelboden<\/p>\n<p>T\u00e9l. : +41 (0)33 673 03 06<br \/>\n<a href=\"mailto:kontakt@fondue-iglu.ch\">kontakt@fondue-iglu.ch<\/a><\/p>\n                                                                                    <\/div>\n                                    <\/li>\n                                                                    <li data-aos=\"fade-up\" data-aos-delay=\"100\" class=\"faq_item\">\n                                        <div data-bs-toggle=\"collapse\" class=\"collapse f_bold collapsed\" data-bs-target=\"#faq-list-32041536755\">\n                                            Chalet \u00e0 raclette <i class=\"bx bx-plus icon-show\"><\/i>\n                                            <i class=\"bx bx-minus icon-close\"><\/i>\n                                        <\/div>\n                                        <div id=\"faq-list-32041536755\" class=\"collapse\" data-bs-parent=\".faq-list-756532528\">\n                                            <p>Racletteh\u00fctte Engstligenalp<br \/>\n3715 Adelboden<\/p>\n<p>T\u00e9l. : +41 (0)33 673 03 07<br \/>\n<a href=\"mailto:kontakt@raclettehuette.ch\">kontakt@raclettehuette.ch<\/a><\/p>\n                                                                                    <\/div>\n                                    <\/li>\n                                                                    <li data-aos=\"fade-up\" data-aos-delay=\"100\" class=\"faq_item\">\n                                        <div data-bs-toggle=\"collapse\" class=\"collapse f_bold collapsed\" data-bs-target=\"#faq-list-42028077924\">\n                                            \u00c9v\u00e9nements <i class=\"bx bx-plus icon-show\"><\/i>\n                                            <i class=\"bx bx-minus icon-close\"><\/i>\n                                        <\/div>\n                                        <div id=\"faq-list-42028077924\" class=\"collapse\" data-bs-parent=\".faq-list-756532528\">\n                                            <p>Engstligenstrasse 75<br \/>\n3715 Adelboden<\/p>\n<p>T\u00e9l. : +41 (0)33 673 34 51<br \/>\n<a href=\"mailto:events@engstligenalp.ch\">events@engstligenalp.ch<\/a><\/p>\n                                                                                    <\/div>\n                                    <\/li>\n                                                                    <li data-aos=\"fade-up\" data-aos-delay=\"100\" class=\"faq_item\">\n                                        <div data-bs-toggle=\"collapse\" class=\"collapse f_bold collapsed\" data-bs-target=\"#faq-list-51470282163\">\n                                            Restaurant Steghorn <i class=\"bx bx-plus icon-show\"><\/i>\n                                            <i class=\"bx bx-minus icon-close\"><\/i>\n                                        <\/div>\n                                        <div id=\"faq-list-51470282163\" class=\"collapse\" data-bs-parent=\".faq-list-756532528\">\n                                            <p>Engstligenalp<br \/>\n3715 Adelboden<\/p>\n<p>T\u00e9l. : +41 (0)79 663 83 14<br \/>\n<a href=\"mailto:info@steghorn.ch\">info@steghorn.ch<\/a><br \/>\n<a href=\"http:\/\/www.steghorn.ch\/\" target=\"_blank\" rel=\"noopener nofollow\">www.steghorn.ch<\/a><\/p>\n                                                                                    <\/div>\n                                    <\/li>\n                                                                    <li data-aos=\"fade-up\" data-aos-delay=\"100\" class=\"faq_item\">\n                                        <div data-bs-toggle=\"collapse\" class=\"collapse f_bold collapsed\" data-bs-target=\"#faq-list-61160897677\">\n                                            Restaurant Bergbach <i class=\"bx bx-plus icon-show\"><\/i>\n                                            <i class=\"bx bx-minus icon-close\"><\/i>\n                                        <\/div>\n                                        <div id=\"faq-list-61160897677\" class=\"collapse\" data-bs-parent=\".faq-list-756532528\">\n                                            <p>Engstligenstrasse 77<br \/>\n3715 Adelboden<\/p>\n<p>T\u00e9l. +41 (0)76 489 37 15<br \/>\n<a class=\"x-el x-el-a c1-33 c1-34 c1-35 c1-36 c1-37 c1-45 c1-38 c1-b c1-cu c1-c c1-3f c1-d4 c1-d5 c1-d c1-e c1-f c1-g\" role=\"link\" href=\"mailto:restaurantbergbach@gmail.com\" rel=\"\" data-ux=\"Link\" data-aid=\"CONTACT_INFO_EMAIL_REND\" data-typography=\"LinkAlpha\" data-tccl=\"ux2.CONTACT.contact7.Content.Default.Link.Default.143040.click,click\">restaurantbergbach@gmail.com<\/a><\/p>\n                                                                                    <\/div>\n                                    <\/li>\n                                                            <\/ul>\n                        <\/div>\n                    <\/div>\n                    <div class=\"right_top_green magic to_right2 to_bottom z-before p-0\" data-bottom-center=\"transform: translate(0,5vh)\" data-top-center=\"transform: translate(0,-15vh)\"><\/div>\n                <\/div>\n            <\/div>\n        <\/div>\n    <\/section>\n","protected":false},"excerpt":{"rendered":"<p>&nbsp;<\/p>\n","protected":false},"author":1,"featured_media":0,"parent":0,"menu_order":7,"comment_status":"closed","ping_status":"closed","template":"","meta":{"_acf_changed":false,"footnotes":""},"class_list":["post-12824","page","type-page","status-publish","hentry"],"acf":[],"publishpress_future_workflow_manual_trigger":{"enabledWorkflows":[]},"_links":{"self":[{"href":"https:\/\/engstligenalp.ch\/fr\/wp-json\/wp\/v2\/pages\/12824","targetHints":{"allow":["GET"]}}],"collection":[{"href":"https:\/\/engstligenalp.ch\/fr\/wp-json\/wp\/v2\/pages"}],"about":[{"href":"https:\/\/engstligenalp.ch\/fr\/wp-json\/wp\/v2\/types\/page"}],"author":[{"embeddable":true,"href":"https:\/\/engstligenalp.ch\/fr\/wp-json\/wp\/v2\/users\/1"}],"replies":[{"embeddable":true,"href":"https:\/\/engstligenalp.ch\/fr\/wp-json\/wp\/v2\/comments?post=12824"}],"version-history":[{"count":54,"href":"https:\/\/engstligenalp.ch\/fr\/wp-json\/wp\/v2\/pages\/12824\/revisions"}],"predecessor-version":[{"id":35544,"href":"https:\/\/engstligenalp.ch\/fr\/wp-json\/wp\/v2\/pages\/12824\/revisions\/35544"}],"wp:attachment":[{"href":"https:\/\/engstligenalp.ch\/fr\/wp-json\/wp\/v2\/media?parent=12824"}],"curies":[{"name":"wp","href":"https:\/\/api.w.org\/{rel}","templated":true}]}}