{"id":15818,"date":"2024-01-23T12:26:13","date_gmt":"2024-01-23T11:26:13","guid":{"rendered":"https:\/\/engstligenalp.ch\/?page_id=15818"},"modified":"2026-04-15T21:30:36","modified_gmt":"2026-04-15T19:30:36","slug":"bockbar","status":"publish","type":"page","link":"https:\/\/engstligenalp.ch\/fr\/hiver\/repas\/bockbar\/","title":{"rendered":"Bar \u00e0 tr\u00e9teaux"},"content":{"rendered":"\n    <section class=\"full_grid text-light\">\n        <div class=\"container-full\">\n            <div class=\"max_90_d\">\n                <div class=\"row\">\n                                            <h1 class=\"mb-4 heading\">Apr\u00e8s-ski avec vue<\/h1>\n                                        <div class=\"col-md-8\">\n                        <p>Le Bockbar est l&rsquo;endroit id\u00e9al o\u00f9 tu peux te ressourcer et d\u00e9compresser apr\u00e8s une journ\u00e9e passionnante dans la neige. D\u00e9tends-toi, savoure tes boissons pr\u00e9f\u00e9r\u00e9es et sens la chaleur des rayons du soleil. Nous nous r\u00e9jouissons de t&rsquo;accueillir dans notre bar apr\u00e8s-ski !<\/p>\n                                            <\/div>\n                                    <\/div>\n            <\/div>\n        <\/div>\n    <\/section>\n\n\n     \n            <section class=\"column_in_2\" >\n                <div class=\"container-full\">\n                    <div class=\"triagles_effects half_effect_quatre\" data-aos=\"fade-up\" data-aos-delay=\"600\">\n                        <div class=\"half_right_blue\"><\/div>\n                    <\/div>\n                    <div class=\"row max_90_d\">\n                        <div class=\"col-lg-7 p-0 mb-4 order-1 position-relative\" data-aos=\"fade-up\" data-aos-delay=\"200\">\n                            <img decoding=\"async\" src=\"https:\/\/engstligenalp.ch\/wp-content\/uploads\/Bockbar_Sonne_tanken.jpg\" class=\"img-fluid rounded-2 img-shadow\" alt=\"\" title=\"\">\n                        <\/div>\n                        <div class=\"col-lg-4 margin-left-3 order-2 content\" data-aos=\"fade-up\" data-aos-delay=\"200\">\n                            <h2 class=\"mb-4\">D\u00e9tente dans une chaise longue<\/h2>\n                            <div><p>Que vous pr\u00e9f\u00e9riez profiter du soleil \u00e0 l&rsquo;ext\u00e9rieur dans une chaise longue ou de la chaleur confortable \u00e0 l&rsquo;int\u00e9rieur, nous vous offrons l&rsquo;environnement parfait pour vous d\u00e9tendre.<br \/>\nNotre bar igloo est situ\u00e9 directement \u00e0 c\u00f4t\u00e9 du parc \u00e0 neige pour enfants, ce qui vous permet de vous plonger sans transition dans une atmosph\u00e8re chaleureuse apr\u00e8s une journ\u00e9e bien remplie sur les pistes.<br \/>\nVivez des moments inoubliables au c\u0153ur de la nature impressionnante de l&rsquo;Engstligenalp.<\/p>\n<\/div>\n                                                                                <\/div>\n                    <\/div>\n                <\/div>\n            <\/section>\n    \n    \n                <section class=\"column_in_2\" >\n                <div class=\"container-full\">\n                    <div class=\"row max_90_d\">\n                        <div class=\"col-lg-7 margin-left-3 order-md-2 p-0 mb-4 position-relative\" data-aos=\"fade-up\" data-aos-delay=\"200\">\n                            <div class=\"right_top_lightblue magic to_right to_top\" data-bottom-center=\"transform: translate(0,5vh)\" data-top-center=\"transform: translate(0,-15vh)\"><\/div>\n                            <img decoding=\"async\" src=\"https:\/\/engstligenalp.ch\/wp-content\/uploads\/Bockbar_innen-1.jpg\" class=\"img-fluid rounded-2 img-shadow\" alt=\"\" title=\"\">\n                            <div class=\"left_top_green magic to_left to_bottom\" data-bottom-center=\"transform: translate(0,10vh)\" data-top-center=\"transform: translate(0,-5vh)\"><\/div>\n                        <\/div>\n                        <div class=\"col-lg-4 order-md-1 content mb-3\" data-aos=\"fade-up\" data-aos-delay=\"200\">\n                            <h2 class=\"mb-4\">D\u00e9lices au bar<\/h2>\n                            <div><p>Notre personnel sympathique veille \u00e0 ce que ton s\u00e9jour chez nous soit inoubliable. Nous proposons un grand choix de boissons rafra\u00eechissantes et r\u00e9chauffantes pour que tu puisses te d\u00e9tendre au mieux apr\u00e8s une journ\u00e9e d&rsquo;action sur les pistes.<\/p>\n<p>Le Bockbar est ouvert tous les jours de 10h00 \u00e0 17h00 par beau temps. Le vendredi &amp; le samedi jusqu&rsquo;\u00e0 20h00, voire plus longtemps sur demande. <\/p>\n<\/div>\n                                                            <div class=\"mt-4\">\n                                    <a href=\"https:\/\/engstligenalp.ch\/wp-content\/uploads\/Karte-Bockbar_2025_26.pdf\" target=\"_BLANK\" class=\"btn btn-success btn-rounded\">Carte des plats et des boissons<\/a>\n                                <\/div>\n                                                                                <\/div>\n                    <\/div>\n                <\/div>\n            <\/section>\n    \n      \n\n\n        <section class=\"shaper space_b text-light cta\">\n            <div class=\"triagles_effects full__width_effect shape ondesktop\">\n                <div><\/div>\n                <div class=\"right_bottom_lightblue\" data-aos=\"flip-right\" data-aos-delay=\"100\"><\/div>\n                <div><\/div>\n                <div class=\"right_bottom_grey\" data-aos=\"flip-right\" data-aos-delay=\"200\"><\/div>\n                <div class=\"left_top_green\" data-aos=\"flip-right\" data-aos-delay=\"300\"><\/div>\n                <div class=\"left_top_blue\" data-aos=\"flip-right\" data-aos-delay=\"300\"><\/div>\n                <div class=\"left_top_lightblue\" data-aos=\"flip-right\" data-aos-delay=\"300\"><\/div>\n                <div class=\"right_top_blue\" data-aos=\"flip-right\" data-aos-delay=\"300\"><\/div>\n                <div><\/div>\n                <div class=\"right_top_white\" data-aos=\"flip-right\" data-aos-delay=\"400\"><\/div>\n                <div class=\"left_top_green\" data-aos=\"flip-right\" data-aos-delay=\"400\"><\/div>\n                <div class=\"left_top_lightblue\" data-aos=\"flip-right\" data-aos-delay=\"500\"><\/div>\n            <\/div>\n\t\t\t<div class=\"triagles_effects full__width_effect shape onmobile\">\n                <div><\/div>\n                <div class=\"right_bottom_lightblue\"><\/div>\n                <div><\/div>\n                <div class=\"right_bottom_grey\"><\/div>\n                <div class=\"left_top_green\"><\/div>\n                <div class=\"left_top_blue\"><\/div>\n                <div class=\"left_top_lightblue\"><\/div>\n                <div class=\"right_top_blue\"><\/div>\n                <div><\/div>\n                <div class=\"right_top_lightblue\"><\/div>\n                <div class=\"left_top_grey\"><\/div>\n                <div class=\"left_top_lightblue\"><\/div>\n            <\/div>\n            <div class=\"container-full\">\n            <div class=\"max_90_d\">\n                <div class=\"row \">\n                    <h3 class=\"mb-0 heading shaper__text\">Offre \u00e0 tes proches un bon pour l&rsquo;Engstligenalp !<\/h3>\n\t\t\t\t\t\t\t\t\t\t\t<div class=\"mt-4\">\n\t\t\t\t\t\t\t\t\t\t\t<a href=\"https:\/\/shop.e-guma.ch\/engstligenalp\/fr\" target=\"_BLANK\" class=\"btn btn-success btn-rounded\" rel=\"nofollow noopener\">Aper\u00e7u des bons d&rsquo;achat<\/a>\t\t\t\t\t<\/div>                \t<\/div>\n                <\/div>\n            <\/div>\n        <\/section>","protected":false},"excerpt":{"rendered":"","protected":false},"author":3,"featured_media":19010,"parent":9129,"menu_order":25,"comment_status":"closed","ping_status":"closed","template":"","meta":{"_acf_changed":false,"footnotes":""},"class_list":["post-15818","page","type-page","status-publish","has-post-thumbnail","hentry"],"acf":[],"publishpress_future_workflow_manual_trigger":{"enabledWorkflows":[]},"_links":{"self":[{"href":"https:\/\/engstligenalp.ch\/fr\/wp-json\/wp\/v2\/pages\/15818","targetHints":{"allow":["GET"]}}],"collection":[{"href":"https:\/\/engstligenalp.ch\/fr\/wp-json\/wp\/v2\/pages"}],"about":[{"href":"https:\/\/engstligenalp.ch\/fr\/wp-json\/wp\/v2\/types\/page"}],"author":[{"embeddable":true,"href":"https:\/\/engstligenalp.ch\/fr\/wp-json\/wp\/v2\/users\/3"}],"replies":[{"embeddable":true,"href":"https:\/\/engstligenalp.ch\/fr\/wp-json\/wp\/v2\/comments?post=15818"}],"version-history":[{"count":8,"href":"https:\/\/engstligenalp.ch\/fr\/wp-json\/wp\/v2\/pages\/15818\/revisions"}],"predecessor-version":[{"id":32778,"href":"https:\/\/engstligenalp.ch\/fr\/wp-json\/wp\/v2\/pages\/15818\/revisions\/32778"}],"up":[{"embeddable":true,"href":"https:\/\/engstligenalp.ch\/fr\/wp-json\/wp\/v2\/pages\/9129"}],"wp:featuredmedia":[{"embeddable":true,"href":"https:\/\/engstligenalp.ch\/fr\/wp-json\/wp\/v2\/media\/19010"}],"wp:attachment":[{"href":"https:\/\/engstligenalp.ch\/fr\/wp-json\/wp\/v2\/media?parent=15818"}],"curies":[{"name":"wp","href":"https:\/\/api.w.org\/{rel}","templated":true}]}}