{"id":17191,"date":"2024-02-13T16:49:20","date_gmt":"2024-02-13T15:49:20","guid":{"rendered":"https:\/\/engstligenalp.ch\/?page_id=17191"},"modified":"2026-04-15T17:56:32","modified_gmt":"2026-04-15T15:56:32","slug":"randonneesaski","status":"publish","type":"page","link":"https:\/\/engstligenalp.ch\/fr\/hiver\/vivre\/randonneesaski\/","title":{"rendered":"Randonn\u00e9es \u00e0 ski"},"content":{"rendered":"\n    <section class=\"full_grid text-light\">\n        <div class=\"container-full\">\n            <div class=\"max_90_d\">\n                <div class=\"row\">\n                                            <h1 class=\"mb-4 heading\">Paradis du ski de randonn\u00e9e Engstligenalp  <\/h1>\n                                        <div class=\"col-md-8\">\n                        <p>Plonge dans la fascination des randonn\u00e9es \u00e0 ski. Profite de l&rsquo;interaction entre le mouvement, l&rsquo;air frais et la nature pure au milieu de paysages intacts. D\u00e9couvre la beaut\u00e9 des montagnes et fais le plein d&rsquo;\u00e9nergie pour ton corps et ton esprit.<\/p>\n                                            <\/div>\n                                    <\/div>\n            <\/div>\n        <\/div>\n    <\/section>\n\n\n                <section class=\"column_in_2\" id=\"Billets\">\n                <div class=\"container-full\">\n                    <div class=\"triagles_effects half_effect_quatre right_side_effect\" data-aos=\"fade-up\" data-aos-delay=\"600\">\n                        <div class=\"half_right_lightblue\"><\/div>\n                    <\/div>\n                    <div class=\"row max_90_d\">\n                        <div class=\"col-lg-7 p-0 mb-4 mt-4 margin-left-3 order-md-2 position-relative\" data-aos=\"fade-up\" data-aos-delay=\"200\">\n                            <img decoding=\"async\" src=\"https:\/\/engstligenalp.ch\/wp-content\/uploads\/skitour_engstligenalp.jpg\" class=\"img-fluid rounded-2 img-shadow\" alt=\"\" title=\"\">\n                        <\/div>\n                        <div class=\"col-lg-4 order-md-1 content\" data-aos=\"fade-up\" data-aos-delay=\"200\">\n                            <h2 class=\"mb-4\">Enneigement garanti \u00e0 2000 m d&rsquo;altitude<\/h2>\n                            <div><p>La fascination des randonn\u00e9es \u00e0 ski t&rsquo;a gagn\u00e9 et tu cherches de nouveaux itin\u00e9raires ? L&rsquo;Engstligenalp propose une multitude de randonn\u00e9es de diff\u00e9rents niveaux de difficult\u00e9. Gr\u00e2ce \u00e0 sa situation \u00e0 2000 m d&rsquo;altitude, les randonn\u00e9es \u00e0 ski sont possibles jusqu&rsquo;en mai.<\/p>\n<p>En randonn\u00e9e \u00e0 ski, la s\u00e9curit\u00e9 est la premi\u00e8re des priorit\u00e9s. Avant de partir en randonn\u00e9e, tiens-toi toujours au courant du dernier bulletin d&rsquo;avalanches et \u00e9quipe-toi de l&rsquo;\u00e9quipement de s\u00e9curit\u00e9 n\u00e9cessaire.<\/p>\n<\/div>\n                                                            <div class=\"mt-4\">\n                                    <a href=\"https:\/\/whiterisk.ch\/fr\/snow\/station\/IMIS\/ADE2?returnMeasurementParameter=HEIGHT_NEW_SNOW_1D\" target=\"_BLANK\" class=\"btn btn-success btn-rounded\" rel=\"nofollow noopener\">Station de mesure du t\u00e9l\u00e9ski de Dossen<\/a>\n                                <\/div>\n                                                                                        <div class=\"mt-4\">\n                                    <a href=\"https:\/\/whiterisk.ch\/fr\/conditions\" target=\"_BLANK\" class=\"btn btn-success btn-rounded\" rel=\"nofollow noopener\">Bulletin d&rsquo;avalanche<\/a>\n                                <\/div>\n                                                    <\/div>\n                    <\/div>\n                <\/div>\n            <\/section>\n    \n    \n     \n            <section class=\"column_in_2\" id=\"Earlybird\">\n                <div class=\"container-full\">\n                    <div class=\"triagles_effects half_effect_quatre\" data-aos=\"fade-up\" data-aos-delay=\"600\">\n                        <div class=\"half_right_blue\"><\/div>\n                    <\/div>\n                    <div class=\"row max_90_d\">\n                        <div class=\"col-lg-7 p-0 mb-4 order-1 position-relative\" data-aos=\"fade-up\" data-aos-delay=\"200\">\n                            <img decoding=\"async\" src=\"https:\/\/engstligenalp.ch\/wp-content\/uploads\/skitouring_oberland.jpg\" class=\"img-fluid rounded-2 img-shadow\" alt=\"\" title=\"\">\n                        <\/div>\n                        <div class=\"col-lg-4 margin-left-3 order-2 content\" data-aos=\"fade-up\" data-aos-delay=\"200\">\n                            <h2 class=\"mb-4\">NOUVEAU : Early Bird sans frais suppl\u00e9mentaires<\/h2>\n                            <div><p>L&rsquo;oiseau matinal attrape le ver &#8211; ou justement le petit train. De fin f\u00e9vrier \u00e0 d\u00e9but mai, nous vous emmenons le week-end \u00e0 l&rsquo;Engstligenalp en t\u00e9l\u00e9ph\u00e9rique d\u00e8s 07h00 sans interruption. A partir du 03\/04, les trajets Early Bird ont lieu tous les jours.  Profite du silence sur la montagne et trace tes toutes premi\u00e8res traces dans la neige.<\/p>\n<p>D\u00e9sormais, l&rsquo;offre est incluse sans suppl\u00e9ment dans le billet de t\u00e9l\u00e9ph\u00e9rique r\u00e9gulier &#8211; il suffit de monter et de profiter.<\/p>\n<p>La d\u00e9cision d&rsquo;organiser des trajets en early bird est toujours communiqu\u00e9e 2-3 jours avant sur le site web. Les remont\u00e9es m\u00e9caniques reprennent leur activit\u00e9 comme d&rsquo;habitude \u00e0 8h30.<\/p>\n<\/div>\n                                                            <div class=\"mt-4\">\n                                    <a href=\"https:\/\/engstligenalp.ch\/winter\/betriebsinfo\/\" class=\"btn btn-success btn-rounded\">Heures de fonctionnement<\/a>\n                                <\/div>\n                                                                                <\/div>\n                    <\/div>\n                <\/div>\n            <\/section>\n    \n    \n                <section class=\"column_in_2\" >\n                <div class=\"container-full\">\n                    <div class=\"triagles_effects half_effect_quatre right_side_effect\" data-aos=\"fade-up\" data-aos-delay=\"600\">\n                        <div class=\"half_right_lightblue\"><\/div>\n                    <\/div>\n                    <div class=\"row max_90_d\">\n                        <div class=\"col-lg-7 p-0 mb-4 mt-4 margin-left-3 order-md-2 position-relative\" data-aos=\"fade-up\" data-aos-delay=\"200\">\n                            <img decoding=\"async\" src=\"https:\/\/engstligenalp.ch\/wp-content\/uploads\/Garderobe.avif\" class=\"img-fluid rounded-2 img-shadow\" alt=\"\" title=\"\">\n                        <\/div>\n                        <div class=\"col-lg-4 order-md-1 content\" data-aos=\"fade-up\" data-aos-delay=\"200\">\n                            <h1 class=\"mb-4\">Monter en grade. Douches. Savourer.<\/h1>\n                            <div><p>Pourquoi redescendre directement dans la vall\u00e9e alors que la journ\u00e9e d&rsquo;hiver peut se prolonger avec plaisir sur l&rsquo;Engstligenalp ? Apr\u00e8s une longue randonn\u00e9e \u00e0 ski, le confortable chalet \u00e0 raclette vous invite \u00e0 vous arr\u00eater &#8211; que ce soit pour le d\u00e9jeuner, pour une pause revigorante dans l&rsquo;apr\u00e8s-midi ou pour terminer la journ\u00e9e en toute d\u00e9contraction. <\/p>\n<p>Si vous souhaitez vous rafra\u00eechir avant de partir, vous trouverez des douches modernes et des armoires vestiaires pratiques et verrouillables juste \u00e0 c\u00f4t\u00e9 de la station sup\u00e9rieure &#8211; l&rsquo;id\u00e9al pour vous changer et ranger vos v\u00eatements de rechange en toute s\u00e9curit\u00e9.<\/p>\n<\/div>\n                                                            <div class=\"mt-4\">\n                                    <a href=\"https:\/\/engstligenalp.ch\/winter\/essen-trinken\/raclettehuette\/\" class=\"btn btn-success btn-rounded\">En savoir plus sur la cabane \u00e0 raclette<\/a>\n                                <\/div>\n                                                                                <\/div>\n                    <\/div>\n                <\/div>\n            <\/section>\n    \n    \n    <section class=\"full_grid text-light\">\n        <div class=\"container-full\">\n            <div class=\"max_90_d\">\n                <div class=\"row\">\n                                            <h3 class=\"mb-4 heading\">Suggestions de circuits : Ammertenspitz &amp; Wildstrubel<\/h3>\n                                        <div class=\"col-md-8\">\n                        <\/p>\n                                            <\/div>\n                                    <\/div>\n            <\/div>\n        <\/div>\n    <\/section>\n\n\n     \n            <section class=\"column_in_2\" id=\"Cours\">\n                <div class=\"container-full\">\n                    <div class=\"triagles_effects half_effect_quatre\" data-aos=\"fade-up\" data-aos-delay=\"600\">\n                        <div class=\"half_right_blue\"><\/div>\n                    <\/div>\n                    <div class=\"row max_90_d\">\n                        <div class=\"col-lg-7 p-0 mb-4 order-1 position-relative\" data-aos=\"fade-up\" data-aos-delay=\"200\">\n                            <img decoding=\"async\" src=\"https:\/\/engstligenalp.ch\/wp-content\/uploads\/Skitouren_Kurse.jpg\" class=\"img-fluid rounded-2 img-shadow\" alt=\"\" title=\"\">\n                        <\/div>\n                        <div class=\"col-lg-4 margin-left-3 order-2 content\" data-aos=\"fade-up\" data-aos-delay=\"200\">\n                            <h1 class=\"mb-4\">Randonn\u00e9e \u00e0 ski Wildstrubel<\/h1>\n                            <div><p>Vous aimez faire des randonn\u00e9es \u00e0 ski en hiver et vous cherchez une destination particuli\u00e8re ? La randonn\u00e9e guid\u00e9e sur le Wildstrubel vous offre une exp\u00e9rience impressionnante de la haute montagne avec un panorama grandiose. <\/p>\n<p>Accompagn\u00e9 par l&rsquo;\u00c9cole alpine d&rsquo;Adelboden, vous montez en toute s\u00e9curit\u00e9 jusqu&rsquo;au sommet et profitez d&rsquo;une descente inoubliable. Id\u00e9al pour les randonneurs \u00e0 ski ambitieux en bonne condition physique. <\/p>\n<\/div>\n                                                            <div class=\"mt-4\">\n                                    <a href=\"https:\/\/www.alpinschule-adelboden.ch\/de\/Winter\/Skitouren\/Eintaegige-Skitouren\/Wildstrubel-Skitour-und-Snowboardtour\" target=\"_BLANK\" class=\"btn btn-success btn-rounded\" rel=\"nofollow noopener\">En savoir plus<\/a>\n                                <\/div>\n                                                                                <\/div>\n                    <\/div>\n                <\/div>\n            <\/section>\n    \n    ","protected":false},"excerpt":{"rendered":"","protected":false},"author":3,"featured_media":17211,"parent":9130,"menu_order":17,"comment_status":"closed","ping_status":"closed","template":"","meta":{"_acf_changed":false,"footnotes":""},"class_list":["post-17191","page","type-page","status-publish","has-post-thumbnail","hentry"],"acf":[],"publishpress_future_workflow_manual_trigger":{"enabledWorkflows":[]},"_links":{"self":[{"href":"https:\/\/engstligenalp.ch\/fr\/wp-json\/wp\/v2\/pages\/17191","targetHints":{"allow":["GET"]}}],"collection":[{"href":"https:\/\/engstligenalp.ch\/fr\/wp-json\/wp\/v2\/pages"}],"about":[{"href":"https:\/\/engstligenalp.ch\/fr\/wp-json\/wp\/v2\/types\/page"}],"author":[{"embeddable":true,"href":"https:\/\/engstligenalp.ch\/fr\/wp-json\/wp\/v2\/users\/3"}],"replies":[{"embeddable":true,"href":"https:\/\/engstligenalp.ch\/fr\/wp-json\/wp\/v2\/comments?post=17191"}],"version-history":[{"count":39,"href":"https:\/\/engstligenalp.ch\/fr\/wp-json\/wp\/v2\/pages\/17191\/revisions"}],"predecessor-version":[{"id":35252,"href":"https:\/\/engstligenalp.ch\/fr\/wp-json\/wp\/v2\/pages\/17191\/revisions\/35252"}],"up":[{"embeddable":true,"href":"https:\/\/engstligenalp.ch\/fr\/wp-json\/wp\/v2\/pages\/9130"}],"wp:featuredmedia":[{"embeddable":true,"href":"https:\/\/engstligenalp.ch\/fr\/wp-json\/wp\/v2\/media\/17211"}],"wp:attachment":[{"href":"https:\/\/engstligenalp.ch\/fr\/wp-json\/wp\/v2\/media?parent=17191"}],"curies":[{"name":"wp","href":"https:\/\/api.w.org\/{rel}","templated":true}]}}