{"id":21028,"date":"2024-06-15T17:15:23","date_gmt":"2024-06-15T15:15:23","guid":{"rendered":"https:\/\/engstligenalp.ch\/?page_id=21028"},"modified":"2026-04-19T08:36:22","modified_gmt":"2026-04-19T06:36:22","slug":"histoire-2","status":"publish","type":"page","link":"https:\/\/engstligenalp.ch\/fr\/histoire-2\/","title":{"rendered":"Durabilit\u00e9"},"content":{"rendered":"\n    <section class=\"full_grid text-light\">\n        <div class=\"container-full\">\n            <div class=\"max_90_d\">\n                <div class=\"row\">\n                                            <h1 class=\"mb-4 heading\">Durabilit\u00e9<\/h1>\n                                        <div class=\"col-md-8\">\n                        <p>En tant qu&rsquo;entreprise, il est de notre devoir de prendre nos responsabilit\u00e9s en mati\u00e8re de d\u00e9veloppement durable dans le tourisme. La durabilit\u00e9 ne consiste pas seulement \u00e0 prendre soin de la nature, mais aussi \u00e0 tenir compte des autres points connexes que sont le social et l&rsquo;\u00e9conomie. Les gigantesques chutes de l&rsquo;Engstligen, dans la vall\u00e9e, montrent d\u00e9j\u00e0 que la nature occupe une place particuli\u00e8rement importante pour nous.<\/p>\n                                            <\/div>\n                                    <\/div>\n            <\/div>\n        <\/div>\n    <\/section>\n\n\n    <section class=\"full_grid text-light\">\n        <div class=\"container-full\">\n            <div class=\"max_90_d\">\n                <div class=\"row\">\n                                            <h1 class=\"mb-4 heading\">Inventaire f\u00e9d\u00e9ral des paysages, sites et monuments naturels (IFP)<\/h1>\n                                        <div class=\"col-md-8\">\n                        <p>L&rsquo;Engstligenalp est l&rsquo;un des 162 objets qui font partie de l&rsquo;Inventaire f\u00e9d\u00e9ral suisse des paysages, sites et monuments naturels. L&rsquo;inventaire f\u00e9d\u00e9ral prot\u00e8ge les paysages les plus pr\u00e9cieux, leur culture et leur nature. Entre 1977 et 1998, les objets ont \u00e9t\u00e9 inscrits \u00e0 l&rsquo;inventaire en quatre s\u00e9ries. A l&rsquo;exception de B\u00e2le-Ville, chaque canton suisse compte au moins une zone prot\u00e9g\u00e9e par l&rsquo;Inventaire f\u00e9d\u00e9ral des paysages, sites et monuments naturels.<\/p>\n<p>Au total, les sites IFP couvrent 19% de la superficie totale de la Suisse. Il est prouv\u00e9 que les paysages naturels et culturels ont un effet positif sur la sant\u00e9 physique et mentale et sur le bien-\u00eatre. Les paysages et monuments naturels uniques \u00e0 prot\u00e9ger ont \u00e9t\u00e9 choisis en fonction de leur beaut\u00e9 visuelle, de leur sp\u00e9cificit\u00e9, de leur \u00e9tendue, de leur importance scientifique, \u00e9cologique ou culturelle.<\/p>\n                                            <\/div>\n                                    <\/div>\n            <\/div>\n        <\/div>\n    <\/section>\n\n\n                <section class=\"column_in_2\" >\n                <div class=\"container-full\">\n                    <div class=\"triagles_effects half_effect_quatre right_side_effect\" data-aos=\"fade-up\" data-aos-delay=\"600\">\n                        <div class=\"half_right_lightblue\"><\/div>\n                    <\/div>\n                    <div class=\"row max_90_d\">\n                        <div class=\"col-lg-7 p-0 mb-4 mt-4 margin-left-3 order-md-2 position-relative\" data-aos=\"fade-up\" data-aos-delay=\"200\">\n                            <img decoding=\"async\" src=\"https:\/\/engstligenalp.ch\/wp-content\/uploads\/BLN_gebiet-jpg.webp\" class=\"img-fluid rounded-2 img-shadow\" alt=\"\" title=\"\">\n                        <\/div>\n                        <div class=\"col-lg-4 order-md-1 content\" data-aos=\"fade-up\" data-aos-delay=\"200\">\n                            <h1 class=\"mb-4\">Ce qu&rsquo;il faut savoir sur le site IFP<\/h1>\n                            <div><p>Le site IFP 1513 Engstligenalp et Entschligef\u00e4ll (Engstligenf\u00e4lle) couvre une superficie de 2 494 hectares et se trouve dans la commune d&rsquo;Adelboden.<\/p>\n<p>Caract\u00e9ristiques uniques :<\/p>\n<ul>\n<li>le plus vaste plateau des Alpes suisses occidentales<\/li>\n<li>grand cirque ferm\u00e9 (diam\u00e8tre 4km)<\/li>\n<li>vaste plaine alluviale alpine<\/li>\n<li>chutes d&rsquo;\u00e9boulis \u00e0 plusieurs niveaux de plus de 400 m\u00e8tres de haut (Engstligenf\u00e4lle)<\/li>\n<li>grande diversit\u00e9 d&rsquo;habitats alpins et subalpins pour des esp\u00e8ces v\u00e9g\u00e9tales et animales caract\u00e9ristiques<\/li>\n<\/ul>\n<\/div>\n                                                            <div class=\"mt-4\">\n                                    <a href=\"https:\/\/www.bafu.admin.ch\/bafu\/fr\/home\/themes\/paysage\/dossiers\/40-ans-ifp.html\" target=\"_BLANK\" class=\"btn btn-success btn-rounded\" rel=\"nofollow noopener\">En savoir plus<\/a>\n                                <\/div>\n                                                                                <\/div>\n                    <\/div>\n                <\/div>\n            <\/section>\n    \n    \n     \n            <section class=\"column_in_2\" >\n                <div class=\"container-full\">\n                    <div class=\"triagles_effects half_effect_quatre\" data-aos=\"fade-up\" data-aos-delay=\"600\">\n                        <div class=\"half_right_blue\"><\/div>\n                    <\/div>\n                    <div class=\"row max_90_d\">\n                        <div class=\"col-lg-7 p-0 mb-4 order-1 position-relative\" data-aos=\"fade-up\" data-aos-delay=\"200\">\n                            <img decoding=\"async\" src=\"https:\/\/engstligenalp.ch\/wp-content\/uploads\/002_24f_01_plakat_swisstainable_branchenaktivierung_F12_partner_Bergbahnen-engstligenalp-scaled.webp\" class=\"img-fluid rounded-2 img-shadow\" alt=\"\" title=\"\">\n                        <\/div>\n                        <div class=\"col-lg-4 margin-left-3 order-2 content\" data-aos=\"fade-up\" data-aos-delay=\"200\">\n                            <h1 class=\"mb-4\">Swisstainable &#8211; Label de durabilit\u00e9<\/h1>\n                            <div><p>L&rsquo;objectif de la nouvelle strat\u00e9gie de d\u00e9veloppement durable de Suisse Tourisme (ST) et de l&rsquo;industrie du tourisme est de promouvoir un tourisme plus durable et de le rendre plus visible. Avec le label Swisstainable, nous nous engageons en faveur du d\u00e9veloppement durable de notre entreprise, aujourd&rsquo;hui et demain, ce que l&rsquo;on appelle aussi \u00ab\u00a0l&rsquo;aptitude des petits-enfants\u00a0\u00bb. Le mot petit-enfant dit : \u00ab\u00a0Nous contribuons \u00e0 la mise en \u0153uvre des Objectifs de d\u00e9veloppement durable adopt\u00e9s par l&rsquo;ONU, ainsi que de la Strat\u00e9gie de d\u00e9veloppement durable 2030 adopt\u00e9e par le Conseil f\u00e9d\u00e9ral, et nous prenons toujours en compte tous les aspects de la durabilit\u00e9\u00a0\u00bb. Nous continuons \u00e0 d\u00e9velopper notre offre dans le sens de la durabilit\u00e9.<\/p>\n<\/div>\n                                                            <div class=\"mt-4\">\n                                    <a href=\"https:\/\/www.myswitzerland.com\/fr-ch\/planification\/vie-pratique\/la-suisse-durable-par-nature\/\" target=\"_BLANK\" class=\"btn btn-success btn-rounded\" rel=\"nofollow noopener\">En savoir plus sur le programme Swisstainable<\/a>\n                                <\/div>\n                                                                                        <div class=\"mt-4\">\n                                    <a href=\"https:\/\/www.are.admin.ch\/are\/fr\/home\/developpement-durable\/strategie\/sdd.html\" target=\"_BLANK\" class=\"btn btn-success btn-rounded\" rel=\"nofollow noopener\">Strat\u00e9gie de d\u00e9veloppement durable 2030<\/a>\n                                <\/div>\n                                                    <\/div>\n                    <\/div>\n                <\/div>\n            <\/section>\n    \n    \n                <section class=\"column_in_2\" >\n                <div class=\"container-full\">\n                    <div class=\"row max_90_d\">\n                        <div class=\"col-lg-7 margin-left-3 order-md-2 p-0 mb-4 position-relative\" data-aos=\"fade-up\" data-aos-delay=\"200\">\n                            <div class=\"right_top_lightblue magic to_right to_top\" data-bottom-center=\"transform: translate(0,5vh)\" data-top-center=\"transform: translate(0,-15vh)\"><\/div>\n                            <img decoding=\"async\" src=\"https:\/\/engstligenalp.ch\/wp-content\/uploads\/wasser_engstligenalp.jpg\" class=\"img-fluid rounded-2 img-shadow\" alt=\"\" title=\"\">\n                            <div class=\"left_top_green magic to_left to_bottom\" data-bottom-center=\"transform: translate(0,10vh)\" data-top-center=\"transform: translate(0,-5vh)\"><\/div>\n                        <\/div>\n                        <div class=\"col-lg-4 order-md-1 content mb-3\" data-aos=\"fade-up\" data-aos-delay=\"200\">\n                            <h1 class=\"mb-4\">Centrale hydro\u00e9lectrique de l&rsquo;Engstligenalp<\/h1>\n                            <div><p>L&rsquo;Engstligenalp va encore plus loin dans sa philosophie d&rsquo;utilisation judicieuse et prudente de la nature : en 2010, la construction d&rsquo;une centrale hydro\u00e9lectrique a d\u00e9but\u00e9 et, depuis avril 2011, elle fournit de l&rsquo;\u00e9lectricit\u00e9 fiable au r\u00e9seau.<\/p>\n<p>La petite centrale hydro\u00e9lectrique de l&rsquo;Engstligenalp est aujourd&rsquo;hui consid\u00e9r\u00e9e comme un exemple de production d&rsquo;\u00e9lectricit\u00e9 efficace tenant compte de toutes les pr\u00e9occupations environnementales : La centrale \u00e9lectrique de l&rsquo;entreprise produit en effet de l&rsquo;\u00e9lectricit\u00e9 durable et respectueuse de la nature pour environ 500 foyers et injecte ainsi dans le r\u00e9seau \u00e9lectrique d&rsquo;Adelboden plus d&rsquo;\u00e9nergie qu&rsquo;elle n&rsquo;en consomme pour l&rsquo;exploitation des remont\u00e9es m\u00e9caniques et de l&rsquo;h\u00f4tel de montagne.<\/p>\n<\/div>\n                                                                                <\/div>\n                    <\/div>\n                <\/div>\n            <\/section>\n    \n    \n     \n            <section class=\"column_in_2\" >\n                <div class=\"container-full\">\n                    <div class=\"triagles_effects half_effect_quatre\" data-aos=\"fade-up\" data-aos-delay=\"600\">\n                        <div class=\"half_right_blue\"><\/div>\n                    <\/div>\n                    <div class=\"row max_90_d\">\n                        <div class=\"col-lg-7 p-0 mb-4 order-1 position-relative\" data-aos=\"fade-up\" data-aos-delay=\"200\">\n                            <img decoding=\"async\" src=\"https:\/\/engstligenalp.ch\/wp-content\/uploads\/solar-jpg.webp\" class=\"img-fluid rounded-2 img-shadow\" alt=\"\" title=\"\">\n                        <\/div>\n                        <div class=\"col-lg-4 margin-left-3 order-2 content\" data-aos=\"fade-up\" data-aos-delay=\"200\">\n                            <h1 class=\"mb-4\">L&rsquo;\u00e9nergie solaire sur l&rsquo;Engstligenalp<\/h1>\n                            <div><p>Outre notre centrale hydro\u00e9lectrique, nous utilisons \u00e9galement l&rsquo;\u00e9nergie solaire pour couvrir les besoins \u00e9nerg\u00e9tiques de la cabane \u00e0 s\u00e9n\u00e9 et \u00e0 raclette. Les panneaux solaires install\u00e9s sur les toits produisent de l&rsquo;\u00e9lectricit\u00e9 propre directement sur place. <\/p>\n<p>Une capacit\u00e9 solaire de 50 kilowatts est install\u00e9e sur le chalet \u00e0 raclette, la totalit\u00e9 de la surface du toit \u00e9tant utilis\u00e9e comme installation int\u00e9gr\u00e9e. Environ la moiti\u00e9 de l&rsquo;\u00e9lectricit\u00e9 est consomm\u00e9e sur place, le reste \u00e9tant inject\u00e9 dans le r\u00e9seau \u00e9lectrique. <\/p>\n<p>Pour la Sennh\u00fctte, 20 kilowatts sont install\u00e9s et environ 50 % de la surface du toit est utilis\u00e9e pour la production d&rsquo;\u00e9lectricit\u00e9. Toute l&rsquo;\u00e9lectricit\u00e9 produite est utilis\u00e9e dans le restaurant. Avantages de l&rsquo;\u00e9nergie solaire :  <\/p>\n<ul>\n<li><strong>Respect de l&rsquo;environnement :<\/strong> l&rsquo;\u00e9lectricit\u00e9 solaire r\u00e9duit les \u00e9missions de CO\u2082.<\/li>\n<li><strong>Durable :<\/strong> l&rsquo;\u00e9nergie solaire est disponible \u00e0 long terme.<\/li>\n<li><strong>Ind\u00e9pendante :<\/strong> Nous sommes moins d\u00e9pendants des sources d&rsquo;\u00e9nergie externes.<\/li>\n<\/ul>\n<p>Les installations solaires sont con\u00e7ues pour les conditions de la montagne et nous aident \u00e0 r\u00e9pondre aux besoins \u00e9nerg\u00e9tiques locaux.<\/p>\n<\/div>\n                                                                                <\/div>\n                    <\/div>\n                <\/div>\n            <\/section>\n    \n    \n                <section class=\"column_in_2\" >\n                <div class=\"container-full\">\n                    <div class=\"triagles_effects half_effect_quatre right_side_effect\" data-aos=\"fade-up\" data-aos-delay=\"600\">\n                        <div class=\"half_right_lightblue\"><\/div>\n                    <\/div>\n                    <div class=\"row max_90_d\">\n                        <div class=\"col-lg-7 p-0 mb-4 mt-4 margin-left-3 order-md-2 position-relative\" data-aos=\"fade-up\" data-aos-delay=\"200\">\n                            <img decoding=\"async\" src=\"https:\/\/engstligenalp.ch\/wp-content\/uploads\/frische_kraeuter.jpg\" class=\"img-fluid rounded-2 img-shadow\" alt=\"\" title=\"\">\n                        <\/div>\n                        <div class=\"col-lg-4 order-md-1 content\" data-aos=\"fade-up\" data-aos-delay=\"200\">\n                            <h1 class=\"mb-4\">Cuisine r\u00e9gionale<\/h1>\n                            <div><p>Nous nous approvisionnons aupr\u00e8s de notre partenaire H&amp;R Gastro, qui s&rsquo;engage pour une perspective \u00e0 long terme de notre r\u00e9gion.<\/p>\n<p>Avec la marque prot\u00e9g\u00e9e \u00ab\u00a0Fabriqu\u00e9 dans l&rsquo;Oberland bernois\u00a0\u00bb, H&amp;R Gastro promeut les produits r\u00e9gionaux, soutient \u00e0 long terme les producteurs r\u00e9gionaux et contribue activement au maintien de l&rsquo;artisanat et des emplois dans l&rsquo;Oberland bernois. Pour contribuer \u00e0 une plus grande durabilit\u00e9 tout au long de la cha\u00eene de valeur, il est important de choisir le bon partenaire.<\/p>\n<\/div>\n                                                            <div class=\"mt-4\">\n                                    <a href=\"https:\/\/www.hr-gastro.ch\/Ueber-uns\/Nachhaltigkeit\" target=\"_BLANK\" class=\"btn btn-success btn-rounded\" rel=\"nofollow noopener\">En savoir plus<\/a>\n                                <\/div>\n                                                                                <\/div>\n                    <\/div>\n                <\/div>\n            <\/section>\n    \n    \n     \n            <section class=\"column_in_2\" id=\"cleanup\">\n                <div class=\"container-full\">\n                    <div class=\"triagles_effects half_effect_quatre\" data-aos=\"fade-up\" data-aos-delay=\"600\">\n                        <div class=\"half_right_blue\"><\/div>\n                    <\/div>\n                    <div class=\"row max_90_d\">\n                        <div class=\"col-lg-7 p-0 mb-4 order-1 position-relative\" data-aos=\"fade-up\" data-aos-delay=\"200\">\n                            <img decoding=\"async\" src=\"https:\/\/engstligenalp.ch\/wp-content\/uploads\/8064175-jpg.avif\" class=\"img-fluid rounded-2 img-shadow\" alt=\"\" title=\"\">\n                        <\/div>\n                        <div class=\"col-lg-4 margin-left-3 order-2 content\" data-aos=\"fade-up\" data-aos-delay=\"200\">\n                            <h1 class=\"mb-4\">Ensemble pour un alpage propre<\/h1>\n                            <div><p>L&rsquo;Engstligenalp est un paradis naturel unique &#8211; et nous nous engageons activement pour qu&rsquo;il le reste.<\/p>\n<p data-start=\"91\" data-end=\"354\">Notre premier Clean-up Day a eu lieu le 1er juin 2025. Ensemble, de nombreux b\u00e9n\u00e9voles d\u00e9vou\u00e9s ont mis la main \u00e0 la p\u00e2te et ont d\u00e9barrass\u00e9 notre alpage des d\u00e9chets n\u00e9gligemment jet\u00e9s. <\/p>\n<p data-start=\"356\" data-end=\"457\">Un grand merci \u00e0 tous ceux qui ont particip\u00e9 et fait de cette journ\u00e9e un moment sp\u00e9cial !<\/p>\n<p data-start=\"459\" data-end=\"598\">Une chose est s\u00fbre : le Clean-up Day ne restera pas une action unique &#8211; nous sommes d\u00e9j\u00e0 impatients de le r\u00e9p\u00e9ter l&rsquo;ann\u00e9e prochaine !<\/p><\/p>\n<\/div>\n                                                            <div class=\"mt-4\">\n                                    <a href=\"https:\/\/summit-foundation.org\/clean-up-tour\/\" target=\"_BLANK\" class=\"btn btn-success btn-rounded\" rel=\"nofollow noopener\">En savoir plus<\/a>\n                                <\/div>\n                                                                                <\/div>\n                    <\/div>\n                <\/div>\n            <\/section>\n    \n      \n\n\n        <section class=\"shaper space_b text-light cta\">\n            <div class=\"triagles_effects full__width_effect shape ondesktop\">\n                <div><\/div>\n                <div class=\"right_bottom_lightblue\" data-aos=\"flip-right\" data-aos-delay=\"100\"><\/div>\n                <div><\/div>\n                <div class=\"right_bottom_grey\" data-aos=\"flip-right\" data-aos-delay=\"200\"><\/div>\n                <div class=\"left_top_green\" data-aos=\"flip-right\" data-aos-delay=\"300\"><\/div>\n                <div class=\"left_top_blue\" data-aos=\"flip-right\" data-aos-delay=\"300\"><\/div>\n                <div class=\"left_top_lightblue\" data-aos=\"flip-right\" data-aos-delay=\"300\"><\/div>\n                <div class=\"right_top_blue\" data-aos=\"flip-right\" data-aos-delay=\"300\"><\/div>\n                <div><\/div>\n                <div class=\"right_top_white\" data-aos=\"flip-right\" data-aos-delay=\"400\"><\/div>\n                <div class=\"left_top_green\" data-aos=\"flip-right\" data-aos-delay=\"400\"><\/div>\n                <div class=\"left_top_lightblue\" data-aos=\"flip-right\" data-aos-delay=\"500\"><\/div>\n            <\/div>\n\t\t\t<div class=\"triagles_effects full__width_effect shape onmobile\">\n                <div><\/div>\n                <div class=\"right_bottom_lightblue\"><\/div>\n                <div><\/div>\n                <div class=\"right_bottom_grey\"><\/div>\n                <div class=\"left_top_green\"><\/div>\n                <div class=\"left_top_blue\"><\/div>\n                <div class=\"left_top_lightblue\"><\/div>\n                <div class=\"right_top_blue\"><\/div>\n                <div><\/div>\n                <div class=\"right_top_lightblue\"><\/div>\n                <div class=\"left_top_grey\"><\/div>\n                <div class=\"left_top_lightblue\"><\/div>\n            <\/div>\n            <div class=\"container-full\">\n            <div class=\"max_90_d\">\n                <div class=\"row \">\n                    <h3 class=\"mb-0 heading shaper__text\">Nous sommes \u00e0 votre disposition pour tout renseignement compl\u00e9mentaire<\/h3>\n\t\t\t\t\t\t\t\t\t\t\t<div class=\"mt-4\">\n\t\t\t\t\t\t\t\t\t<a href=\"https:\/\/engstligenalp.ch\/kontakt\/\" class=\"btn btn-success btn-rounded\" target=\"_SELF\">Contactez-nous maintenant<\/a>\n\t\t\t\t\t\t\t\t\t\t<\/div>                \t<\/div>\n                <\/div>\n            <\/div>\n        <\/section>","protected":false},"excerpt":{"rendered":"","protected":false},"author":3,"featured_media":21162,"parent":0,"menu_order":10,"comment_status":"closed","ping_status":"closed","template":"","meta":{"_acf_changed":false,"footnotes":""},"class_list":["post-21028","page","type-page","status-publish","has-post-thumbnail","hentry"],"acf":[],"publishpress_future_workflow_manual_trigger":{"enabledWorkflows":[]},"_links":{"self":[{"href":"https:\/\/engstligenalp.ch\/fr\/wp-json\/wp\/v2\/pages\/21028","targetHints":{"allow":["GET"]}}],"collection":[{"href":"https:\/\/engstligenalp.ch\/fr\/wp-json\/wp\/v2\/pages"}],"about":[{"href":"https:\/\/engstligenalp.ch\/fr\/wp-json\/wp\/v2\/types\/page"}],"author":[{"embeddable":true,"href":"https:\/\/engstligenalp.ch\/fr\/wp-json\/wp\/v2\/users\/3"}],"replies":[{"embeddable":true,"href":"https:\/\/engstligenalp.ch\/fr\/wp-json\/wp\/v2\/comments?post=21028"}],"version-history":[{"count":12,"href":"https:\/\/engstligenalp.ch\/fr\/wp-json\/wp\/v2\/pages\/21028\/revisions"}],"predecessor-version":[{"id":28831,"href":"https:\/\/engstligenalp.ch\/fr\/wp-json\/wp\/v2\/pages\/21028\/revisions\/28831"}],"wp:featuredmedia":[{"embeddable":true,"href":"https:\/\/engstligenalp.ch\/fr\/wp-json\/wp\/v2\/media\/21162"}],"wp:attachment":[{"href":"https:\/\/engstligenalp.ch\/fr\/wp-json\/wp\/v2\/media?parent=21028"}],"curies":[{"name":"wp","href":"https:\/\/api.w.org\/{rel}","templated":true}]}}