{"id":9120,"date":"2022-05-25T13:58:54","date_gmt":"2022-05-25T11:58:54","guid":{"rendered":"https:\/\/engstligenalp.ch\/repas\/"},"modified":"2026-04-21T21:49:38","modified_gmt":"2026-04-21T19:49:38","slug":"repas","status":"publish","type":"page","link":"https:\/\/engstligenalp.ch\/fr\/ete\/repas\/","title":{"rendered":"Manger &amp; boire"},"content":{"rendered":"\n\t<section class=\"full_grid text-light pb-0\">\n            <div class=\"container-full mb-5\">\n             <div class=\"max_90_d\">\n                <div class=\"row \">\n                    <h1 class=\"mb-4 heading\">Savourer. Se r\u00e9galer. C\u00e9l\u00e9brer.<\/h1>\n                    <div class=\"col-md-8 col-12\"><p>Sur l&rsquo;Engstligenalp, tu d\u00e9gusteras des sp\u00e9cialit\u00e9s locales accompagn\u00e9es d&rsquo;un vin appropri\u00e9. Que ce soit les traditionnels \u00c4lplermakkaroni au restaurant de montagne ou un Engstligenpl\u00e4ttli typique sur la terrasse ensoleill\u00e9e avec un verre de vin. Sur le plus grand plateau de Suisse, tu ne profites pas seulement des d\u00e9licieux plats, mais aussi de la vue sur le panorama de montagnes &#8211; m\u00eame si nous doutons que cette vue rassasie vraiment un jour.<\/p><\/div>\n                <\/div>\n                <\/div>\n            <\/div>\n            <div class=\"row m-0\">\n\t\t\t\t\t\t\t\t\t\t\t\t<div class=\"col-12 col-md-6 p-0\">\n                    <a href=\"https:\/\/engstligenalp.ch\/fr\/ete\/repas\/restaurant\/\" class=\"img_grid\">\n                        <div class=\"grid__item-img\" data-displacement=\"https:\/\/engstligenalp.ch\/wp-content\/uploads\/Unterseite_Essen_Restaurant_800x600.webp\" data-intensity=\"0.1\">\n                                <img decoding=\"async\" src=\"https:\/\/engstligenalp.ch\/wp-content\/uploads\/Unterseite_Essen_Restaurant_800x600.webp\" class=\"img-fluid\" alt=\"\" title=\"\">\n                        <\/div>\n                        <div class=\"title_info text-r\">\n                            <h3 class=\"heading f_bold\">Restaurant<\/h3>\n                        <\/div>\n                    <\/a>\n                <\/div>\n\t\t\t\t\t\t\t\t<div class=\"col-12 col-md-6 p-0\">\n                    <a href=\"https:\/\/engstligenalp.ch\/fr\/ete\/repas\/cabane-a-raclette\/\" class=\"img_grid\">\n                        <div class=\"grid__item-img\" data-displacement=\"https:\/\/engstligenalp.ch\/wp-content\/uploads\/Raclettehuette_7.webp\" data-intensity=\"0.1\">\n                                <img decoding=\"async\" src=\"https:\/\/engstligenalp.ch\/wp-content\/uploads\/Raclettehuette_7.webp\" class=\"img-fluid\" alt=\"\" title=\"\">\n                        <\/div>\n                        <div class=\"title_info text-r\">\n                            <h3 class=\"heading f_bold\">Chalet \u00e0 raclette<\/h3>\n                        <\/div>\n                    <\/a>\n                <\/div>\n\t\t\t\t\t\t\t\t<div class=\"col-12 col-md-6 p-0\">\n                    <a href=\"https:\/\/engstligenalp.ch\/fr\/ete\/repas\/partenaires-en-montagne\/\" class=\"img_grid\">\n                        <div class=\"grid__item-img\" data-displacement=\"https:\/\/engstligenalp.ch\/wp-content\/uploads\/hochebene_engstligenalp.jpg\" data-intensity=\"0.1\">\n                                <img decoding=\"async\" src=\"https:\/\/engstligenalp.ch\/wp-content\/uploads\/hochebene_engstligenalp.jpg\" class=\"img-fluid\" alt=\"\" title=\"\">\n                        <\/div>\n                        <div class=\"title_info text-r\">\n                            <h3 class=\"heading f_bold\">Partenaires en montagne<\/h3>\n                        <\/div>\n                    <\/a>\n                <\/div>\n\t\t\t\t\t\t\t\t\t            <\/div>\n        <\/section>\n<script type=\"text\/javascript\" src=\"https:\/\/cdnjs.cloudflare.com\/ajax\/libs\/Swiper\/7.3.0\/swiper-bundle.min.js\"><\/script>\n\n  \n\n\n        <section class=\"shaper space_b text-light cta\">\n            <div class=\"triagles_effects full__width_effect shape ondesktop\">\n                <div><\/div>\n                <div class=\"right_bottom_lightblue\" data-aos=\"flip-right\" data-aos-delay=\"100\"><\/div>\n                <div><\/div>\n                <div class=\"right_bottom_grey\" data-aos=\"flip-right\" data-aos-delay=\"200\"><\/div>\n                <div class=\"left_top_green\" data-aos=\"flip-right\" data-aos-delay=\"300\"><\/div>\n                <div class=\"left_top_blue\" data-aos=\"flip-right\" data-aos-delay=\"300\"><\/div>\n                <div class=\"left_top_lightblue\" data-aos=\"flip-right\" data-aos-delay=\"300\"><\/div>\n                <div class=\"right_top_blue\" data-aos=\"flip-right\" data-aos-delay=\"300\"><\/div>\n                <div><\/div>\n                <div class=\"right_top_white\" data-aos=\"flip-right\" data-aos-delay=\"400\"><\/div>\n                <div class=\"left_top_green\" data-aos=\"flip-right\" data-aos-delay=\"400\"><\/div>\n                <div class=\"left_top_lightblue\" data-aos=\"flip-right\" data-aos-delay=\"500\"><\/div>\n            <\/div>\n\t\t\t<div class=\"triagles_effects full__width_effect shape onmobile\">\n                <div><\/div>\n                <div class=\"right_bottom_lightblue\"><\/div>\n                <div><\/div>\n                <div class=\"right_bottom_grey\"><\/div>\n                <div class=\"left_top_green\"><\/div>\n                <div class=\"left_top_blue\"><\/div>\n                <div class=\"left_top_lightblue\"><\/div>\n                <div class=\"right_top_blue\"><\/div>\n                <div><\/div>\n                <div class=\"right_top_lightblue\"><\/div>\n                <div class=\"left_top_grey\"><\/div>\n                <div class=\"left_top_lightblue\"><\/div>\n            <\/div>\n            <div class=\"container-full\">\n            <div class=\"max_90_d\">\n                <div class=\"row \">\n                    <h3 class=\"mb-0 heading shaper__text\">  Le moment de vivre quelque chose, c&rsquo;est maintenant !<\/h3>\n\t\t\t\t\t                \t<\/div>\n                <\/div>\n            <\/div>\n        <\/section>","protected":false},"excerpt":{"rendered":"","protected":false},"author":1,"featured_media":0,"parent":10785,"menu_order":44,"comment_status":"closed","ping_status":"closed","template":"","meta":{"_acf_changed":false,"footnotes":""},"class_list":["post-9120","page","type-page","status-publish","hentry"],"acf":[],"publishpress_future_workflow_manual_trigger":{"enabledWorkflows":[]},"_links":{"self":[{"href":"https:\/\/engstligenalp.ch\/fr\/wp-json\/wp\/v2\/pages\/9120","targetHints":{"allow":["GET"]}}],"collection":[{"href":"https:\/\/engstligenalp.ch\/fr\/wp-json\/wp\/v2\/pages"}],"about":[{"href":"https:\/\/engstligenalp.ch\/fr\/wp-json\/wp\/v2\/types\/page"}],"author":[{"embeddable":true,"href":"https:\/\/engstligenalp.ch\/fr\/wp-json\/wp\/v2\/users\/1"}],"replies":[{"embeddable":true,"href":"https:\/\/engstligenalp.ch\/fr\/wp-json\/wp\/v2\/comments?post=9120"}],"version-history":[{"count":1,"href":"https:\/\/engstligenalp.ch\/fr\/wp-json\/wp\/v2\/pages\/9120\/revisions"}],"predecessor-version":[{"id":28805,"href":"https:\/\/engstligenalp.ch\/fr\/wp-json\/wp\/v2\/pages\/9120\/revisions\/28805"}],"up":[{"embeddable":true,"href":"https:\/\/engstligenalp.ch\/fr\/wp-json\/wp\/v2\/pages\/10785"}],"wp:attachment":[{"href":"https:\/\/engstligenalp.ch\/fr\/wp-json\/wp\/v2\/media?parent=9120"}],"curies":[{"name":"wp","href":"https:\/\/api.w.org\/{rel}","templated":true}]}}