{"id":9124,"date":"2022-05-25T13:59:10","date_gmt":"2022-05-25T11:59:10","guid":{"rendered":"https:\/\/engstligenalp.ch\/vivre\/"},"modified":"2026-04-21T10:48:28","modified_gmt":"2026-04-21T08:48:28","slug":"vivre","status":"publish","type":"page","link":"https:\/\/engstligenalp.ch\/fr\/ete\/vivre\/","title":{"rendered":"Vivre"},"content":{"rendered":"\n\t<section class=\"full_grid text-light pb-0\">\n            <div class=\"container-full mb-5\">\n             <div class=\"max_90_d\">\n                <div class=\"row \">\n                    <h1 class=\"mb-4 heading\">Puissance. Se reposer. Exp\u00e9rimenter.<\/h1>\n                    <div class=\"col-md-8 col-12\"><p>L&rsquo;Engstligenalp t&rsquo;enchantera si tu cherches le calme et te donnera des ailes si tu veux t&rsquo;amuser. Oublier l&rsquo;agitation du quotidien en faisant de la randonn\u00e9e, d\u00e9couvrir l&rsquo;Engstligenalp en faisant de l&rsquo;escalade ou vivre une aventure avec Globi &#8211; c&rsquo;est toi qui d\u00e9cides \u00e0 quoi ressemble ta journ\u00e9e d&rsquo;\u00e9t\u00e9 id\u00e9ale dans l&rsquo;Oberland bernois !<\/p><\/div>\n                <\/div>\n                <\/div>\n            <\/div>\n            <div class=\"row m-0\">\n\t\t\t\t\t\t\t\t\t\t\t\t<div class=\"col-12 col-md-6 p-0\">\n                    <a href=\"https:\/\/engstligenalp.ch\/fr\/ete\/vivre\/escalade-et-bouldering\/\" class=\"img_grid\">\n                        <div class=\"grid__item-img\" data-displacement=\"https:\/\/engstligenalp.ch\/wp-content\/uploads\/AZ_2006_engstligenalp_klettersteig_1.jpg\" data-intensity=\"0.1\">\n                                <img decoding=\"async\" src=\"https:\/\/engstligenalp.ch\/wp-content\/uploads\/AZ_2006_engstligenalp_klettersteig_1.jpg\" class=\"img-fluid\" alt=\"\" title=\"\">\n                        <\/div>\n                        <div class=\"title_info text-r\">\n                            <h3 class=\"heading f_bold\">Escalade et bouldering<\/h3>\n                        <\/div>\n                    <\/a>\n                <\/div>\n\t\t\t\t\t\t\t\t<div class=\"col-12 col-md-6 p-0\">\n                    <a href=\"https:\/\/engstligenalp.ch\/fr\/ete\/vivre\/randonnee\/\" class=\"img_grid\">\n                        <div class=\"grid__item-img\" data-displacement=\"https:\/\/engstligenalp.ch\/wp-content\/uploads\/engstligenalp_tschinggi_1.avif\" data-intensity=\"0.1\">\n                                <img decoding=\"async\" src=\"https:\/\/engstligenalp.ch\/wp-content\/uploads\/engstligenalp_tschinggi_1.avif\" class=\"img-fluid\" alt=\"\" title=\"\">\n                        <\/div>\n                        <div class=\"title_info text-r\">\n                            <h3 class=\"heading f_bold\">Randonn\u00e9e<\/h3>\n                        <\/div>\n                    <\/a>\n                <\/div>\n\t\t\t\t\t\t\t\t<div class=\"col-12 col-md-6 p-0\">\n                    <a href=\"https:\/\/engstligenalp.ch\/fr\/ete\/vivre\/globi-et-les-enfants\/\" class=\"img_grid\">\n                        <div class=\"grid__item-img\" data-displacement=\"https:\/\/engstligenalp.ch\/wp-content\/uploads\/Globi_Sommer.jpg\" data-intensity=\"0.1\">\n                                <img decoding=\"async\" src=\"https:\/\/engstligenalp.ch\/wp-content\/uploads\/Globi_Sommer.jpg\" class=\"img-fluid\" alt=\"\" title=\"\">\n                        <\/div>\n                        <div class=\"title_info text-r\">\n                            <h3 class=\"heading f_bold\">Globi et les enfants<\/h3>\n                        <\/div>\n                    <\/a>\n                <\/div>\n\t\t\t\t\t\t\t\t<div class=\"col-12 col-md-6 p-0\">\n                    <a href=\"https:\/\/engstligenalp.ch\/fr\/ete\/vivre\/fromagerie-dalpage\/\" class=\"img_grid\">\n                        <div class=\"grid__item-img\" data-displacement=\"https:\/\/engstligenalp.ch\/wp-content\/uploads\/\/sommer_erleben_alpkaeserei.jpg\" data-intensity=\"0.1\">\n                                <img decoding=\"async\" src=\"https:\/\/engstligenalp.ch\/wp-content\/uploads\/\/sommer_erleben_alpkaeserei.jpg\" class=\"img-fluid\" alt=\"\" title=\"\">\n                        <\/div>\n                        <div class=\"title_info text-r\">\n                            <h3 class=\"heading f_bold\">Fromagerie d&rsquo;alpage<\/h3>\n                        <\/div>\n                    <\/a>\n                <\/div>\n\t\t\t\t\t\t\t\t<div class=\"col-12 col-md-6 p-0\">\n                    <a href=\"https:\/\/engstligenalp.ch\/fr\/ete\/vivre\/plateau-chutes-de-lengstligen\/\" class=\"img_grid\">\n                        <div class=\"grid__item-img\" data-displacement=\"https:\/\/engstligenalp.ch\/wp-content\/uploads\/engstligenalp_wasserfall_1.avif\" data-intensity=\"0.1\">\n                                <img decoding=\"async\" src=\"https:\/\/engstligenalp.ch\/wp-content\/uploads\/engstligenalp_wasserfall_1.avif\" class=\"img-fluid\" alt=\"\" title=\"\">\n                        <\/div>\n                        <div class=\"title_info text-r\">\n                            <h3 class=\"heading f_bold\">Plateau &amp; chutes de l&rsquo;Engstligen<\/h3>\n                        <\/div>\n                    <\/a>\n                <\/div>\n\t\t\t\t\t\t\t\t<div class=\"col-12 col-md-6 p-0\">\n                    <a href=\"https:\/\/engstligenalp.ch\/fr\/ete\/vivre\/evenements\/\" class=\"img_grid\">\n                        <div class=\"grid__item-img\" data-displacement=\"https:\/\/engstligenalp.ch\/wp-content\/uploads\/Events_Sommer.webp\" data-intensity=\"0.1\">\n                                <img decoding=\"async\" src=\"https:\/\/engstligenalp.ch\/wp-content\/uploads\/Events_Sommer.webp\" class=\"img-fluid\" alt=\"\" title=\"\">\n                        <\/div>\n                        <div class=\"title_info text-r\">\n                            <h3 class=\"heading f_bold\">\u00c9v\u00e9nements<\/h3>\n                        <\/div>\n                    <\/a>\n                <\/div>\n\t\t\t\t\t\t\t\t<div class=\"col-12 col-md-6 p-0\">\n                    <a href=\"https:\/\/engstligenalp.ch\/fr\/ete\/vivre\/trailrunning\/\" class=\"img_grid\">\n                        <div class=\"grid__item-img\" data-displacement=\"https:\/\/engstligenalp.ch\/wp-content\/uploads\/Trailrunning_Header.avif\" data-intensity=\"0.1\">\n                                <img decoding=\"async\" src=\"https:\/\/engstligenalp.ch\/wp-content\/uploads\/Trailrunning_Header.avif\" class=\"img-fluid\" alt=\"\" title=\"\">\n                        <\/div>\n                        <div class=\"title_info text-r\">\n                            <h3 class=\"heading f_bold\">Trailrunning<\/h3>\n                        <\/div>\n                    <\/a>\n                <\/div>\n\t\t\t\t\t\t\t\t\t            <\/div>\n        <\/section>\n<script type=\"text\/javascript\" src=\"https:\/\/cdnjs.cloudflare.com\/ajax\/libs\/Swiper\/7.3.0\/swiper-bundle.min.js\"><\/script>\n\n  \n\n\n        <section class=\"shaper space_b text-light cta\">\n            <div class=\"triagles_effects full__width_effect shape ondesktop\">\n                <div><\/div>\n                <div class=\"right_bottom_lightblue\" data-aos=\"flip-right\" data-aos-delay=\"100\"><\/div>\n                <div><\/div>\n                <div class=\"right_bottom_grey\" data-aos=\"flip-right\" data-aos-delay=\"200\"><\/div>\n                <div class=\"left_top_green\" data-aos=\"flip-right\" data-aos-delay=\"300\"><\/div>\n                <div class=\"left_top_blue\" data-aos=\"flip-right\" data-aos-delay=\"300\"><\/div>\n                <div class=\"left_top_lightblue\" data-aos=\"flip-right\" data-aos-delay=\"300\"><\/div>\n                <div class=\"right_top_blue\" data-aos=\"flip-right\" data-aos-delay=\"300\"><\/div>\n                <div><\/div>\n                <div class=\"right_top_white\" data-aos=\"flip-right\" data-aos-delay=\"400\"><\/div>\n                <div class=\"left_top_green\" data-aos=\"flip-right\" data-aos-delay=\"400\"><\/div>\n                <div class=\"left_top_lightblue\" data-aos=\"flip-right\" data-aos-delay=\"500\"><\/div>\n            <\/div>\n\t\t\t<div class=\"triagles_effects full__width_effect shape onmobile\">\n                <div><\/div>\n                <div class=\"right_bottom_lightblue\"><\/div>\n                <div><\/div>\n                <div class=\"right_bottom_grey\"><\/div>\n                <div class=\"left_top_green\"><\/div>\n                <div class=\"left_top_blue\"><\/div>\n                <div class=\"left_top_lightblue\"><\/div>\n                <div class=\"right_top_blue\"><\/div>\n                <div><\/div>\n                <div class=\"right_top_lightblue\"><\/div>\n                <div class=\"left_top_grey\"><\/div>\n                <div class=\"left_top_lightblue\"><\/div>\n            <\/div>\n            <div class=\"container-full\">\n            <div class=\"max_90_d\">\n                <div class=\"row \">\n                    <h3 class=\"mb-0 heading shaper__text\">Le moment de vivre quelque chose, c&rsquo;est maintenant !<\/h3>\n\t\t\t\t\t                \t<\/div>\n                <\/div>\n            <\/div>\n        <\/section>","protected":false},"excerpt":{"rendered":"","protected":false},"author":1,"featured_media":0,"parent":10785,"menu_order":34,"comment_status":"closed","ping_status":"closed","template":"","meta":{"_acf_changed":false,"footnotes":""},"class_list":["post-9124","page","type-page","status-publish","hentry"],"acf":[],"publishpress_future_workflow_manual_trigger":{"enabledWorkflows":[]},"_links":{"self":[{"href":"https:\/\/engstligenalp.ch\/fr\/wp-json\/wp\/v2\/pages\/9124","targetHints":{"allow":["GET"]}}],"collection":[{"href":"https:\/\/engstligenalp.ch\/fr\/wp-json\/wp\/v2\/pages"}],"about":[{"href":"https:\/\/engstligenalp.ch\/fr\/wp-json\/wp\/v2\/types\/page"}],"author":[{"embeddable":true,"href":"https:\/\/engstligenalp.ch\/fr\/wp-json\/wp\/v2\/users\/1"}],"replies":[{"embeddable":true,"href":"https:\/\/engstligenalp.ch\/fr\/wp-json\/wp\/v2\/comments?post=9124"}],"version-history":[{"count":2,"href":"https:\/\/engstligenalp.ch\/fr\/wp-json\/wp\/v2\/pages\/9124\/revisions"}],"predecessor-version":[{"id":34990,"href":"https:\/\/engstligenalp.ch\/fr\/wp-json\/wp\/v2\/pages\/9124\/revisions\/34990"}],"up":[{"embeddable":true,"href":"https:\/\/engstligenalp.ch\/fr\/wp-json\/wp\/v2\/pages\/10785"}],"wp:attachment":[{"href":"https:\/\/engstligenalp.ch\/fr\/wp-json\/wp\/v2\/media?parent=9124"}],"curies":[{"name":"wp","href":"https:\/\/api.w.org\/{rel}","templated":true}]}}