{"id":9129,"date":"2022-05-31T14:10:46","date_gmt":"2022-05-31T12:10:46","guid":{"rendered":"https:\/\/engstligenalp.ch\/hiver\/repas\/"},"modified":"2026-04-17T13:02:46","modified_gmt":"2026-04-17T11:02:46","slug":"repas","status":"publish","type":"page","link":"https:\/\/engstligenalp.ch\/fr\/hiver\/repas\/","title":{"rendered":"Manger &amp; boire"},"content":{"rendered":"\n\t<section class=\"full_grid text-light pb-0\">\n            <div class=\"container-full mb-5\">\n             <div class=\"max_90_d\">\n                <div class=\"row \">\n                    <h1 class=\"mb-4 heading\">Savourer. Se r\u00e9galer. C\u00e9l\u00e9brer.<\/h1>\n                    <div class=\"col-md-8 col-12\"><p>Sur l&rsquo;Engstligenalp, tu d\u00e9gusteras des sp\u00e9cialit\u00e9s locales accompagn\u00e9es d&rsquo;un vin appropri\u00e9. Qu&rsquo;il s&rsquo;agisse de macaronis traditionnels des alpages au restaurant de montagne, d&rsquo;un platttli typique de l&rsquo;Engstligen sur la terrasse ensoleill\u00e9e ou d&rsquo;une d\u00e9licieuse fondue dans l&rsquo;igloo \u00e0 fondue. Sur le plus grand plateau de Suisse, tu ne profites pas seulement des d\u00e9licieux plats, mais aussi de la vue sur le panorama de montagnes &#8211; m\u00eame si nous doutons que cette vue rassasie vraiment un jour.  <\/p><\/div>\n                <\/div>\n                <\/div>\n            <\/div>\n            <div class=\"row m-0\">\n\t\t\t\t\t\t\t\t\t\t\t\t<div class=\"col-12 col-md-6 p-0\">\n                    <a href=\"https:\/\/engstligenalp.ch\/fr\/hiver\/repas\/restaurant\/\" class=\"img_grid\">\n                        <div class=\"grid__item-img\" data-displacement=\"https:\/\/engstligenalp.ch\/wp-content\/uploads\/Restaurant-Winter.jpg\" data-intensity=\"0.1\">\n                                <img decoding=\"async\" src=\"https:\/\/engstligenalp.ch\/wp-content\/uploads\/Restaurant-Winter.jpg\" class=\"img-fluid\" alt=\"\" title=\"\">\n                        <\/div>\n                        <div class=\"title_info text-r\">\n                            <h3 class=\"heading f_bold\">Restaurant<\/h3>\n                        <\/div>\n                    <\/a>\n                <\/div>\n\t\t\t\t\t\t\t\t<div class=\"col-12 col-md-6 p-0\">\n                    <a href=\"https:\/\/engstligenalp.ch\/fr\/hiver\/repas\/igloo-a-fondue\/\" class=\"img_grid\">\n                        <div class=\"grid__item-img\" data-displacement=\"https:\/\/engstligenalp.ch\/wp-content\/uploads\/herziglu.jpg\" data-intensity=\"0.1\">\n                                <img decoding=\"async\" src=\"https:\/\/engstligenalp.ch\/wp-content\/uploads\/herziglu.jpg\" class=\"img-fluid\" alt=\"\" title=\"\">\n                        <\/div>\n                        <div class=\"title_info text-r\">\n                            <h3 class=\"heading f_bold\">Igloo \u00e0 fondue<\/h3>\n                        <\/div>\n                    <\/a>\n                <\/div>\n\t\t\t\t\t\t\t\t<div class=\"col-12 col-md-6 p-0\">\n                    <a href=\"https:\/\/engstligenalp.ch\/fr\/hiver\/repas\/partenaires-en-montagne\/\" class=\"img_grid\">\n                        <div class=\"grid__item-img\" data-displacement=\"https:\/\/engstligenalp.ch\/wp-content\/uploads\/restaurant_steghorn.jpg\" data-intensity=\"0.1\">\n                                <img decoding=\"async\" src=\"https:\/\/engstligenalp.ch\/wp-content\/uploads\/restaurant_steghorn.jpg\" class=\"img-fluid\" alt=\"\" title=\"\">\n                        <\/div>\n                        <div class=\"title_info text-r\">\n                            <h3 class=\"heading f_bold\">Partenaires en montagne<\/h3>\n                        <\/div>\n                    <\/a>\n                <\/div>\n\t\t\t\t\t\t\t\t<div class=\"col-12 col-md-6 p-0\">\n                    <a href=\"https:\/\/engstligenalp.ch\/fr\/hiver\/repas\/cabane-a-raclette-2\/\" class=\"img_grid\">\n                        <div class=\"grid__item-img\" data-displacement=\"https:\/\/engstligenalp.ch\/wp-content\/uploads\/Raclettehuette_7.jpg\" data-intensity=\"0.1\">\n                                <img decoding=\"async\" src=\"https:\/\/engstligenalp.ch\/wp-content\/uploads\/Raclettehuette_7.jpg\" class=\"img-fluid\" alt=\"\" title=\"\">\n                        <\/div>\n                        <div class=\"title_info text-r\">\n                            <h3 class=\"heading f_bold\">Chalet \u00e0 raclette<\/h3>\n                        <\/div>\n                    <\/a>\n                <\/div>\n\t\t\t\t\t\t\t\t<div class=\"col-12 col-md-6 p-0\">\n                    <a href=\"https:\/\/engstligenalp.ch\/fr\/hiver\/repas\/bockbar\/\" class=\"img_grid\">\n                        <div class=\"grid__item-img\" data-displacement=\"https:\/\/engstligenalp.ch\/wp-content\/uploads\/Essen_Trinken_Bockbar.jpg\" data-intensity=\"0.1\">\n                                <img decoding=\"async\" src=\"https:\/\/engstligenalp.ch\/wp-content\/uploads\/Essen_Trinken_Bockbar.jpg\" class=\"img-fluid\" alt=\"\" title=\"\">\n                        <\/div>\n                        <div class=\"title_info text-r\">\n                            <h3 class=\"heading f_bold\">Bar \u00e0 tr\u00e9teaux<\/h3>\n                        <\/div>\n                    <\/a>\n                <\/div>\n\t\t\t\t\t\t\t\t\t            <\/div>\n        <\/section>\n<script type=\"text\/javascript\" src=\"https:\/\/cdnjs.cloudflare.com\/ajax\/libs\/Swiper\/7.3.0\/swiper-bundle.min.js\"><\/script>\n\n  \n\n\n        <section class=\"shaper space_b text-light cta\">\n            <div class=\"triagles_effects full__width_effect shape ondesktop\">\n                <div><\/div>\n                <div class=\"right_bottom_lightblue\" data-aos=\"flip-right\" data-aos-delay=\"100\"><\/div>\n                <div><\/div>\n                <div class=\"right_bottom_grey\" data-aos=\"flip-right\" data-aos-delay=\"200\"><\/div>\n                <div class=\"left_top_green\" data-aos=\"flip-right\" data-aos-delay=\"300\"><\/div>\n                <div class=\"left_top_blue\" data-aos=\"flip-right\" data-aos-delay=\"300\"><\/div>\n                <div class=\"left_top_lightblue\" data-aos=\"flip-right\" data-aos-delay=\"300\"><\/div>\n                <div class=\"right_top_blue\" data-aos=\"flip-right\" data-aos-delay=\"300\"><\/div>\n                <div><\/div>\n                <div class=\"right_top_white\" data-aos=\"flip-right\" data-aos-delay=\"400\"><\/div>\n                <div class=\"left_top_green\" data-aos=\"flip-right\" data-aos-delay=\"400\"><\/div>\n                <div class=\"left_top_lightblue\" data-aos=\"flip-right\" data-aos-delay=\"500\"><\/div>\n            <\/div>\n\t\t\t<div class=\"triagles_effects full__width_effect shape onmobile\">\n                <div><\/div>\n                <div class=\"right_bottom_lightblue\"><\/div>\n                <div><\/div>\n                <div class=\"right_bottom_grey\"><\/div>\n                <div class=\"left_top_green\"><\/div>\n                <div class=\"left_top_blue\"><\/div>\n                <div class=\"left_top_lightblue\"><\/div>\n                <div class=\"right_top_blue\"><\/div>\n                <div><\/div>\n                <div class=\"right_top_lightblue\"><\/div>\n                <div class=\"left_top_grey\"><\/div>\n                <div class=\"left_top_lightblue\"><\/div>\n            <\/div>\n            <div class=\"container-full\">\n            <div class=\"max_90_d\">\n                <div class=\"row \">\n                    <h3 class=\"mb-0 heading shaper__text\">R\u00e9serve d\u00e8s aujourd&rsquo;hui ton exp\u00e9rience hivernale  <\/h3>\n\t\t\t\t\t\t\t\t\t\t\t<div class=\"mt-4\">\n\t\t\t\t\t\t\t\t\t<a href=\"https:\/\/engstligenalp.ch\/winter\/\" class=\"btn btn-success btn-rounded\" target=\"_SELF\">R\u00e9server maintenant<\/a>\n\t\t\t\t\t\t\t\t\t\t<\/div>                \t<\/div>\n                <\/div>\n            <\/div>\n        <\/section>","protected":false},"excerpt":{"rendered":"","protected":false},"author":1,"featured_media":22794,"parent":13266,"menu_order":23,"comment_status":"closed","ping_status":"closed","template":"","meta":{"_acf_changed":false,"footnotes":""},"class_list":["post-9129","page","type-page","status-publish","has-post-thumbnail","hentry"],"acf":[],"publishpress_future_workflow_manual_trigger":{"enabledWorkflows":[]},"_links":{"self":[{"href":"https:\/\/engstligenalp.ch\/fr\/wp-json\/wp\/v2\/pages\/9129","targetHints":{"allow":["GET"]}}],"collection":[{"href":"https:\/\/engstligenalp.ch\/fr\/wp-json\/wp\/v2\/pages"}],"about":[{"href":"https:\/\/engstligenalp.ch\/fr\/wp-json\/wp\/v2\/types\/page"}],"author":[{"embeddable":true,"href":"https:\/\/engstligenalp.ch\/fr\/wp-json\/wp\/v2\/users\/1"}],"replies":[{"embeddable":true,"href":"https:\/\/engstligenalp.ch\/fr\/wp-json\/wp\/v2\/comments?post=9129"}],"version-history":[{"count":1,"href":"https:\/\/engstligenalp.ch\/fr\/wp-json\/wp\/v2\/pages\/9129\/revisions"}],"predecessor-version":[{"id":28802,"href":"https:\/\/engstligenalp.ch\/fr\/wp-json\/wp\/v2\/pages\/9129\/revisions\/28802"}],"up":[{"embeddable":true,"href":"https:\/\/engstligenalp.ch\/fr\/wp-json\/wp\/v2\/pages\/13266"}],"wp:featuredmedia":[{"embeddable":true,"href":"https:\/\/engstligenalp.ch\/fr\/wp-json\/wp\/v2\/media\/22794"}],"wp:attachment":[{"href":"https:\/\/engstligenalp.ch\/fr\/wp-json\/wp\/v2\/media?parent=9129"}],"curies":[{"name":"wp","href":"https:\/\/api.w.org\/{rel}","templated":true}]}}