{"id":9130,"date":"2022-05-31T14:10:57","date_gmt":"2022-05-31T12:10:57","guid":{"rendered":"https:\/\/engstligenalp.ch\/hiver\/vivre\/"},"modified":"2026-04-19T14:38:17","modified_gmt":"2026-04-19T12:38:17","slug":"vivre","status":"publish","type":"page","link":"https:\/\/engstligenalp.ch\/fr\/hiver\/vivre\/","title":{"rendered":"Vivre"},"content":{"rendered":"\n\t<section class=\"full_grid text-light pb-0\">\n            <div class=\"container-full mb-5\">\n             <div class=\"max_90_d\">\n                <div class=\"row \">\n                    <h1 class=\"mb-4 heading\">Puissance. Se reposer. Exp\u00e9rimenter.<\/h1>\n                    <div class=\"col-md-8 col-12\"><p>L&rsquo;Engstligenalp t&rsquo;enchantera si tu cherches le calme et te donnera des ailes si tu veux t&rsquo;amuser. D\u00e9valer les pistes, d\u00e9couvrir l&rsquo;Engstligenalp \u00e0 pied ou vivre une aventure avec Globi &#8211; c&rsquo;est toi qui d\u00e9cides \u00e0 quoi ressemble ta journ\u00e9e d&rsquo;hiver id\u00e9ale dans l&rsquo;Oberland bernois !<\/p><\/div>\n                <\/div>\n                <\/div>\n            <\/div>\n            <div class=\"row m-0\">\n\t\t\t\t\t\t\t\t\t\t\t\t<div class=\"col-12 col-md-6 p-0\">\n                    <a href=\"https:\/\/engstligenalp.ch\/fr\/hiver\/vivre\/escalade-sur-glace\/\" class=\"img_grid\">\n                        <div class=\"grid__item-img\" data-displacement=\"https:\/\/engstligenalp.ch\/wp-content\/uploads\/\/Eisklettern2.jpg\" data-intensity=\"0.1\">\n                                <img decoding=\"async\" src=\"https:\/\/engstligenalp.ch\/wp-content\/uploads\/\/Eisklettern2.jpg\" class=\"img-fluid\" alt=\"\" title=\"\">\n                        <\/div>\n                        <div class=\"title_info text-r\">\n                            <h3 class=\"heading f_bold\">Escalade sur glace<\/h3>\n                        <\/div>\n                    <\/a>\n                <\/div>\n\t\t\t\t\t\t\t\t<div class=\"col-12 col-md-6 p-0\">\n                    <a href=\"https:\/\/engstligenalp.ch\/fr\/hiver\/vivre\/snowtubing\/\" class=\"img_grid\">\n                        <div class=\"grid__item-img\" data-displacement=\"https:\/\/engstligenalp.ch\/wp-content\/uploads\/TOM_7707.jpg\" data-intensity=\"0.1\">\n                                <img decoding=\"async\" src=\"https:\/\/engstligenalp.ch\/wp-content\/uploads\/TOM_7707.jpg\" class=\"img-fluid\" alt=\"\" title=\"\">\n                        <\/div>\n                        <div class=\"title_info text-r\">\n                            <h3 class=\"heading f_bold\">Snowtubing<\/h3>\n                        <\/div>\n                    <\/a>\n                <\/div>\n\t\t\t\t\t\t\t\t<div class=\"col-12 col-md-6 p-0\">\n                    <a href=\"https:\/\/engstligenalp.ch\/fr\/hiver\/vivre\/randonnee-hivernale\/\" class=\"img_grid\">\n                        <div class=\"grid__item-img\" data-displacement=\"https:\/\/engstligenalp.ch\/wp-content\/uploads\/winterwandern_berneroberland.jpg\" data-intensity=\"0.1\">\n                                <img decoding=\"async\" src=\"https:\/\/engstligenalp.ch\/wp-content\/uploads\/winterwandern_berneroberland.jpg\" class=\"img-fluid\" alt=\"\" title=\"\">\n                        <\/div>\n                        <div class=\"title_info text-r\">\n                            <h3 class=\"heading f_bold\">Randonn\u00e9e hivernale<\/h3>\n                        <\/div>\n                    <\/a>\n                <\/div>\n\t\t\t\t\t\t\t\t<div class=\"col-12 col-md-6 p-0\">\n                    <a href=\"https:\/\/engstligenalp.ch\/fr\/hiver\/vivre\/globi-et-les-enfants\/\" class=\"img_grid\">\n                        <div class=\"grid__item-img\" data-displacement=\"https:\/\/engstligenalp.ch\/wp-content\/uploads\/globi_15.avif\" data-intensity=\"0.1\">\n                                <img decoding=\"async\" src=\"https:\/\/engstligenalp.ch\/wp-content\/uploads\/globi_15.avif\" class=\"img-fluid\" alt=\"\" title=\"\">\n                        <\/div>\n                        <div class=\"title_info text-r\">\n                            <h3 class=\"heading f_bold\">Globi et les enfants<\/h3>\n                        <\/div>\n                    <\/a>\n                <\/div>\n\t\t\t\t\t\t\t\t<div class=\"col-12 col-md-6 p-0\">\n                    <a href=\"https:\/\/engstligenalp.ch\/fr\/hiver\/vivre\/ski-de-fond\/\" class=\"img_grid\">\n                        <div class=\"grid__item-img\" data-displacement=\"https:\/\/engstligenalp.ch\/wp-content\/uploads\/skating_adelboden-1.jpg\" data-intensity=\"0.1\">\n                                <img decoding=\"async\" src=\"https:\/\/engstligenalp.ch\/wp-content\/uploads\/skating_adelboden-1.jpg\" class=\"img-fluid\" alt=\"\" title=\"\">\n                        <\/div>\n                        <div class=\"title_info text-r\">\n                            <h3 class=\"heading f_bold\">Ski de fond<\/h3>\n                        <\/div>\n                    <\/a>\n                <\/div>\n\t\t\t\t\t\t\t\t<div class=\"col-12 col-md-6 p-0\">\n                    <a href=\"https:\/\/engstligenalp.ch\/fr\/hiver\/vivre\/evenements\/\" class=\"img_grid\">\n                        <div class=\"grid__item-img\" data-displacement=\"https:\/\/engstligenalp.ch\/wp-content\/uploads\/nightshot2-jpg.webp\" data-intensity=\"0.1\">\n                                <img decoding=\"async\" src=\"https:\/\/engstligenalp.ch\/wp-content\/uploads\/nightshot2-jpg.webp\" class=\"img-fluid\" alt=\"\" title=\"\">\n                        <\/div>\n                        <div class=\"title_info text-r\">\n                            <h3 class=\"heading f_bold\">\u00c9v\u00e9nements<\/h3>\n                        <\/div>\n                    <\/a>\n                <\/div>\n\t\t\t\t\t\t\t\t<div class=\"col-12 col-md-6 p-0\">\n                    <a href=\"https:\/\/engstligenalp.ch\/fr\/hiver\/vivre\/plateau-chutes-de-lengstligen\/\" class=\"img_grid\">\n                        <div class=\"grid__item-img\" data-displacement=\"https:\/\/engstligenalp.ch\/wp-content\/uploads\/winter_natur_wasserfaelle.jpg\" data-intensity=\"0.1\">\n                                <img decoding=\"async\" src=\"https:\/\/engstligenalp.ch\/wp-content\/uploads\/winter_natur_wasserfaelle.jpg\" class=\"img-fluid\" alt=\"\" title=\"\">\n                        <\/div>\n                        <div class=\"title_info text-r\">\n                            <h3 class=\"heading f_bold\">Plateau &amp; chutes de l&rsquo;Engstligen<\/h3>\n                        <\/div>\n                    <\/a>\n                <\/div>\n\t\t\t\t\t\t\t\t<div class=\"col-12 col-md-6 p-0\">\n                    <a href=\"https:\/\/engstligenalp.ch\/fr\/hiver\/vivre\/ski\/\" class=\"img_grid\">\n                        <div class=\"grid__item-img\" data-displacement=\"https:\/\/engstligenalp.ch\/wp-content\/uploads\/skifahren_01-scaled.jpg\" data-intensity=\"0.1\">\n                                <img decoding=\"async\" src=\"https:\/\/engstligenalp.ch\/wp-content\/uploads\/skifahren_01-scaled.jpg\" class=\"img-fluid\" alt=\"\" title=\"\">\n                        <\/div>\n                        <div class=\"title_info text-r\">\n                            <h3 class=\"heading f_bold\">Faire du ski<\/h3>\n                        <\/div>\n                    <\/a>\n                <\/div>\n\t\t\t\t\t\t\t\t<div class=\"col-12 col-md-6 p-0\">\n                    <a href=\"https:\/\/engstligenalp.ch\/fr\/hiver\/vivre\/randonneesaski\/\" class=\"img_grid\">\n                        <div class=\"grid__item-img\" data-displacement=\"https:\/\/engstligenalp.ch\/wp-content\/uploads\/skitouring_oberland.jpg\" data-intensity=\"0.1\">\n                                <img decoding=\"async\" src=\"https:\/\/engstligenalp.ch\/wp-content\/uploads\/skitouring_oberland.jpg\" class=\"img-fluid\" alt=\"\" title=\"\">\n                        <\/div>\n                        <div class=\"title_info text-r\">\n                            <h3 class=\"heading f_bold\">Randonn\u00e9es \u00e0 ski<\/h3>\n                        <\/div>\n                    <\/a>\n                <\/div>\n\t\t\t\t\t\t\t\t\t            <\/div>\n        <\/section>\n<script type=\"text\/javascript\" src=\"https:\/\/cdnjs.cloudflare.com\/ajax\/libs\/Swiper\/7.3.0\/swiper-bundle.min.js\"><\/script>\n\n  \n\n\n        <section class=\"shaper space_b text-light cta\">\n            <div class=\"triagles_effects full__width_effect shape ondesktop\">\n                <div><\/div>\n                <div class=\"right_bottom_lightblue\" data-aos=\"flip-right\" data-aos-delay=\"100\"><\/div>\n                <div><\/div>\n                <div class=\"right_bottom_grey\" data-aos=\"flip-right\" data-aos-delay=\"200\"><\/div>\n                <div class=\"left_top_green\" data-aos=\"flip-right\" data-aos-delay=\"300\"><\/div>\n                <div class=\"left_top_blue\" data-aos=\"flip-right\" data-aos-delay=\"300\"><\/div>\n                <div class=\"left_top_lightblue\" data-aos=\"flip-right\" data-aos-delay=\"300\"><\/div>\n                <div class=\"right_top_blue\" data-aos=\"flip-right\" data-aos-delay=\"300\"><\/div>\n                <div><\/div>\n                <div class=\"right_top_white\" data-aos=\"flip-right\" data-aos-delay=\"400\"><\/div>\n                <div class=\"left_top_green\" data-aos=\"flip-right\" data-aos-delay=\"400\"><\/div>\n                <div class=\"left_top_lightblue\" data-aos=\"flip-right\" data-aos-delay=\"500\"><\/div>\n            <\/div>\n\t\t\t<div class=\"triagles_effects full__width_effect shape onmobile\">\n                <div><\/div>\n                <div class=\"right_bottom_lightblue\"><\/div>\n                <div><\/div>\n                <div class=\"right_bottom_grey\"><\/div>\n                <div class=\"left_top_green\"><\/div>\n                <div class=\"left_top_blue\"><\/div>\n                <div class=\"left_top_lightblue\"><\/div>\n                <div class=\"right_top_blue\"><\/div>\n                <div><\/div>\n                <div class=\"right_top_lightblue\"><\/div>\n                <div class=\"left_top_grey\"><\/div>\n                <div class=\"left_top_lightblue\"><\/div>\n            <\/div>\n            <div class=\"container-full\">\n            <div class=\"max_90_d\">\n                <div class=\"row \">\n                    <h3 class=\"mb-0 heading shaper__text\">Le moment de vivre quelque chose, c&rsquo;est maintenant !<\/h3>\n\t\t\t\t\t                \t<\/div>\n                <\/div>\n            <\/div>\n        <\/section>","protected":false},"excerpt":{"rendered":"","protected":false},"author":1,"featured_media":16985,"parent":13266,"menu_order":14,"comment_status":"closed","ping_status":"closed","template":"","meta":{"_acf_changed":false,"footnotes":""},"class_list":["post-9130","page","type-page","status-publish","has-post-thumbnail","hentry"],"acf":[],"publishpress_future_workflow_manual_trigger":{"enabledWorkflows":[]},"_links":{"self":[{"href":"https:\/\/engstligenalp.ch\/fr\/wp-json\/wp\/v2\/pages\/9130","targetHints":{"allow":["GET"]}}],"collection":[{"href":"https:\/\/engstligenalp.ch\/fr\/wp-json\/wp\/v2\/pages"}],"about":[{"href":"https:\/\/engstligenalp.ch\/fr\/wp-json\/wp\/v2\/types\/page"}],"author":[{"embeddable":true,"href":"https:\/\/engstligenalp.ch\/fr\/wp-json\/wp\/v2\/users\/1"}],"replies":[{"embeddable":true,"href":"https:\/\/engstligenalp.ch\/fr\/wp-json\/wp\/v2\/comments?post=9130"}],"version-history":[{"count":12,"href":"https:\/\/engstligenalp.ch\/fr\/wp-json\/wp\/v2\/pages\/9130\/revisions"}],"predecessor-version":[{"id":35132,"href":"https:\/\/engstligenalp.ch\/fr\/wp-json\/wp\/v2\/pages\/9130\/revisions\/35132"}],"up":[{"embeddable":true,"href":"https:\/\/engstligenalp.ch\/fr\/wp-json\/wp\/v2\/pages\/13266"}],"wp:featuredmedia":[{"embeddable":true,"href":"https:\/\/engstligenalp.ch\/fr\/wp-json\/wp\/v2\/media\/16985"}],"wp:attachment":[{"href":"https:\/\/engstligenalp.ch\/fr\/wp-json\/wp\/v2\/media?parent=9130"}],"curies":[{"name":"wp","href":"https:\/\/api.w.org\/{rel}","templated":true}]}}