{"id":9139,"date":"2022-05-31T14:06:51","date_gmt":"2022-05-31T12:06:51","guid":{"rendered":"https:\/\/engstligenalp.ch\/histoire\/"},"modified":"2026-04-20T10:07:56","modified_gmt":"2026-04-20T08:07:56","slug":"histoire","status":"publish","type":"page","link":"https:\/\/engstligenalp.ch\/fr\/histoire\/","title":{"rendered":"Histoire"},"content":{"rendered":"\n    <section class=\"full_grid text-light\">\n        <div class=\"container-full\">\n            <div class=\"max_90_d\">\n                <div class=\"row\">\n                                            <h1 class=\"mb-4 heading\">Un alpage avec une histoire<\/h1>\n                                        <div class=\"col-md-8\">\n                        <p>L&rsquo;Engstligenalp a un pass\u00e9 long et mouvement\u00e9 &#8211; de nombreuses coutumes et traditions anciennes sont encore omnipr\u00e9sentes sur le plus grand plateau de Suisse. Mais le mieux est de continuer \u00e0 lire vous-m\u00eame pour en savoir plus sur l&rsquo;histoire de l&rsquo;Engstligenalp.<\/p>\n                                            <\/div>\n                                    <\/div>\n            <\/div>\n        <\/div>\n    <\/section>\n\n\n     \n            <section class=\"column_in_2\" >\n                <div class=\"container-full\">\n                    <div class=\"triagles_effects half_effect_quatre\" data-aos=\"fade-up\" data-aos-delay=\"600\">\n                        <div class=\"half_right_blue\"><\/div>\n                    <\/div>\n                    <div class=\"row max_90_d\">\n                        <div class=\"col-lg-7 p-0 mb-4 order-1 position-relative\" data-aos=\"fade-up\" data-aos-delay=\"200\">\n                            <img decoding=\"async\" src=\"https:\/\/engstligenalp.ch\/wp-content\/uploads\/alpschaft1-jpg.webp\" class=\"img-fluid rounded-2 img-shadow\" alt=\"\" title=\"\">\n                        <\/div>\n                        <div class=\"col-lg-4 margin-left-3 order-2 content\" data-aos=\"fade-up\" data-aos-delay=\"200\">\n                            <h1 class=\"mb-4\">Une longue tradition : le b\u00e9tail \u00e0 l&rsquo;alpage<\/h1>\n                            <div><p>Au 14e si\u00e8cle d\u00e9j\u00e0, il y avait quatre cabanes sur l&rsquo;Engstligenalp. A l&rsquo;\u00e9poque, des brigands venus du Valais auraient emmen\u00e9 le b\u00e9tail sur l&rsquo;alpage et mis le feu aux chalets et \u00e0 la for\u00eat. Plus tard, au 19e si\u00e8cle, la fabrication de draps \u00e9tait florissante dans le Frutigland &#8211; la laine \u00e9tait donc tr\u00e8s appr\u00e9ci\u00e9e. C&rsquo;est pourquoi ce sont surtout des moutons qui paissaient sur l&rsquo;Engstligenalp. Mais un peu de b\u00e9tail d&rsquo;\u00e9tal et pr\u00e8s de 60 jeunes chevaux ont \u00e9galement pass\u00e9 les mois d&rsquo;\u00e9t\u00e9 sur le plus grand plateau de Suisse. Seule une cabane, la \u00ab\u00a0Sch\u00e4ferst\u00e4fi\u00a0\u00bb, s&rsquo;y trouvait \u00e0 l&rsquo;\u00e9poque.<\/p>\n<p>De nos jours, l&rsquo;Englistenalp est un \u00ab\u00a0e gminna B\u00e4rg\u00a0\u00bb, c&rsquo;est-\u00e0-dire une propri\u00e9t\u00e9 communautaire qui peut accueillir 500 t\u00eates de b\u00e9tail pendant 10 semaines. Environ trois semaines avant la mont\u00e9e \u00e0 l&rsquo;alpage, les comptes de la montagne ont lieu \u00e0 Frutigen, o\u00f9 chaque occupant pr\u00e9sente ses comptes. Le d\u00e9m\u00e9nagement \u00e0 travers l&rsquo;Engstligfluh est toujours un grand \u00e9v\u00e9nement, suivi chaque ann\u00e9e par de nombreux badauds. <\/p>\n<\/div>\n                                                                                <\/div>\n                    <\/div>\n                <\/div>\n            <\/section>\n    \n    \n                <section class=\"column_in_2\" >\n                <div class=\"container-full\">\n                    <div class=\"triagles_effects half_effect_quatre right_side_effect\" data-aos=\"fade-up\" data-aos-delay=\"600\">\n                        <div class=\"half_right_lightblue\"><\/div>\n                    <\/div>\n                    <div class=\"row max_90_d\">\n                        <div class=\"col-lg-7 p-0 mb-4 mt-4 margin-left-3 order-md-2 position-relative\" data-aos=\"fade-up\" data-aos-delay=\"200\">\n                            <img decoding=\"async\" src=\"https:\/\/engstligenalp.ch\/wp-content\/uploads\/Edelweiss.jpg\" class=\"img-fluid rounded-2 img-shadow\" alt=\"\" title=\"\">\n                        <\/div>\n                        <div class=\"col-lg-4 order-md-1 content\" data-aos=\"fade-up\" data-aos-delay=\"200\">\n                            <h1 class=\"mb-4\">Spectacle naturel de premi\u00e8re classe<\/h1>\n                            <div><p>Depuis 1948, les deux imposantes chutes d&rsquo;eau, qui se jettent dans le vide en grondant et en \u00e9cumant sur 600 m\u00e8tres, sont prot\u00e9g\u00e9es. Les bouquetins et les marmottes qui vivent en libert\u00e9 sur l&rsquo;Engstligenalp sont au moins aussi particuliers. Sur le plus grand plateau de Suisse poussent de nombreuses plantes prot\u00e9g\u00e9es telles que l&rsquo;edelweiss, la gentiane et le solidage. Ici et l\u00e0, des cristaux de roche limpides scintillent dans d&rsquo;\u00e9troites fissures de la roche. Et \u00e0 travers la vaste plaine coulent tranquillement les petits ruisseaux glaciaires. D\u00e9finitivement un endroit tr\u00e8s sp\u00e9cial !<\/p>\n<\/div>\n                                                                                <\/div>\n                    <\/div>\n                <\/div>\n            <\/section>\n    \n    \n    <section class=\"full_grid text-light\">\n        <div class=\"container-full\">\n            <div class=\"max_90_d\">\n                <div class=\"row\">\n                                            <h1 class=\"mb-4 heading\">De nombreux chemins m\u00e8nent \u00e0 l&rsquo;Engstligenalp<\/h1>\n                                        <div class=\"col-md-8\">\n                        <p>Il existe d\u00e9j\u00e0 des documents datant des temps les plus recul\u00e9s qui peuvent \u00eatre qualifi\u00e9s d&rsquo;\u00e9v\u00e9nements touristiques de l&rsquo;Engstligenalp : De temps en temps, des randonneurs \u00ab\u00a0s&rsquo;\u00e9garaient\u00a0\u00bb sur le plus grand plateau de Suisse. Fin du 19e si\u00e8cle, respectivement au d\u00e9but du Au d\u00e9but du 20e si\u00e8cle, les familles M\u00fcller et B\u00e4rtschi ont ouvert les premi\u00e8res auberges de montagne. C&rsquo;est d&rsquo;ailleurs sur l&rsquo;Engstligenalp qu&rsquo;a \u00e9t\u00e9 construit le premier t\u00e9l\u00e9ph\u00e9rique pour le transport de personnes dans le canton de Berne &#8211; enti\u00e8rement financ\u00e9 par les propres moyens de la famille M\u00fcller. Le t\u00e9l\u00e9ph\u00e9rique a \u00e9t\u00e9 inaugur\u00e9 le 12 septembre 1937 et a d\u00e8s lors amen\u00e9 les touristes \u00e0 l&rsquo;Engstligenalp, \u00e9t\u00e9 comme hiver, avec des cabines \u00e0 quatre places. Une trentaine d&rsquo;ann\u00e9es plus tard, un deuxi\u00e8me t\u00e9l\u00e9ph\u00e9rique avec des cabines de 12 places a pu \u00eatre mis en service, ce qui a d\u00e9finitivement rel\u00e9gu\u00e9 les longs temps d&rsquo;attente au pass\u00e9.<\/p>\n<p>Mais \u00e0 un moment donn\u00e9, le t\u00e9l\u00e9ph\u00e9rique Zw\u00f6lferbahn n&rsquo;a plus \u00e9t\u00e9 en mesure de faire face au tourisme naissant : Apr\u00e8s la construction du t\u00e9l\u00e9ski de Dossen par la soci\u00e9t\u00e9 Skilifte Engstligenalp AG, fond\u00e9e en 1967, les exploitants du t\u00e9l\u00e9ph\u00e9rique d&rsquo;acc\u00e8s ont \u00e9t\u00e9 de plus en plus sous pression. En 1972, la troisi\u00e8me remont\u00e9e a \u00e9t\u00e9 mise en service avec les nouvelles cabines de 40 places. Apr\u00e8s 44 ans d&rsquo;exploitation, le transport est devenu plus confortable et plus rapide. La mesure : deux nouvelles cabines ouvriront la saison d&rsquo;hiver le 17 d\u00e9cembre 2016. Depuis, les installations de sports d&rsquo;hiver ont encore \u00e9t\u00e9 compl\u00e9t\u00e9es par deux autres t\u00e9l\u00e9skis.En outre, le t\u00e9l\u00e9ph\u00e9rique Globi a \u00e9t\u00e9 inaugur\u00e9 en \u00e9t\u00e9 2016.<\/p>\n                                            <\/div>\n                                    <\/div>\n            <\/div>\n        <\/div>\n    <\/section>\n\n\n     \n            <section class=\"column_in_2\" >\n                <div class=\"container-full\">\n                    <div class=\"triagles_effects half_effect_quatre\" data-aos=\"fade-up\" data-aos-delay=\"600\">\n                        <div class=\"half_right_blue\"><\/div>\n                    <\/div>\n                    <div class=\"row max_90_d\">\n                        <div class=\"col-lg-7 p-0 mb-4 order-1 position-relative\" data-aos=\"fade-up\" data-aos-delay=\"200\">\n                            <img decoding=\"async\" src=\"https:\/\/engstligenalp.ch\/wp-content\/uploads\/wasserfall-2.jpg\" class=\"img-fluid rounded-2 img-shadow\" alt=\"\" title=\"\">\n                        <\/div>\n                        <div class=\"col-lg-4 margin-left-3 order-2 content\" data-aos=\"fade-up\" data-aos-delay=\"200\">\n                            <h1 class=\"mb-4\">Destination populaire<\/h1>\n                            <div><p>Aujourd&rsquo;hui, des milliers de touristes visitent chaque ann\u00e9e l&rsquo;Engstligenalp et profitent du calme et de l&rsquo;isolement du plus grand plateau suisse. Gr\u00e2ce \u00e0 sa situation \u00e0 2000 m\u00e8tres d&rsquo;altitude, l&rsquo;Engstligenalp est consid\u00e9r\u00e9e comme un lieu o\u00f9 l&rsquo;enneigement est tr\u00e8s s\u00fbr. La saison d&rsquo;hiver dure de d\u00e9cembre \u00e0 mai et attire donc de nombreux amateurs de neige sur le haut plateau, m\u00eame au printemps. En \u00e9t\u00e9, la r\u00e9serve naturelle avec ses deux imposantes chutes d&rsquo;eau ainsi que sa vaste surface plane invite \u00e0 l&rsquo;\u00e9merveillement, \u00e0 la d\u00e9couverte et \u00e0 l&rsquo;exp\u00e9rience.<\/p>\n<p>Avec la reprise du t\u00e9l\u00e9ph\u00e9rique Engstligenalp AG et de l&rsquo;h\u00f4tel de montagne Engstligenalp AG par Skilifte Engstligenalp AG en 1999, les principaux prestataires touristiques de l&rsquo;Engstligenalp sont aujourd&rsquo;hui tous r\u00e9unis sous un m\u00eame toit.<\/p>\n<\/div>\n                                                                                <\/div>\n                    <\/div>\n                <\/div>\n            <\/section>\n    \n      \n\n\n        <section class=\"shaper space_b text-light cta\">\n            <div class=\"triagles_effects full__width_effect shape ondesktop\">\n                <div><\/div>\n                <div class=\"right_bottom_lightblue\" data-aos=\"flip-right\" data-aos-delay=\"100\"><\/div>\n                <div><\/div>\n                <div class=\"right_bottom_grey\" data-aos=\"flip-right\" data-aos-delay=\"200\"><\/div>\n                <div class=\"left_top_green\" data-aos=\"flip-right\" data-aos-delay=\"300\"><\/div>\n                <div class=\"left_top_blue\" data-aos=\"flip-right\" data-aos-delay=\"300\"><\/div>\n                <div class=\"left_top_lightblue\" data-aos=\"flip-right\" data-aos-delay=\"300\"><\/div>\n                <div class=\"right_top_blue\" data-aos=\"flip-right\" data-aos-delay=\"300\"><\/div>\n                <div><\/div>\n                <div class=\"right_top_white\" data-aos=\"flip-right\" data-aos-delay=\"400\"><\/div>\n                <div class=\"left_top_green\" data-aos=\"flip-right\" data-aos-delay=\"400\"><\/div>\n                <div class=\"left_top_lightblue\" data-aos=\"flip-right\" data-aos-delay=\"500\"><\/div>\n            <\/div>\n\t\t\t<div class=\"triagles_effects full__width_effect shape onmobile\">\n                <div><\/div>\n                <div class=\"right_bottom_lightblue\"><\/div>\n                <div><\/div>\n                <div class=\"right_bottom_grey\"><\/div>\n                <div class=\"left_top_green\"><\/div>\n                <div class=\"left_top_blue\"><\/div>\n                <div class=\"left_top_lightblue\"><\/div>\n                <div class=\"right_top_blue\"><\/div>\n                <div><\/div>\n                <div class=\"right_top_lightblue\"><\/div>\n                <div class=\"left_top_grey\"><\/div>\n                <div class=\"left_top_lightblue\"><\/div>\n            <\/div>\n            <div class=\"container-full\">\n            <div class=\"max_90_d\">\n                <div class=\"row \">\n                    <h3 class=\"mb-0 heading shaper__text\">Nous sommes \u00e0 votre disposition pour tout renseignement compl\u00e9mentaire<\/h3>\n\t\t\t\t\t\t\t\t\t\t\t<div class=\"mt-4\">\n\t\t\t\t\t\t\t\t\t<a href=\"https:\/\/engstligenalp.ch\/kontakt\/\" class=\"btn btn-success btn-rounded\" target=\"_SELF\">Contactez-nous maintenant<\/a>\n\t\t\t\t\t\t\t\t\t\t<\/div>                \t<\/div>\n                <\/div>\n            <\/div>\n        <\/section>","protected":false},"excerpt":{"rendered":"","protected":false},"author":1,"featured_media":0,"parent":0,"menu_order":10,"comment_status":"closed","ping_status":"closed","template":"","meta":{"_acf_changed":false,"footnotes":""},"class_list":["post-9139","page","type-page","status-publish","hentry"],"acf":[],"publishpress_future_workflow_manual_trigger":{"enabledWorkflows":[]},"_links":{"self":[{"href":"https:\/\/engstligenalp.ch\/fr\/wp-json\/wp\/v2\/pages\/9139","targetHints":{"allow":["GET"]}}],"collection":[{"href":"https:\/\/engstligenalp.ch\/fr\/wp-json\/wp\/v2\/pages"}],"about":[{"href":"https:\/\/engstligenalp.ch\/fr\/wp-json\/wp\/v2\/types\/page"}],"author":[{"embeddable":true,"href":"https:\/\/engstligenalp.ch\/fr\/wp-json\/wp\/v2\/users\/1"}],"replies":[{"embeddable":true,"href":"https:\/\/engstligenalp.ch\/fr\/wp-json\/wp\/v2\/comments?post=9139"}],"version-history":[{"count":4,"href":"https:\/\/engstligenalp.ch\/fr\/wp-json\/wp\/v2\/pages\/9139\/revisions"}],"predecessor-version":[{"id":28833,"href":"https:\/\/engstligenalp.ch\/fr\/wp-json\/wp\/v2\/pages\/9139\/revisions\/28833"}],"wp:attachment":[{"href":"https:\/\/engstligenalp.ch\/fr\/wp-json\/wp\/v2\/media?parent=9139"}],"curies":[{"name":"wp","href":"https:\/\/api.w.org\/{rel}","templated":true}]}}