{"id":9144,"date":"2022-05-31T14:10:32","date_gmt":"2022-05-31T12:10:32","guid":{"rendered":"https:\/\/engstligenalp.ch\/hiver\/dormir\/"},"modified":"2026-04-10T17:54:15","modified_gmt":"2026-04-10T15:54:15","slug":"dormir","status":"publish","type":"page","link":"https:\/\/engstligenalp.ch\/fr\/hiver\/dormir\/","title":{"rendered":"Dormir"},"content":{"rendered":"\n\t<section class=\"full_grid text-light pb-0\">\n            <div class=\"container-full mb-5\">\n             <div class=\"max_90_d\">\n                <div class=\"row \">\n                    <h1 class=\"mb-4 heading\">S&rsquo;enregistrer. Exp\u00e9rimenter. Se souvenir.<\/h1>\n                    <div class=\"col-md-8 col-12\"><p>Pourquoi quitter l&rsquo;Engstligenalp d\u00e8s la derni\u00e8re descente alors qu&rsquo;il est possible de prolonger son s\u00e9jour et d&rsquo;y passer la nuit ? Lorsque le soleil se couche lentement \u00e0 l&rsquo;horizon, une magie particuli\u00e8re se r\u00e9pand en effet sur le plus grand plateau de Suisse. Laisse-toi donc envo\u00fbter encore un peu plus longtemps &#8211; avec une bonne fondue dans l&rsquo;igloo, quelques moments de calme dans le sauna ou au plus tard lorsque tu te coucheras comme une marmotte \u00e0 l&rsquo;h\u00f4tel de montagne, dans la Sennh\u00fctte ou dans la d\u00e9pendance Wildstrubel.<\/p><\/div>\n                <\/div>\n                <\/div>\n            <\/div>\n            <div class=\"row m-0\">\n\t\t\t\t\t\t\t\t\t\t\t\t<div class=\"col-12 col-md-6 p-0\">\n                    <a href=\"https:\/\/engstligenalp.ch\/fr\/hiver\/dormir\/igloo-de-sommeil\/\" class=\"img_grid\">\n                        <div class=\"grid__item-img\" data-displacement=\"https:\/\/engstligenalp.ch\/wp-content\/uploads\/\/winter-schlafiglu.jpg\" data-intensity=\"0.1\">\n                                <img decoding=\"async\" src=\"https:\/\/engstligenalp.ch\/wp-content\/uploads\/\/winter-schlafiglu.jpg\" class=\"img-fluid\" alt=\"\" title=\"\">\n                        <\/div>\n                        <div class=\"title_info text-r\">\n                            <h3 class=\"heading f_bold\">Igloo de sommeil<\/h3>\n                        <\/div>\n                    <\/a>\n                <\/div>\n\t\t\t\t\t\t\t\t<div class=\"col-12 col-md-6 p-0\">\n                    <a href=\"https:\/\/engstligenalp.ch\/fr\/hiver\/dormir\/hotel-de-montagne\/\" class=\"img_grid\">\n                        <div class=\"grid__item-img\" data-displacement=\"https:\/\/engstligenalp.ch\/wp-content\/uploads\/Sennhuette_Standard_1-1.jpg\" data-intensity=\"0.1\">\n                                <img decoding=\"async\" src=\"https:\/\/engstligenalp.ch\/wp-content\/uploads\/Sennhuette_Standard_1-1.jpg\" class=\"img-fluid\" alt=\"\" title=\"\">\n                        <\/div>\n                        <div class=\"title_info text-r\">\n                            <h3 class=\"heading f_bold\">H\u00f4tel de montagne<\/h3>\n                        <\/div>\n                    <\/a>\n                <\/div>\n\t\t\t\t\t\t\t\t\t            <\/div>\n        <\/section>\n<script type=\"text\/javascript\" src=\"https:\/\/cdnjs.cloudflare.com\/ajax\/libs\/Swiper\/7.3.0\/swiper-bundle.min.js\"><\/script>\n\n  \n\n\n        <section class=\"shaper space_b text-light cta\">\n            <div class=\"triagles_effects full__width_effect shape ondesktop\">\n                <div><\/div>\n                <div class=\"right_bottom_lightblue\" data-aos=\"flip-right\" data-aos-delay=\"100\"><\/div>\n                <div><\/div>\n                <div class=\"right_bottom_grey\" data-aos=\"flip-right\" data-aos-delay=\"200\"><\/div>\n                <div class=\"left_top_green\" data-aos=\"flip-right\" data-aos-delay=\"300\"><\/div>\n                <div class=\"left_top_blue\" data-aos=\"flip-right\" data-aos-delay=\"300\"><\/div>\n                <div class=\"left_top_lightblue\" data-aos=\"flip-right\" data-aos-delay=\"300\"><\/div>\n                <div class=\"right_top_blue\" data-aos=\"flip-right\" data-aos-delay=\"300\"><\/div>\n                <div><\/div>\n                <div class=\"right_top_white\" data-aos=\"flip-right\" data-aos-delay=\"400\"><\/div>\n                <div class=\"left_top_green\" data-aos=\"flip-right\" data-aos-delay=\"400\"><\/div>\n                <div class=\"left_top_lightblue\" data-aos=\"flip-right\" data-aos-delay=\"500\"><\/div>\n            <\/div>\n\t\t\t<div class=\"triagles_effects full__width_effect shape onmobile\">\n                <div><\/div>\n                <div class=\"right_bottom_lightblue\"><\/div>\n                <div><\/div>\n                <div class=\"right_bottom_grey\"><\/div>\n                <div class=\"left_top_green\"><\/div>\n                <div class=\"left_top_blue\"><\/div>\n                <div class=\"left_top_lightblue\"><\/div>\n                <div class=\"right_top_blue\"><\/div>\n                <div><\/div>\n                <div class=\"right_top_lightblue\"><\/div>\n                <div class=\"left_top_grey\"><\/div>\n                <div class=\"left_top_lightblue\"><\/div>\n            <\/div>\n            <div class=\"container-full\">\n            <div class=\"max_90_d\">\n                <div class=\"row \">\n                    <h3 class=\"mb-0 heading shaper__text\">Le moment de vivre quelque chose, c&rsquo;est maintenant !<\/h3>\n\t\t\t\t\t\t\t\t\t\t\t<div class=\"mt-4\">\n\t\t\t\t\t\t\t\t\t\t\t<a href=\"https:\/\/www.simplebooking.it\/ibe\/hotelbooking\/search?hid=7607&amp;lang=fr\" target=\"_BLANK\" class=\"btn btn-success btn-rounded\" rel=\"nofollow noopener\">V\u00e9rifier la disponibilit\u00e9<\/a>\t\t\t\t\t<\/div>                \t<\/div>\n                <\/div>\n            <\/div>\n        <\/section>","protected":false},"excerpt":{"rendered":"","protected":false},"author":1,"featured_media":22800,"parent":13266,"menu_order":27,"comment_status":"closed","ping_status":"closed","template":"","meta":{"_acf_changed":false,"footnotes":""},"class_list":["post-9144","page","type-page","status-publish","has-post-thumbnail","hentry"],"acf":[],"publishpress_future_workflow_manual_trigger":{"enabledWorkflows":[]},"_links":{"self":[{"href":"https:\/\/engstligenalp.ch\/fr\/wp-json\/wp\/v2\/pages\/9144","targetHints":{"allow":["GET"]}}],"collection":[{"href":"https:\/\/engstligenalp.ch\/fr\/wp-json\/wp\/v2\/pages"}],"about":[{"href":"https:\/\/engstligenalp.ch\/fr\/wp-json\/wp\/v2\/types\/page"}],"author":[{"embeddable":true,"href":"https:\/\/engstligenalp.ch\/fr\/wp-json\/wp\/v2\/users\/1"}],"replies":[{"embeddable":true,"href":"https:\/\/engstligenalp.ch\/fr\/wp-json\/wp\/v2\/comments?post=9144"}],"version-history":[{"count":11,"href":"https:\/\/engstligenalp.ch\/fr\/wp-json\/wp\/v2\/pages\/9144\/revisions"}],"predecessor-version":[{"id":30235,"href":"https:\/\/engstligenalp.ch\/fr\/wp-json\/wp\/v2\/pages\/9144\/revisions\/30235"}],"up":[{"embeddable":true,"href":"https:\/\/engstligenalp.ch\/fr\/wp-json\/wp\/v2\/pages\/13266"}],"wp:featuredmedia":[{"embeddable":true,"href":"https:\/\/engstligenalp.ch\/fr\/wp-json\/wp\/v2\/media\/22800"}],"wp:attachment":[{"href":"https:\/\/engstligenalp.ch\/fr\/wp-json\/wp\/v2\/media?parent=9144"}],"curies":[{"name":"wp","href":"https:\/\/api.w.org\/{rel}","templated":true}]}}