{"id":9172,"date":"2022-05-31T14:44:30","date_gmt":"2022-05-31T12:44:30","guid":{"rendered":"https:\/\/engstligenalp.ch\/prix\/"},"modified":"2026-05-08T09:30:45","modified_gmt":"2026-05-08T07:30:45","slug":"prix","status":"publish","type":"page","link":"https:\/\/engstligenalp.ch\/fr\/prix\/","title":{"rendered":"Prix"},"content":{"rendered":"    <section class=\"faq text-light\" style=\"overflow: hidden;\">\n        <div class=\"container-full\" data-aos=\"fade-up\">\n            <div class=\"triagles_effects middle_effect\">\n                <div class=\"half_left_lightblue\"><\/div>\n            <\/div>\n            <div class=\"max_90_d\">\n                <div class=\"row \">\n                    <h1 class=\"mb-4 heading\">Prix<\/h1>\n                                            <div class=\"col-md-7 mb-5\"><p><a href=\"https:\/\/www.adelboden-lenk.ch\/fr\/Shop\/Ticketuebersicht?area=48\" class=\"btn btn-success btn-rounded\" target=\"_BLANK\" rel=\"nofollow noopener\">Acheter un billet de remont\u00e9es m\u00e9caniques en ligne<\/a><\/p>\n<p>R\u00e9ductions avec 1\/2-Tax &amp; AG (Swisspass), FVP et Swiss Card.<br \/>\nLa carte Junior &amp; la carte de co-voyage des CFF et le passeport r\u00e9gional de l&rsquo;Oberland bernois voyagent gratuitement chez nous (hors forfaits de ski).<br \/>\nLes chiens sont transport\u00e9s gratuitement.<br \/>\nPas de transport de v\u00e9los\/bikes (r\u00e9serve naturelle).\u200b<\/p>\n<\/div>\n                                    <\/div>\n                <div class=\"\">\n                    <div class=\"row\">\n                        <div class=\"faq-list faq-list-1577637973\">\n                            <ul>\n                                                                    <li data-aos=\"fade-up\" data-aos-delay=\"100\" class=\"faq_item\">\n                                        <div data-bs-toggle=\"collapse\" class=\"collapse f_bold collapsed\" data-bs-target=\"#faq-list-01447901473\">\n                                            Tarifs des t\u00e9l\u00e9ph\u00e9riques Aller \/ Retour <i class=\"bx bx-plus icon-show\"><\/i>\n                                            <i class=\"bx bx-minus icon-close\"><\/i>\n                                        <\/div>\n                                        <div id=\"faq-list-01447901473\" class=\"collapse\" data-bs-parent=\".faq-list-1577637973\">\n                                            <p>Les groupes et les \u00e9coles b\u00e9n\u00e9ficient de tarifs de groupe r\u00e9duits \u00e0 partir de 10 personnes en cas d&rsquo;achat simultan\u00e9 de billets. Pour cela, il est imp\u00e9ratif de s&rsquo;inscrire au pr\u00e9alable jusqu&rsquo;\u00e0 la veille \u00e0 15 heures.<\/p>\n<table id=\"tablepress-56\" class=\"tablepress tablepress-id-56 preise tablepress-responsive tablepress-responsive-stack-tablet\">\n<thead>\n<tr class=\"row-1\">\n<th class=\"column-1\">Prix du t\u00e9l\u00e9ph\u00e9rique\t<\/th>\n<th class=\"column-2\">Simplement<\/th>\n<th class=\"column-3\">Retour<\/th>\n<\/tr>\n<\/thead>\n<tbody>\n<tr class=\"row-2\">\n<td class=\"column-1\">Adultes<\/td>\n<td class=\"column-2\">CHF 26<\/td>\n<td class=\"column-3\">CHF 37<\/td>\n<\/tr>\n<tr class=\"row-3\">\n<td class=\"column-1\">Enfants (6 &#8211; 15 ans)<\/td>\n<td class=\"column-2\">CHF 13<\/td>\n<td class=\"column-3\">CHF 18.50<\/td>\n<\/tr>\n<\/tbody>\n<\/table>\n<p><!-- #tablepress-56 from cache --><\/p>\n<p><\/p>\n<table id=\"tablepress-57\" class=\"tablepress tablepress-id-57 preise tablepress-responsive tablepress-responsive-stack-tablet\">\n<thead>\n<tr class=\"row-1\">\n<th class=\"column-1\">R\u00e9ductions avec<br \/>\n1\/2-Tax &amp; AG (Swisspass), FVP, Swiss Card<\/th>\n<th class=\"column-2\">Simplement<\/th>\n<th class=\"column-3\">Retour<\/th>\n<\/tr>\n<\/thead>\n<tbody>\n<tr class=\"row-2\">\n<td class=\"column-1\">Adultes<\/td>\n<td class=\"column-2\">CHF 13<\/td>\n<td class=\"column-3\">CHF 18.50<\/td>\n<\/tr>\n<\/tbody>\n<\/table>\n<p><!-- #tablepress-57 from cache --><\/p>\n<p><\/p>\n<table id=\"tablepress-67\" class=\"tablepress tablepress-id-67 preise tablepress-responsive tablepress-responsive-stack-tablet\">\n<thead>\n<tr class=\"row-1\">\n<th class=\"column-1\">R\u00e9duction avec<br \/>\nCarte d&rsquo;h\u00f4te, forfait de ski Top4 22\/23<\/th>\n<th class=\"column-2\">Simplement<\/th>\n<th class=\"column-3\">Retour<\/th>\n<\/tr>\n<\/thead>\n<tbody>\n<tr class=\"row-2\">\n<td class=\"column-1\">Adultes<\/td>\n<td class=\"column-2\">CHF 21<\/td>\n<td class=\"column-3\">CHF 30<\/td>\n<\/tr>\n<tr class=\"row-3\">\n<td class=\"column-1\">Enfants (6 &#8211; 15 ans)<\/td>\n<td class=\"column-2\">CHF 11<\/td>\n<td class=\"column-3\">CHF 15<\/td>\n<\/tr>\n<\/tbody>\n<\/table>\n<p><!-- #tablepress-67 from cache --><\/p>\n<p><\/p>\n<table id=\"tablepress-109\" class=\"tablepress tablepress-id-109 preise tablepress-responsive tablepress-responsive-stack-tablet\">\n<thead>\n<tr class=\"row-1\">\n<th class=\"column-1\">Cartes multi-trajets<\/th>\n<th class=\"column-2\">Abo demi-tarif<\/th>\n<th class=\"column-3\">sans Abo demi-tarif<\/th>\n<\/tr>\n<\/thead>\n<tbody>\n<tr class=\"row-2\">\n<td class=\"column-1\">10 trajets\/ 5 Retour<\/td>\n<td class=\"column-2\">CHF 74<\/td>\n<td class=\"column-3\">CHF 148<\/td>\n<\/tr>\n<tr class=\"row-3\">\n<td class=\"column-1\">14 trajets \/ 7 Retour<\/td>\n<td class=\"column-2\">CHF 92.50<\/td>\n<td class=\"column-3\">CHF 185<\/td>\n<\/tr>\n<\/tbody>\n<\/table>\n<p><!-- #tablepress-109 from cache --><\/p>\n<p><\/p>\n<table id=\"tablepress-58\" class=\"tablepress tablepress-id-58 preise tablepress-responsive tablepress-responsive-stack-tablet\">\n<thead>\n<tr class=\"row-1\">\n<th class=\"column-1\">Avec la carte \u00e0 points<\/th>\n<th class=\"column-2\">Simplement<\/th>\n<th class=\"column-3\">Retour<\/th>\n<\/tr>\n<\/thead>\n<tbody>\n<tr class=\"row-2\">\n<td class=\"column-1\">Points d\u00e9valu\u00e9s<\/td>\n<td class=\"column-2\">13<\/td>\n<td class=\"column-3\">26<\/td>\n<\/tr>\n<\/tbody>\n<\/table>\n<p><!-- #tablepress-58 from cache --><\/p>\n<p><\/p>\n<table id=\"tablepress-59\" class=\"tablepress tablepress-id-59 preise tablepress-responsive tablepress-responsive-stack-tablet\">\n<thead>\n<tr class=\"row-1\">\n<th class=\"column-1\">Pour les groupes \u00e0 partir de 10 personnes\t<\/th>\n<th class=\"column-2\">Simplement<\/th>\n<th class=\"column-3\">Retour<\/th>\n<\/tr>\n<\/thead>\n<tbody>\n<tr class=\"row-2\">\n<td class=\"column-1\">Adultes<\/td>\n<td class=\"column-2\">CHF 18<\/td>\n<td class=\"column-3\">CHF 26<\/td>\n<\/tr>\n<tr class=\"row-3\">\n<td class=\"column-1\">Enfants (6 &#8211; 15 ans)<\/td>\n<td class=\"column-2\">CHF 9<\/td>\n<td class=\"column-3\">CHF 13<\/td>\n<\/tr>\n<\/tbody>\n<\/table>\n<p><!-- #tablepress-59 from cache --><\/p>\n                                        <\/div>\n                                    <\/li>\n                                                                        <li data-aos=\"fade-up\" data-aos-delay=\"100\" class=\"faq_item\">\n                                        <div data-bs-toggle=\"collapse\" class=\"collapse f_bold collapsed\" data-bs-target=\"#faq-list-11645345281\">\n                                            Le t\u00e9l\u00e9ph\u00e9rique, un succ\u00e8s familial <i class=\"bx bx-plus icon-show\"><\/i>\n                                            <i class=\"bx bx-minus icon-close\"><\/i>\n                                        <\/div>\n                                        <div id=\"faq-list-11645345281\" class=\"collapse\" data-bs-parent=\".faq-list-1577637973\">\n                                            <table id=\"tablepress-71\" class=\"tablepress tablepress-id-71 tablepress-responsive tablepress-responsive-stack-tablet\">\n<thead>\n<tr class=\"row-1\">\n<th class=\"column-1\">Offre hit familial<\/th>\n<th class=\"column-2\">Prix<\/th>\n<\/tr>\n<\/thead>\n<tbody>\n<tr class=\"row-2\">\n<td class=\"column-1\">Aller-retour en t\u00e9l\u00e9ph\u00e9rique pour 2 adultes + 4 enfants max.<\/td>\n<td class=\"column-2\">CHF 72<\/td>\n<\/tr>\n<\/tbody>\n<\/table>\n<p><!-- #tablepress-71 from cache --><\/p>\n                                        <\/div>\n                                    <\/li>\n                                                                        <li data-aos=\"fade-up\" data-aos-delay=\"100\" class=\"faq_item\">\n                                        <div data-bs-toggle=\"collapse\" class=\"collapse f_bold collapsed\" data-bs-target=\"#faq-list-2346916566\">\n                                            Passeport de randonn\u00e9e <i class=\"bx bx-plus icon-show\"><\/i>\n                                            <i class=\"bx bx-minus icon-close\"><\/i>\n                                        <\/div>\n                                        <div id=\"faq-list-2346916566\" class=\"collapse\" data-bs-parent=\".faq-list-1577637973\">\n                                            <p>Le forfait randonn\u00e9e Adelboden-Lenk vous offre une libert\u00e9 sans limites en montagne. D\u00e9couvrez les plus beaux paysages, les itin\u00e9raires de randonn\u00e9e, des aventures passionnantes et des d\u00e9lices culinaires dans les cinq r\u00e9gions d&rsquo;Engstligenalp, Elsigen-Metsch, Tschentenalp, Betelberg et VogellisiBerg. Valable du 8 mai \u00e0 fin octobre, ce pass est votre compagnon id\u00e9al pour un \u00e9t\u00e9 inoubliable &#8211; et une occasion parfaite de vous \u00e9vader du quotidien.  <\/p>\n<p><\/p>\n<table id=\"tablepress-101\" class=\"tablepress tablepress-id-101 tablepress-responsive tablepress-responsive-stack-tablet\">\n<thead>\n<tr class=\"row-1\">\n<th class=\"column-1\">Cat\u00e9gorie<\/th>\n<th class=\"column-2\">Standard<\/th>\n<th class=\"column-3\">Pour les d\u00e9tenteurs de l&rsquo;AlpsPass<\/th>\n<\/tr>\n<\/thead>\n<tbody>\n<tr class=\"row-2\">\n<td class=\"column-1\">Adultes<\/td>\n<td class=\"column-2\">CHF 295<\/td>\n<td class=\"column-3\">CHF 100<\/td>\n<\/tr>\n<tr class=\"row-3\">\n<td class=\"column-1\">Adolescents (16-19 ans)<\/td>\n<td class=\"column-2\">CHF 239<\/td>\n<td class=\"column-3\">CHF 80<\/td>\n<\/tr>\n<tr class=\"row-4\">\n<td class=\"column-1\">Enfants (6 &#8211; 15 ans)<\/td>\n<td class=\"column-2\">CHF 129<\/td>\n<td class=\"column-3\">CHF 60<\/td>\n<\/tr>\n<\/tbody>\n<\/table>\n<p><!-- #tablepress-101 from cache --><\/p>\n<p><\/p>\n                                        <\/div>\n                                    <\/li>\n                                                                        <li data-aos=\"fade-up\" data-aos-delay=\"100\" class=\"faq_item\">\n                                        <div data-bs-toggle=\"collapse\" class=\"collapse f_bold collapsed\" data-bs-target=\"#faq-list-3244830233\">\n                                            Abonnements de saison et annuels Adelboden-Lenk 2026\/2027 <i class=\"bx bx-plus icon-show\"><\/i>\n                                            <i class=\"bx bx-minus icon-close\"><\/i>\n                                        <\/div>\n                                        <div id=\"faq-list-3244830233\" class=\"collapse\" data-bs-parent=\".faq-list-1577637973\">\n                                            <p>Sont autoris\u00e9es \u00e0 acheter l&rsquo;abonnement saisonnier Adelboden-Lenk pour les habitants locaux toutes les personnes ayant leur domicile civil et fiscal dans les communes d&rsquo;Adelboden, Aeschi, Boltigen, D\u00e4rstetten, Erlenbach, Frutigen, Gsteig, Kandergrund, Kandersteg, Krattigen, Lauenen, Lenk, Oberwil, Reichenbach, Rougemont, Saanen, St. Stephan ou Zweisimmen. La pr\u00e9vente d\u00e9bute le 1er septembre et se termine le 15 d\u00e9cembre 2026.<\/p>\n<p>Les d\u00e9tenteurs d&rsquo;un abonnement hivernal 2026\/27 Adelboden-Lenk ont la possibilit\u00e9 d&rsquo;acheter l&rsquo;abonnement combin\u00e9 incluant le pass randonn\u00e9e estivale Adelboden-Lenk 2027 moyennant un suppl\u00e9ment de 150 francs (jeunes : + CHF 80, enfants + CHF 40).<\/p>\n<p><\/p>\n<p><a href=\"https:\/\/www.adelboden-lenk.ch\/abonnements#habitants\" class=\"btn btn-success btn-rounded\" target=\"_BLANK\" rel=\"nofollow noopener\">Abonnement saisonnier Adelboden-Lenk pour les habitants de la r\u00e9gion<\/a><\/p>\n<p>La carte annuelle pour les r\u00e9sidents secondaires permet de voyager gratuitement toute l&rsquo;ann\u00e9e sur tous les transports de la r\u00e9gion de ski et de v\u00e9lo d&rsquo;Adelboden-Lenk. Cette nouvelle offre s&rsquo;adresse aux propri\u00e9taires d&rsquo;une r\u00e9sidence secondaire ou aux locataires permanents d&rsquo;un appartement de vacances (avec un contrat de location \u00e0 dur\u00e9e ind\u00e9termin\u00e9e) dans les communes d&rsquo;Adelboden, Lenk et Frutigen. Cela inclut \u00e9galement les locataires permanents d&rsquo;un emplacement pour caravanes et camping-cars. Pour acheter la carte annuelle, il faut disposer d&rsquo;une adresse de r\u00e9sidence secondaire dans les communes d\u00e9finies et d&rsquo;une carte d&rsquo;h\u00f4te annuelle valide. La carte d&rsquo;h\u00f4te est lue sur place et doit \u00eatre imprim\u00e9e ou pr\u00e9sent\u00e9e sur le t\u00e9l\u00e9phone portable pour toutes les personnes.<\/p>\n<p>La pr\u00e9vente commence le 1er septembre 2026.<\/p>\n<p><\/p>\n<p><a href=\"https:\/\/www.adelboden-lenk.ch\/abonnements#secondaires\" class=\"btn btn-success btn-rounded\" target=\"_BLANK\" rel=\"nofollow noopener\">Carte annuelle pour les r\u00e9sidents secondaires<\/a><\/p>\n<p><\/p>\n                                        <\/div>\n                                    <\/li>\n                                                                        <li data-aos=\"fade-up\" data-aos-delay=\"100\" class=\"faq_item\">\n                                        <div data-bs-toggle=\"collapse\" class=\"collapse f_bold collapsed\" data-bs-target=\"#faq-list-4879290175\">\n                                            AlpsPass hiver 2026\/2027 <i class=\"bx bx-plus icon-show\"><\/i>\n                                            <i class=\"bx bx-minus icon-close\"><\/i>\n                                        <\/div>\n                                        <div id=\"faq-list-4879290175\" class=\"collapse\" data-bs-parent=\".faq-list-1577637973\">\n                                            <p>Un forfait pour profiter encore plus de l&rsquo;hiver, une offre vraiment adapt\u00e9e aux familles et une qualit\u00e9 irr\u00e9prochable ! Adelboden-Lenk, l&rsquo;Aletsch Arena, Engelberg-Titlis ainsi que le domaine skiable de la Jungfrau proposent, avec l&rsquo;AlpsPass, un forfait hivernal qui regroupe certains des meilleurs domaines skiables de Suisse.<\/p>\n<p><\/p>\n<p><a href=\"https:\/\/www.adelboden-lenk.ch\/abonnements#alpspassfr\" class=\"btn btn-success btn-rounded\" target=\"_BLANK\" rel=\"nofollow noopener\">En savoir plus<\/a><\/p>\n<p><\/p>\n<p><a href=\"http:\/\/www.alpspass.ski\/fr\" class=\"btn btn-success btn-rounded\" target=\"_BLANK\" rel=\"nofollow noopener\">Informations sur AlpsPass<\/a><\/p>\n<p><\/p>\n<p>La pr\u00e9vente d\u00e9butera le 1er septembre 2026.<\/p>\n                                        <\/div>\n                                    <\/li>\n                                                                <\/ul>\n                        <\/div>\n                    <\/div>\n                    <div class=\"right_top_green magic to_right2 to_bottom z-before p-0\" data-bottom-center=\"transform: translate(0,5vh)\" data-top-center=\"transform: translate(0,-15vh)\"><\/div>\n                <\/div>\n            <\/div>\n        <\/div>\n    <\/section>\n    ","protected":false},"excerpt":{"rendered":"","protected":false},"author":1,"featured_media":0,"parent":0,"menu_order":30,"comment_status":"closed","ping_status":"closed","template":"","meta":{"_acf_changed":false,"footnotes":""},"class_list":["post-9172","page","type-page","status-publish","hentry"],"acf":[],"publishpress_future_workflow_manual_trigger":{"enabledWorkflows":[]},"_links":{"self":[{"href":"https:\/\/engstligenalp.ch\/fr\/wp-json\/wp\/v2\/pages\/9172","targetHints":{"allow":["GET"]}}],"collection":[{"href":"https:\/\/engstligenalp.ch\/fr\/wp-json\/wp\/v2\/pages"}],"about":[{"href":"https:\/\/engstligenalp.ch\/fr\/wp-json\/wp\/v2\/types\/page"}],"author":[{"embeddable":true,"href":"https:\/\/engstligenalp.ch\/fr\/wp-json\/wp\/v2\/users\/1"}],"replies":[{"embeddable":true,"href":"https:\/\/engstligenalp.ch\/fr\/wp-json\/wp\/v2\/comments?post=9172"}],"version-history":[{"count":93,"href":"https:\/\/engstligenalp.ch\/fr\/wp-json\/wp\/v2\/pages\/9172\/revisions"}],"predecessor-version":[{"id":35953,"href":"https:\/\/engstligenalp.ch\/fr\/wp-json\/wp\/v2\/pages\/9172\/revisions\/35953"}],"wp:attachment":[{"href":"https:\/\/engstligenalp.ch\/fr\/wp-json\/wp\/v2\/media?parent=9172"}],"curies":[{"name":"wp","href":"https:\/\/api.w.org\/{rel}","templated":true}]}}