{"id":9178,"date":"2022-06-01T16:09:11","date_gmt":"2022-06-01T14:09:11","guid":{"rendered":"https:\/\/engstligenalp.ch\/hiver\/repas\/restaurant\/"},"modified":"2026-04-23T22:38:39","modified_gmt":"2026-04-23T20:38:39","slug":"restaurant","status":"publish","type":"page","link":"https:\/\/engstligenalp.ch\/fr\/hiver\/repas\/restaurant\/","title":{"rendered":"Restaurant"},"content":{"rendered":"\n    <section class=\"full_grid text-light\">\n        <div class=\"container-full\">\n            <div class=\"max_90_d\">\n                <div class=\"row\">\n                                            <h1 class=\"mb-4 heading\">Manger au restaurant avec vue<\/h1>\n                                        <div class=\"col-md-8\">\n                        <p>Dans le restaurant de notre h\u00f4tel de montagne, vous ne savourez pas seulement les d\u00e9licieuses cr\u00e9ations de notre cuisine, mais aussi une vue qui vous enchantera. \u00c0 travers les grandes fen\u00eatres panoramiques ou depuis la terrasse ensoleill\u00e9e, la vue sur les vastes plateaux et les majestueuses montagnes vous coupera le souffle. Mais attention, il ne faut pas oublier de manger&#8230; M\u00eame si nous doutons que cette vue vous rassasie un jour.   <\/p>\n                                            <\/div>\n                                    <\/div>\n            <\/div>\n        <\/div>\n    <\/section>\n\n\n     \n            <section class=\"column_in_2\" >\n                <div class=\"container-full\">\n                    <div class=\"triagles_effects half_effect_quatre\" data-aos=\"fade-up\" data-aos-delay=\"600\">\n                        <div class=\"half_right_blue\"><\/div>\n                    <\/div>\n                    <div class=\"row max_90_d\">\n                        <div class=\"col-lg-7 p-0 mb-4 order-1 position-relative\" data-aos=\"fade-up\" data-aos-delay=\"200\">\n                            <img decoding=\"async\" src=\"https:\/\/engstligenalp.ch\/wp-content\/uploads\/Unterseite_Essen_Restaurant_800x600.webp\" class=\"img-fluid rounded-2 img-shadow\" alt=\"\" title=\"\">\n                        <\/div>\n                        <div class=\"col-lg-4 margin-left-3 order-2 content\" data-aos=\"fade-up\" data-aos-delay=\"200\">\n                            <h2 class=\"mb-4\">Un plaisir pour toute la famille<\/h2>\n                            <div><p>Le midi, le restaurant du Berghotel t&rsquo;accueille en self-service et est donc id\u00e9al pour une visite avec toute la famille. Notre menu comprend des classiques comme les ghackets avec des cornettes, la saucisse \u00e0 r\u00f4tir avec des frites ou les macaronis du chalet. Ou que diriez-vous d&rsquo;une pause et d&rsquo;un \u00ab\u00a0Engstligenpl\u00e4ttli\u00a0\u00bb ou d&rsquo;un caf\u00e9 et d&rsquo;un g\u00e2teau ?<\/p>\n<\/div>\n                                                            <div class=\"mt-4\">\n                                    <a href=\"https:\/\/engstligenalp.ch\/wp-content\/uploads\/Dessert-und-Getraenkekarte-Hochformat.pdf\" target=\"_BLANK\" class=\"btn btn-success btn-rounded\">Carte des desserts et des boissons<\/a>\n                                <\/div>\n                                                                                <\/div>\n                    <\/div>\n                <\/div>\n            <\/section>\n    \n       \n\n        <section class=\"bildslider_ text-light\">\n            <div class=\"container-full\">\n                                <div class=\"bildslider bildslider-22282085\">\n                    <div class=\"swiper-wrapper\">\n\t\t\t\t\t\t                    <\/div>\n                    <div class=\"swipe_arrows\">\n                        <div class=\"button-next button-next-22282085\"><\/div>\n                        <div class=\"button-prev button-prev-22282085\"><\/div>\n                    <\/div>\n                <\/div>\n            <\/div>\n        <\/section>\n<script src=\"https:\/\/cdnjs.cloudflare.com\/ajax\/libs\/Swiper\/7.3.0\/swiper-bundle.min.js\"><\/script>\n<script>\n \/**\n     * Bildslider slider\n     *\/\n    new Swiper('.bildslider-22282085', {\n        speed: 600,\n        slidesPerView: 1,\n        spaceBetween: 10,\n        centeredSlides: false,\n        loop: false,\n        navigation: {\n            nextEl: \".button-next-22282085\",\n            prevEl: \".button-prev-22282085\",\n        },\n        breakpoints: {\n            640: {\n                slidesPerView: 1,\n                spaceBetween: 10,\n            },\n            768: {\n                slidesPerView: 3,\n                spaceBetween: 10,\n            },\n            1024: {\n                slidesPerView: 4,\n                spaceBetween: 15,\n            },\n        },\n    });\n<\/script>\n                <section class=\"column_in_2\" >\n                <div class=\"container-full\">\n                    <div class=\"row max_90_d\">\n                        <div class=\"col-lg-7 margin-left-3 order-md-2 p-0 mb-4 position-relative\" data-aos=\"fade-up\" data-aos-delay=\"200\">\n                            <div class=\"right_top_lightblue magic to_right to_top\" data-bottom-center=\"transform: translate(0,5vh)\" data-top-center=\"transform: translate(0,-15vh)\"><\/div>\n                            <img decoding=\"async\" src=\"https:\/\/engstligenalp.ch\/wp-content\/uploads\/Restaurant_.jpg\" class=\"img-fluid rounded-2 img-shadow\" alt=\"\" title=\"\">\n                            <div class=\"left_top_green magic to_left to_bottom\" data-bottom-center=\"transform: translate(0,10vh)\" data-top-center=\"transform: translate(0,-5vh)\"><\/div>\n                        <\/div>\n                        <div class=\"col-lg-4 order-md-1 content mb-3\" data-aos=\"fade-up\" data-aos-delay=\"200\">\n                            <h2 class=\"mb-4\">D\u00eener pour les clients de l&rsquo;h\u00f4tel<\/h2>\n                            <div><p>Lorsque les derniers visiteurs de la journ\u00e9e ont quitt\u00e9 l&rsquo;Engstligenalp, un d\u00e9licieux d\u00eener vous attend, en tant que client de l&rsquo;h\u00f4tel, au restaurant de l&rsquo;h\u00f4tel de montagne. De 18h30 \u00e0 20h00, nous servons nos d\u00e9licieux plats \u00e0 la carte. Nous accordons une grande importance \u00e0 la saisonnalit\u00e9 et \u00e0 la r\u00e9gionalit\u00e9. C&rsquo;est pourquoi nous proposons des menus dans lesquels les fleurs et les herbes locales ne manquent pas. Pour les clients de l&rsquo;h\u00f4tel, une table est automatiquement r\u00e9serv\u00e9e lors de la r\u00e9servation, sauf si vous avez d\u00e9j\u00e0 r\u00e9serv\u00e9 votre d\u00eener dans l&rsquo;igloo \u00e0 fondue. Veuillez nous informer avant votre arriv\u00e9e si vous ne supportez pas certains aliments.     <\/p>\n<\/div>\n                                                            <div class=\"mt-4\">\n                                    <a href=\"https:\/\/engstligenalp.ch\/wp-content\/uploads\/Menuekarte-Berghotel-Engstligenalp-1.pdf\" target=\"_BLANK\" class=\"btn btn-success btn-rounded\">Carte de menu Berghotel<\/a>\n                                <\/div>\n                                                                                        <div class=\"mt-4\">\n                                    <a href=\"https:\/\/www.simplebooking.it\/ibe2\/hotel\/7607?lang=FR&amp;cur=CHF\" target=\"_BLANK\" class=\"btn btn-success btn-rounded\" rel=\"nofollow noopener\">R\u00e9server une nuit\u00e9e<\/a>\n                                <\/div>\n                                                    <\/div>\n                    <\/div>\n                <\/div>\n            <\/section>\n    \n       \n\n        <section class=\"bildslider_ text-light\">\n            <div class=\"container-full\">\n                \t\t\t\t<div class=\"max_90_d\">\n\t\t\t\t\t<div class=\"row mb-4\">\n\t\t\t\t\t\t<h1 class=\"heading title\">Moments de plaisir pour nos clients de l&rsquo;h\u00f4tel<\/h1>\n\t\t\t\t\t<\/div>\n\t\t\t\t<\/div>\n\t\t\t\t                <div class=\"bildslider bildslider-805227017\">\n                    <div class=\"swiper-wrapper\">\n\t\t\t\t\t\t                        <div class=\"swiper-slide padd_r\">\n                            <a href=\"https:\/\/engstligenalp.ch\/wp-content\/uploads\/restaurant_1-jpg.webp\" class=\"img_grid enlarge2\">\n                                <img decoding=\"async\" src=\"https:\/\/engstligenalp.ch\/wp-content\/uploads\/restaurant_1-jpg.webp\" class=\"img-fluid\" dtitle=\"App 1\" alt=\"\" title=\"\">\n                            <\/a>\n                        <\/div>\n                                              <div class=\"swiper-slide padd_r\">\n                            <a href=\"https:\/\/engstligenalp.ch\/wp-content\/uploads\/restaurant_2-jpg.webp\" class=\"img_grid enlarge2\">\n                                <img decoding=\"async\" src=\"https:\/\/engstligenalp.ch\/wp-content\/uploads\/restaurant_2-jpg.webp\" class=\"img-fluid\" dtitle=\"App 1\" alt=\"\" title=\"\">\n                            <\/a>\n                        <\/div>\n                                              <div class=\"swiper-slide padd_r\">\n                            <a href=\"https:\/\/engstligenalp.ch\/wp-content\/uploads\/restaurant_3-jpg.webp\" class=\"img_grid enlarge2\">\n                                <img decoding=\"async\" src=\"https:\/\/engstligenalp.ch\/wp-content\/uploads\/restaurant_3-jpg.webp\" class=\"img-fluid\" dtitle=\"App 1\" alt=\"\" title=\"\">\n                            <\/a>\n                        <\/div>\n                                              <div class=\"swiper-slide padd_r\">\n                            <a href=\"https:\/\/engstligenalp.ch\/wp-content\/uploads\/restaurant_4-jpg.webp\" class=\"img_grid enlarge2\">\n                                <img decoding=\"async\" src=\"https:\/\/engstligenalp.ch\/wp-content\/uploads\/restaurant_4-jpg.webp\" class=\"img-fluid\" dtitle=\"App 1\" alt=\"\" title=\"\">\n                            <\/a>\n                        <\/div>\n                                              <div class=\"swiper-slide padd_r\">\n                            <a href=\"https:\/\/engstligenalp.ch\/wp-content\/uploads\/restaurant_5-jpg.webp\" class=\"img_grid enlarge2\">\n                                <img decoding=\"async\" src=\"https:\/\/engstligenalp.ch\/wp-content\/uploads\/restaurant_5-jpg.webp\" class=\"img-fluid\" dtitle=\"App 1\" alt=\"\" title=\"\">\n                            <\/a>\n                        <\/div>\n                                              <div class=\"swiper-slide padd_r\">\n                            <a href=\"https:\/\/engstligenalp.ch\/wp-content\/uploads\/restaurant_6-jpg.webp\" class=\"img_grid enlarge2\">\n                                <img decoding=\"async\" src=\"https:\/\/engstligenalp.ch\/wp-content\/uploads\/restaurant_6-jpg.webp\" class=\"img-fluid\" dtitle=\"App 1\" alt=\"\" title=\"\">\n                            <\/a>\n                        <\/div>\n                                              <div class=\"swiper-slide padd_r\">\n                            <a href=\"https:\/\/engstligenalp.ch\/wp-content\/uploads\/restaurant_7-jpg.webp\" class=\"img_grid enlarge2\">\n                                <img decoding=\"async\" src=\"https:\/\/engstligenalp.ch\/wp-content\/uploads\/restaurant_7-jpg.webp\" class=\"img-fluid\" dtitle=\"App 1\" alt=\"\" title=\"\">\n                            <\/a>\n                        <\/div>\n                                              <div class=\"swiper-slide padd_r\">\n                            <a href=\"https:\/\/engstligenalp.ch\/wp-content\/uploads\/restaurant_8-jpg.webp\" class=\"img_grid enlarge2\">\n                                <img decoding=\"async\" src=\"https:\/\/engstligenalp.ch\/wp-content\/uploads\/restaurant_8-jpg.webp\" class=\"img-fluid\" dtitle=\"App 1\" alt=\"\" title=\"\">\n                            <\/a>\n                        <\/div>\n                                          <\/div>\n                    <div class=\"swipe_arrows\">\n                        <div class=\"button-next button-next-805227017\"><\/div>\n                        <div class=\"button-prev button-prev-805227017\"><\/div>\n                    <\/div>\n                <\/div>\n            <\/div>\n        <\/section>\n<script src=\"https:\/\/cdnjs.cloudflare.com\/ajax\/libs\/Swiper\/7.3.0\/swiper-bundle.min.js\"><\/script>\n<script>\n \/**\n     * Bildslider slider\n     *\/\n    new Swiper('.bildslider-805227017', {\n        speed: 600,\n        slidesPerView: 1,\n        spaceBetween: 10,\n        centeredSlides: false,\n        loop: false,\n        navigation: {\n            nextEl: \".button-next-805227017\",\n            prevEl: \".button-prev-805227017\",\n        },\n        breakpoints: {\n            640: {\n                slidesPerView: 1,\n                spaceBetween: 10,\n            },\n            768: {\n                slidesPerView: 3,\n                spaceBetween: 10,\n            },\n            1024: {\n                slidesPerView: 4,\n                spaceBetween: 15,\n            },\n        },\n    });\n<\/script>  \n\n\n        <section class=\"shaper space_b text-light cta\">\n            <div class=\"triagles_effects full__width_effect shape ondesktop\">\n                <div><\/div>\n                <div class=\"right_bottom_lightblue\" data-aos=\"flip-right\" data-aos-delay=\"100\"><\/div>\n                <div><\/div>\n                <div class=\"right_bottom_grey\" data-aos=\"flip-right\" data-aos-delay=\"200\"><\/div>\n                <div class=\"left_top_green\" data-aos=\"flip-right\" data-aos-delay=\"300\"><\/div>\n                <div class=\"left_top_blue\" data-aos=\"flip-right\" data-aos-delay=\"300\"><\/div>\n                <div class=\"left_top_lightblue\" data-aos=\"flip-right\" data-aos-delay=\"300\"><\/div>\n                <div class=\"right_top_blue\" data-aos=\"flip-right\" data-aos-delay=\"300\"><\/div>\n                <div><\/div>\n                <div class=\"right_top_white\" data-aos=\"flip-right\" data-aos-delay=\"400\"><\/div>\n                <div class=\"left_top_green\" data-aos=\"flip-right\" data-aos-delay=\"400\"><\/div>\n                <div class=\"left_top_lightblue\" data-aos=\"flip-right\" data-aos-delay=\"500\"><\/div>\n            <\/div>\n\t\t\t<div class=\"triagles_effects full__width_effect shape onmobile\">\n                <div><\/div>\n                <div class=\"right_bottom_lightblue\"><\/div>\n                <div><\/div>\n                <div class=\"right_bottom_grey\"><\/div>\n                <div class=\"left_top_green\"><\/div>\n                <div class=\"left_top_blue\"><\/div>\n                <div class=\"left_top_lightblue\"><\/div>\n                <div class=\"right_top_blue\"><\/div>\n                <div><\/div>\n                <div class=\"right_top_lightblue\"><\/div>\n                <div class=\"left_top_grey\"><\/div>\n                <div class=\"left_top_lightblue\"><\/div>\n            <\/div>\n            <div class=\"container-full\">\n            <div class=\"max_90_d\">\n                <div class=\"row \">\n                    <h3 class=\"mb-0 heading shaper__text\">Un bon pour l&rsquo;h\u00f4tel de montagne est une merveilleuse id\u00e9e de cadeau !<\/h3>\n\t\t\t\t\t\t\t\t\t\t\t<div class=\"mt-4\">\n\t\t\t\t\t\t\t\t\t\t\t<a href=\"https:\/\/shop.e-guma.ch\/engstligenalp\/fr\" target=\"_BLANK\" class=\"btn btn-success btn-rounded\" rel=\"nofollow noopener\">Aper\u00e7u des bons d&rsquo;achat<\/a>\t\t\t\t\t<\/div>                \t<\/div>\n                <\/div>\n            <\/div>\n        <\/section>","protected":false},"excerpt":{"rendered":"","protected":false},"author":1,"featured_media":8052,"parent":9129,"menu_order":25,"comment_status":"closed","ping_status":"closed","template":"","meta":{"_acf_changed":false,"footnotes":""},"class_list":["post-9178","page","type-page","status-publish","has-post-thumbnail","hentry"],"acf":[],"publishpress_future_workflow_manual_trigger":{"enabledWorkflows":[]},"_links":{"self":[{"href":"https:\/\/engstligenalp.ch\/fr\/wp-json\/wp\/v2\/pages\/9178","targetHints":{"allow":["GET"]}}],"collection":[{"href":"https:\/\/engstligenalp.ch\/fr\/wp-json\/wp\/v2\/pages"}],"about":[{"href":"https:\/\/engstligenalp.ch\/fr\/wp-json\/wp\/v2\/types\/page"}],"author":[{"embeddable":true,"href":"https:\/\/engstligenalp.ch\/fr\/wp-json\/wp\/v2\/users\/1"}],"replies":[{"embeddable":true,"href":"https:\/\/engstligenalp.ch\/fr\/wp-json\/wp\/v2\/comments?post=9178"}],"version-history":[{"count":33,"href":"https:\/\/engstligenalp.ch\/fr\/wp-json\/wp\/v2\/pages\/9178\/revisions"}],"predecessor-version":[{"id":34088,"href":"https:\/\/engstligenalp.ch\/fr\/wp-json\/wp\/v2\/pages\/9178\/revisions\/34088"}],"up":[{"embeddable":true,"href":"https:\/\/engstligenalp.ch\/fr\/wp-json\/wp\/v2\/pages\/9129"}],"wp:featuredmedia":[{"embeddable":true,"href":"https:\/\/engstligenalp.ch\/fr\/wp-json\/wp\/v2\/media\/8052"}],"wp:attachment":[{"href":"https:\/\/engstligenalp.ch\/fr\/wp-json\/wp\/v2\/media?parent=9178"}],"curies":[{"name":"wp","href":"https:\/\/api.w.org\/{rel}","templated":true}]}}