{"id":9184,"date":"2022-06-02T09:13:32","date_gmt":"2022-06-02T07:13:32","guid":{"rendered":"https:\/\/engstligenalp.ch\/hiver\/vivre\/escalade-sur-glace\/"},"modified":"2026-04-17T16:55:44","modified_gmt":"2026-04-17T14:55:44","slug":"escalade-sur-glace","status":"publish","type":"page","link":"https:\/\/engstligenalp.ch\/fr\/hiver\/vivre\/escalade-sur-glace\/","title":{"rendered":"Escalade sur glace"},"content":{"rendered":"\n    <section class=\"full_grid text-light\">\n        <div class=\"container-full\">\n            <div class=\"max_90_d\">\n                <div class=\"row\">\n                                            <h1 class=\"mb-4 heading\">Ar\u00e8ne d&rsquo;escalade sur glace de l&rsquo;Engstligenalp<\/h1>\n                                        <div class=\"col-md-8\">\n                        <p>L&rsquo;escalade sur glace \u00e0 l&rsquo;Engstligenalp offre des possibilit\u00e9s de TopRope et des voies pour tous les niveaux. L&rsquo;ar\u00e8ne est irrigu\u00e9e et se trouve directement en dessous de la station sup\u00e9rieure des remont\u00e9es m\u00e9caniques de l&rsquo;Engstligenalp. Pars pour ta prochaine aventure sur la glace !  <\/p>\n                                            <\/div>\n                                    <\/div>\n            <\/div>\n        <\/div>\n    <\/section>\n\n\n                <section class=\"column_in_2\" >\n                <div class=\"container-full\">\n                    <div class=\"row max_90_d\">\n                        <div class=\"col-lg-7 order-1 p-0 mb-4 position-relative\" data-aos=\"fade-up\" data-aos-delay=\"200\">\n                            <div class=\"right_top_lightblue magic to_right to_top\" data-bottom-center=\"transform: translate(0,5vh)\" data-top-center=\"transform: translate(0,-15vh)\"><\/div>\n                            <img decoding=\"async\" src=\"https:\/\/engstligenalp.ch\/wp-content\/uploads\/\/Eisklettern2.jpg\" class=\"img-fluid rounded-2 img-shadow\" alt=\"\" title=\"\">\n                            <div class=\"left_top_green magic to_left to_bottom\" data-bottom-center=\"transform: translate(0,10vh)\" data-top-center=\"transform: translate(0,-5vh)\"><\/div>\n                        <\/div>\n                        <div class=\"col-lg-4 margin-left-3 order-2 content\" data-aos=\"fade-up\" data-aos-delay=\"200\">\n                            <h2 class=\"mb-4\">Entr\u00e9e \u00e0 l&rsquo;ar\u00e8ne de glace<\/h2>\n                            <div><p>L&rsquo;entr\u00e9e est de 10 CHF par personne et par jour et doit \u00eatre pay\u00e9e \u00e0 la caisse de la station inf\u00e9rieure. Le formulaire d&rsquo;acc\u00e8s doit \u00eatre rempli et sign\u00e9. L&rsquo;ar\u00e8ne d&rsquo;escalade sur glace de l&rsquo;Engstligenalp est contr\u00f4l\u00e9e p\u00e9riodiquement, les grimpeurs sur glace qui n&rsquo;ont pas de ticket d&rsquo;entr\u00e9e sont sanctionn\u00e9s.<\/p>\n<\/div>\n                                                                                <\/div>\n                    <\/div>\n                <\/div>\n            <\/section>\n    \n    \n                <section class=\"column_in_2\" >\n                <div class=\"container-full\">\n                    <div class=\"triagles_effects half_effect_quatre right_side_effect\" data-aos=\"fade-up\" data-aos-delay=\"600\">\n                        <div class=\"half_right_lightblue\"><\/div>\n                    <\/div>\n                    <div class=\"row max_90_d\">\n                        <div class=\"col-lg-7 p-0 mb-4 mt-4 margin-left-3 order-md-2 position-relative\" data-aos=\"fade-up\" data-aos-delay=\"200\">\n                            <img decoding=\"async\" src=\"https:\/\/engstligenalp.ch\/wp-content\/uploads\/Eisarena_Engstligenalp.jpg\" class=\"img-fluid rounded-2 img-shadow\" alt=\"\" title=\"\">\n                        <\/div>\n                        <div class=\"col-lg-4 order-md-1 content\" data-aos=\"fade-up\" data-aos-delay=\"200\">\n                            <h2 class=\"mb-4\">Cours d&rsquo;escalade sur glace et randonn\u00e9es guid\u00e9es<\/h2>\n                            <div><p>L&rsquo;\u00c9cole alpine d&rsquo;Adelboden propose divers cours d&rsquo;escalade sur glace de mi-d\u00e9cembre \u00e0 d\u00e9but avril. En outre, tu as la possibilit\u00e9 de participer \u00e0 une visite guid\u00e9e.<\/p>\n<\/div>\n                                                            <div class=\"mt-4\">\n                                    <a href=\"https:\/\/www.alpinschule-adelboden.ch\/de\/Winter\/Eisklettern\" target=\"_BLANK\" class=\"btn btn-success btn-rounded\" rel=\"nofollow noopener\">vers les cours<\/a>\n                                <\/div>\n                                                                                <\/div>\n                    <\/div>\n                <\/div>\n            <\/section>\n    \n            <section class=\"column_in_1 text-light\">\n            <div class=\"container-full mb-5\">\n                <div class=\"max_90_d\">\n                <div class=\"row\">\n                    <h1 class=\"mb-4 heading\">Impressions escalade sur glace<\/h1>                    <p class=\"col-md-6\"><p><\/p><\/p>                <\/div>\n            <\/div>            <div class=\"container-full\">\n            <div class=\"max_90_d\">\n                <div class=\"row\">\n                    <a class=\"col-lg-12 video\" href=\"https:\/\/www.youtube.com\/watch?v=6Xb4pfodwOA&amp;t=1s\" data-aos=\"fade-up\" data-aos-delay=\"200\" rel=\"nofollow noopener\" target=\"_blank\">\n                        <img decoding=\"async\" src=\"https:\/\/engstligenalp.ch\/wp-content\/uploads\/Eisklettern1-1-jpg.avif\" class=\"img-fluid rounded-2 img-shadow\" alt=\"\" title=\"\">\n                        <div class=\"left_top_blue magic to_left to_bottom\" data-bottom-center=\"transform: translate(0,10vh)\" data-top-center=\"transform: translate(0,-5vh)\"><\/div>\n                    <\/a>\n                <\/div>\n                <\/div>\n                <\/div>\n            <\/div>\n        <\/section>  \n\n\n        <section class=\"shaper space_b text-light cta\">\n            <div class=\"triagles_effects full__width_effect shape ondesktop\">\n                <div><\/div>\n                <div class=\"right_bottom_lightblue\" data-aos=\"flip-right\" data-aos-delay=\"100\"><\/div>\n                <div><\/div>\n                <div class=\"right_bottom_grey\" data-aos=\"flip-right\" data-aos-delay=\"200\"><\/div>\n                <div class=\"left_top_green\" data-aos=\"flip-right\" data-aos-delay=\"300\"><\/div>\n                <div class=\"left_top_blue\" data-aos=\"flip-right\" data-aos-delay=\"300\"><\/div>\n                <div class=\"left_top_lightblue\" data-aos=\"flip-right\" data-aos-delay=\"300\"><\/div>\n                <div class=\"right_top_blue\" data-aos=\"flip-right\" data-aos-delay=\"300\"><\/div>\n                <div><\/div>\n                <div class=\"right_top_white\" data-aos=\"flip-right\" data-aos-delay=\"400\"><\/div>\n                <div class=\"left_top_green\" data-aos=\"flip-right\" data-aos-delay=\"400\"><\/div>\n                <div class=\"left_top_lightblue\" data-aos=\"flip-right\" data-aos-delay=\"500\"><\/div>\n            <\/div>\n\t\t\t<div class=\"triagles_effects full__width_effect shape onmobile\">\n                <div><\/div>\n                <div class=\"right_bottom_lightblue\"><\/div>\n                <div><\/div>\n                <div class=\"right_bottom_grey\"><\/div>\n                <div class=\"left_top_green\"><\/div>\n                <div class=\"left_top_blue\"><\/div>\n                <div class=\"left_top_lightblue\"><\/div>\n                <div class=\"right_top_blue\"><\/div>\n                <div><\/div>\n                <div class=\"right_top_lightblue\"><\/div>\n                <div class=\"left_top_grey\"><\/div>\n                <div class=\"left_top_lightblue\"><\/div>\n            <\/div>\n            <div class=\"container-full\">\n            <div class=\"max_90_d\">\n                <div class=\"row \">\n                    <h3 class=\"mb-0 heading shaper__text\">Le moment de partir \u00e0 l&rsquo;aventure, c&rsquo;est maintenant !<\/h3>\n\t\t\t\t\t\t\t\t\t\t\t<div class=\"mt-4\">\n\t\t\t\t\t\t\t\t\t\t\t<a href=\"https:\/\/shop.e-guma.ch\/engstligenalp\/fr\/gutscheine\/\" target=\"_BLANK\" class=\"btn btn-success btn-rounded\" rel=\"nofollow noopener\">Offrir un bon cadeau<\/a>\t\t\t\t\t<\/div>                \t<\/div>\n                <\/div>\n            <\/div>\n        <\/section>","protected":false},"excerpt":{"rendered":"","protected":false},"author":1,"featured_media":7624,"parent":9130,"menu_order":22,"comment_status":"closed","ping_status":"closed","template":"","meta":{"_acf_changed":false,"footnotes":""},"class_list":["post-9184","page","type-page","status-publish","has-post-thumbnail","hentry"],"acf":[],"publishpress_future_workflow_manual_trigger":{"enabledWorkflows":[]},"_links":{"self":[{"href":"https:\/\/engstligenalp.ch\/fr\/wp-json\/wp\/v2\/pages\/9184","targetHints":{"allow":["GET"]}}],"collection":[{"href":"https:\/\/engstligenalp.ch\/fr\/wp-json\/wp\/v2\/pages"}],"about":[{"href":"https:\/\/engstligenalp.ch\/fr\/wp-json\/wp\/v2\/types\/page"}],"author":[{"embeddable":true,"href":"https:\/\/engstligenalp.ch\/fr\/wp-json\/wp\/v2\/users\/1"}],"replies":[{"embeddable":true,"href":"https:\/\/engstligenalp.ch\/fr\/wp-json\/wp\/v2\/comments?post=9184"}],"version-history":[{"count":21,"href":"https:\/\/engstligenalp.ch\/fr\/wp-json\/wp\/v2\/pages\/9184\/revisions"}],"predecessor-version":[{"id":34585,"href":"https:\/\/engstligenalp.ch\/fr\/wp-json\/wp\/v2\/pages\/9184\/revisions\/34585"}],"up":[{"embeddable":true,"href":"https:\/\/engstligenalp.ch\/fr\/wp-json\/wp\/v2\/pages\/9130"}],"wp:featuredmedia":[{"embeddable":true,"href":"https:\/\/engstligenalp.ch\/fr\/wp-json\/wp\/v2\/media\/7624"}],"wp:attachment":[{"href":"https:\/\/engstligenalp.ch\/fr\/wp-json\/wp\/v2\/media?parent=9184"}],"curies":[{"name":"wp","href":"https:\/\/api.w.org\/{rel}","templated":true}]}}