{"id":9194,"date":"2022-06-02T11:19:33","date_gmt":"2022-06-02T09:19:33","guid":{"rendered":"https:\/\/engstligenalp.ch\/hiver\/vivre\/snowtubing\/"},"modified":"2026-04-08T07:41:18","modified_gmt":"2026-04-08T05:41:18","slug":"snowtubing","status":"publish","type":"page","link":"https:\/\/engstligenalp.ch\/fr\/hiver\/vivre\/snowtubing\/","title":{"rendered":"Snowtubing"},"content":{"rendered":"\n    <section class=\"full_grid text-light\">\n        <div class=\"container-full\">\n            <div class=\"max_90_d\">\n                <div class=\"row\">\n                                            <h1 class=\"mb-4 heading\">Snowtubing sur l&rsquo;Engstligenalp<\/h1>\n                                        <div class=\"col-md-8\">\n                        <p>D\u00e9valer la montagne en s&rsquo;amusant ? Sur l&rsquo;Enstligenalp, ce n&rsquo;est pas seulement possible avec des planches aux pieds ! Pour cela, il suffit de prendre un snowtube et de se lancer \u00e0 corps perdu dans le plaisir. La descente rapide n&rsquo;est d&rsquo;ailleurs pas r\u00e9serv\u00e9e aux enfants : les adultes aussi ressentent une v\u00e9ritable mont\u00e9e d&rsquo;adr\u00e9naline en faisant du snowtubing !<\/p>\n                                            <\/div>\n                                    <\/div>\n            <\/div>\n        <\/div>\n    <\/section>\n\n\n     \n            <section class=\"column_in_2\" >\n                <div class=\"container-full\">\n                    <div class=\"triagles_effects half_effect_quatre\" data-aos=\"fade-up\" data-aos-delay=\"600\">\n                        <div class=\"half_right_blue\"><\/div>\n                    <\/div>\n                    <div class=\"row max_90_d\">\n                        <div class=\"col-lg-7 p-0 mb-4 order-1 position-relative\" data-aos=\"fade-up\" data-aos-delay=\"200\">\n                            <img decoding=\"async\" src=\"https:\/\/engstligenalp.ch\/wp-content\/uploads\/snowtubing_05.avif\" class=\"img-fluid rounded-2 img-shadow\" alt=\"\" title=\"\">\n                        <\/div>\n                        <div class=\"col-lg-4 margin-left-3 order-2 content\" data-aos=\"fade-up\" data-aos-delay=\"200\">\n                            <h2 class=\"mb-4\">Le plaisir pur \u00e0 l&rsquo;honneur<\/h2>\n                            <div><p>Le snowtubing est une sorte de luge moderne : On glisse sur la piste avec des tubes, c&rsquo;est-\u00e0-dire des pneus. Que ce soit seul ou en groupe, le snowtubing est une exp\u00e9rience qui met moins l&rsquo;accent sur le sport que sur le plaisir pur. Et promis, c&rsquo;est encore plus amusant qu&rsquo;en luge ! Et le snowtubing est encore plus amusant lorsqu&rsquo;il est pratiqu\u00e9 en groupe. Alors pourquoi ne pas planifier votre prochain \u00e9v\u00e9nement d&rsquo;\u00e9quipe ou votre prochaine sortie d&rsquo;entreprise sur l&rsquo;Engstligenalp ?  <\/p>\n<\/div>\n                                                            <div class=\"mt-4\">\n                                    <a href=\"https:\/\/engstligenalp.ch\/winter\/gruppen\/\"  class=\"btn btn-success btn-rounded\">Vers les offres de groupe<\/a>\n                                <\/div>\n                                                                                <\/div>\n                    <\/div>\n                <\/div>\n            <\/section>\n    \n    \n                <section class=\"column_in_2\" >\n                <div class=\"container-full\">\n                    <div class=\"triagles_effects half_effect_quatre right_side_effect\" data-aos=\"fade-up\" data-aos-delay=\"600\">\n                        <div class=\"half_right_lightblue\"><\/div>\n                    <\/div>\n                    <div class=\"row max_90_d\">\n                        <div class=\"col-lg-7 p-0 mb-4 mt-4 margin-left-3 order-md-2 position-relative\" data-aos=\"fade-up\" data-aos-delay=\"200\">\n                            <img decoding=\"async\" src=\"https:\/\/engstligenalp.ch\/wp-content\/uploads\/snowtubing_06.avif\" class=\"img-fluid rounded-2 img-shadow\" alt=\"\" title=\"\">\n                        <\/div>\n                        <div class=\"col-lg-4 order-md-1 content\" data-aos=\"fade-up\" data-aos-delay=\"200\">\n                            <h2 class=\"mb-4\">Essayer maintenant<\/h2>\n                            <div><p>Nous avons pr\u00e9par\u00e9 plusieurs descentes sp\u00e9cialement pour le snowtubing sur l&rsquo;Engstligenalp. Les pistes sp\u00e9cialement am\u00e9nag\u00e9es \u00e0 cet effet promettent le plaisir de la conduite dans des conditions s\u00fbres. Essaye-le une fois !<\/p>\n<\/div>\n                                                                                <\/div>\n                    <\/div>\n                <\/div>\n            <\/section>\n    \n        <section class=\"faq text-light\" style=\"overflow: hidden;\" >\n        <div class=\"container-full\" data-aos=\"fade-up\">\n            <div class=\"triagles_effects middle_effect\">\n                <div class=\"half_left_lightblue\"><\/div>\n            <\/div>\n            <div class=\"max_90_d\">\n                <div class=\"row \">\n                    <h2 class=\"mb-4 heading\">Prix<\/h2>\n                                            <div class=\"col-md-7 mb-5\"><\/p>\n<\/div>\n                                    <\/div>\n                <div class=\"\">\n                    <div class=\"row\">\n                        <div class=\"faq-list faq-list-359352248\">\n                            <ul>\n                                                                    <li data-aos=\"fade-up\" data-aos-delay=\"100\" class=\"faq_item\">\n                                        <div data-bs-toggle=\"collapse\" class=\"collapse f_bold collapsed\" data-bs-target=\"#faq-list-01447664111\">\n                                            Snowtubing sans t\u00e9l\u00e9ph\u00e9rique <i class=\"bx bx-plus icon-show\"><\/i>\n                                            <i class=\"bx bx-minus icon-close\"><\/i>\n                                        <\/div>\n                                        <div id=\"faq-list-01447664111\" class=\"collapse\" data-bs-parent=\".faq-list-359352248\">\n                                            <\/p>\n                                            \n<table id=\"tablepress-63\" class=\"tablepress tablepress-id-63 tablepress-responsive tablepress-responsive-stack-tablet\">\n<thead>\n<tr class=\"row-1\">\n\t<th class=\"column-1\">Cat\u00e9gorie<\/th><th class=\"column-2\">Prix<\/th>\n<\/tr>\n<\/thead>\n<tbody>\n<tr class=\"row-2\">\n\t<td class=\"column-1\">1 voyage<\/td><td class=\"column-2\">CHF 3<\/td>\n<\/tr>\n<tr class=\"row-3\">\n\t<td class=\"column-1\">Carte de 4 heures<\/td><td class=\"column-2\">CHF 20<\/td>\n<\/tr>\n<tr class=\"row-4\">\n\t<td class=\"column-1\">Pass journ\u00e9e<\/td><td class=\"column-2\">CHF 30<\/td>\n<\/tr>\n<tr class=\"row-5\">\n\t<td class=\"column-1\">Billet de 10 trajets<\/td><td class=\"column-2\">CHF 24<\/td>\n<\/tr>\n<\/tbody>\n<\/table>\n                                        <\/div>\n                                    <\/li>\n                                                                    <li data-aos=\"fade-up\" data-aos-delay=\"100\" class=\"faq_item\">\n                                        <div data-bs-toggle=\"collapse\" class=\"collapse f_bold collapsed\" data-bs-target=\"#faq-list-1824127147\">\n                                            Snowtubing incl. T\u00e9l\u00e9ph\u00e9rique <i class=\"bx bx-plus icon-show\"><\/i>\n                                            <i class=\"bx bx-minus icon-close\"><\/i>\n                                        <\/div>\n                                        <div id=\"faq-list-1824127147\" class=\"collapse\" data-bs-parent=\".faq-list-359352248\">\n                                            <\/p>\n                                            \n<table id=\"tablepress-69\" class=\"tablepress tablepress-id-69 tablepress-responsive tablepress-responsive-stack-tablet\">\n<thead>\n<tr class=\"row-1\">\n\t<th class=\"column-1\">Cat\u00e9gorie<\/th><th class=\"column-2\">Adultes<\/th><th class=\"column-3\">Enfants (6 &#8211; 15 ans)<\/th>\n<\/tr>\n<\/thead>\n<tbody>\n<tr class=\"row-2\">\n\t<td class=\"column-1\">Billet combin\u00e9 carte journali\u00e8re &amp; billet de t\u00e9l\u00e9ph\u00e9rique<\/td><td class=\"column-2\">CHF 56<\/td><td class=\"column-3\">CHF 43<\/td>\n<\/tr>\n<tr class=\"row-3\">\n\t<td class=\"column-1\">Billet combin\u00e9 carte 4 heures &amp; billet de t\u00e9l\u00e9ph\u00e9rique<\/td><td class=\"column-2\">CHF 46<\/td><td class=\"column-3\">CHF 33<\/td>\n<\/tr>\n<\/tbody>\n<\/table>\n                                        <\/div>\n                                    <\/li>\n                                                            <\/ul>\n                        <\/div>\n                    <\/div>\n                    <div class=\"right_top_green magic to_right2 to_bottom z-before p-0\" data-bottom-center=\"transform: translate(0,5vh)\" data-top-center=\"transform: translate(0,-15vh)\"><\/div>\n                <\/div>\n            <\/div>\n        <\/div>\n    <\/section>\n<section class=\"faq space_b text-light\" style=\"overflow: hidden;\">\n            <div class=\"container-full\" data-aos=\"fade-up\">\n                <div class=\"triagles_effects middle_effect\">\n                    <div class=\"half_left_lightblue\"><\/div>\n                <\/div>\n                <div class=\"max_90_d\">\n                <div class=\"row\">\n                    <h2 class=\"mb-4 heading\">Foire aux questions<\/h2>\n                <\/div>\n                <\/div>\n                <div class=\"max_90_d\">\n                <div class=\"row\">\n                    <div class=\"faq-list faq-list-1205890811\">\n                        <ul>\n<li data-aos=\"fade-up\" data-aos=\"fade-up\" data-aos-delay=\"100\" class=\"faq_item\">\n                                <div data-bs-toggle=\"collapse\" class=\"collapse f_bold \" data-bs-target=\"#faq-list-141791923390744\">Que mangent les chiens de tra\u00eeneau ? <i class=\"bx bx-plus icon-show\"><\/i>\n                                    <i class=\"bx bx-minus icon-close\"><\/i><\/div>\n                                <div id=\"faq-list-141791923390744\" class=\"show collapse\" data-bs-parent=\".faq-list-1205890811\">\n                                    <!-- wp:paragraph {\"translatedWithWPMLTM\":\"1\"} -->\n<p>Les huskies et autres chiens de tra\u00eeneau ont des besoins \u00e9nerg\u00e9tiques accrus en raison de leur mode de vie actif et des efforts qu&rsquo;ils fournissent en tirant des tra\u00eeneaux ou en effectuant de longues courses. C&rsquo;est pourquoi ils ont besoin d&rsquo;une alimentation \u00e9quilibr\u00e9e, riche en prot\u00e9ines et en nutriments. En r\u00e8gle g\u00e9n\u00e9rale, l&rsquo;alimentation des huskies doit \u00eatre compos\u00e9e de nourriture pour chiens de qualit\u00e9 sup\u00e9rieure, sp\u00e9cialement con\u00e7ue pour r\u00e9pondre aux besoins des chiens actifs.<\/p>\n<!-- \/wp:paragraph -->\n                                <\/div>\n                            <\/li><li data-aos=\"fade-up\" data-aos=\"fade-up\" data-aos-delay=\"100\" class=\"faq_item\">\n                                <div data-bs-toggle=\"collapse\" class=\"collapse f_bold collapsed\" data-bs-target=\"#faq-list-14176309544310\">Les huskies sont-ils amicaux ? <i class=\"bx bx-plus icon-show\"><\/i>\n                                    <i class=\"bx bx-minus icon-close\"><\/i><\/div>\n                                <div id=\"faq-list-14176309544310\" class=\"collapse\" data-bs-parent=\".faq-list-1205890811\">\n                                    <!-- wp:paragraph {\"translatedWithWPMLTM\":\"1\"} -->\n<p>Les chiens de tra\u00eeneau sont consid\u00e9r\u00e9s comme amicaux, sociables et bienveillants, tant envers les humains qu&rsquo;envers les autres chiens.<\/p>\n<!-- \/wp:paragraph -->\n                                <\/div>\n                            <\/li><li data-aos=\"fade-up\" data-aos=\"fade-up\" data-aos-delay=\"100\" class=\"faq_item\">\n                                <div data-bs-toggle=\"collapse\" class=\"collapse f_bold collapsed\" data-bs-target=\"#faq-list-14167421122498\">Quelles sont les races consid\u00e9r\u00e9es comme des chiens de tra\u00eeneau ? <i class=\"bx bx-plus icon-show\"><\/i>\n                                    <i class=\"bx bx-minus icon-close\"><\/i><\/div>\n                                <div id=\"faq-list-14167421122498\" class=\"collapse\" data-bs-parent=\".faq-list-1205890811\">\n                                    <!-- wp:paragraph {\"translatedWithWPMLTM\":\"1\"} -->\n<p>Parmi les races consid\u00e9r\u00e9es comme des chiens de tra\u00eeneau, on trouve les huskies sib\u00e9riens, les malamutes d&rsquo;Alaska, les samoy\u00e8des et les chiens du Groenland.<\/p>\n<!-- \/wp:paragraph -->\n                                <\/div>\n                            <\/li><li data-aos=\"fade-up\" data-aos=\"fade-up\" data-aos-delay=\"100\" class=\"faq_item\">\n                                <div data-bs-toggle=\"collapse\" class=\"collapse f_bold collapsed\" data-bs-target=\"#faq-list-141731903430372\">Combien de temps les chiens de tra\u00eeneau peuvent-ils travailler dans des conditions m\u00e9t\u00e9orologiques extr\u00eames ? <i class=\"bx bx-plus icon-show\"><\/i>\n                                    <i class=\"bx bx-minus icon-close\"><\/i><\/div>\n                                <div id=\"faq-list-141731903430372\" class=\"collapse\" data-bs-parent=\".faq-list-1205890811\">\n                                    <!-- wp:paragraph {\"translatedWithWPMLTM\":\"1\"} -->\n<p>Les chiens de tra\u00eeneau peuvent travailler de plusieurs heures \u00e0 plusieurs jours dans des conditions m\u00e9t\u00e9orologiques extr\u00eames, en fonction de leur race, de leur entra\u00eenement et de leur condition physique.<\/p>\n<!-- \/wp:paragraph -->\n                                <\/div>\n                            <\/li><li data-aos=\"fade-up\" data-aos=\"fade-up\" data-aos-delay=\"100\" class=\"faq_item\">\n                                <div data-bs-toggle=\"collapse\" class=\"collapse f_bold collapsed\" data-bs-target=\"#faq-list-14170373373418\">Les chiens de tra\u00eeneau ont-ils besoin de m\u00e9thodes d&rsquo;entra\u00eenement sp\u00e9cifiques ? <i class=\"bx bx-plus icon-show\"><\/i>\n                                    <i class=\"bx bx-minus icon-close\"><\/i><\/div>\n                                <div id=\"faq-list-14170373373418\" class=\"collapse\" data-bs-parent=\".faq-list-1205890811\">\n                                    <!-- wp:paragraph {\"translatedWithWPMLTM\":\"1\"} -->\n<p>Les chiens de tra\u00eeneau n\u00e9cessitent un entra\u00eenement intensif ax\u00e9 sur l&rsquo;endurance, la force et la r\u00e9sistance. Ils doivent \u00eatre habitu\u00e9s tr\u00e8s t\u00f4t \u00e0 tirer des charges.<\/p>\n<!-- \/wp:paragraph -->\n                                <\/div>\n                            <\/li><li data-aos=\"fade-up\" data-aos=\"fade-up\" data-aos-delay=\"100\" class=\"faq_item\">\n                                <div data-bs-toggle=\"collapse\" class=\"collapse f_bold collapsed\" data-bs-target=\"#faq-list-9478889218662\">Le port du casque est-il obligatoire pour la pratique du snowtubing ? <i class=\"bx bx-plus icon-show\"><\/i>\n                                    <i class=\"bx bx-minus icon-close\"><\/i><\/div>\n                                <div id=\"faq-list-9478889218662\" class=\"collapse\" data-bs-parent=\".faq-list-1205890811\">\n                                    <!-- wp:paragraph -->\n<p>Oui, le port du casque est obligatoire.<\/p>\n<!-- \/wp:paragraph -->\n                                <\/div>\n                            <\/li><li data-aos=\"fade-up\" data-aos=\"fade-up\" data-aos-delay=\"100\" class=\"faq_item\">\n                                <div data-bs-toggle=\"collapse\" class=\"collapse f_bold collapsed\" data-bs-target=\"#faq-list-153661003225936\">Y a-t-il un \u00e2ge minimum pour les enfants ? <i class=\"bx bx-plus icon-show\"><\/i>\n                                    <i class=\"bx bx-minus icon-close\"><\/i><\/div>\n                                <div id=\"faq-list-153661003225936\" class=\"collapse\" data-bs-parent=\".faq-list-1205890811\">\n                                    <!-- wp:paragraph {\"translatedWithWPMLTM\":\"1\"} -->\n<p>Non, mais les enfants de moins de 6 ans ne devraient voyager qu&rsquo;avec un seul parent, selon la situation.  <\/p>\n<!-- \/wp:paragraph -->\n                                <\/div>\n                            <\/li><li data-aos=\"fade-up\" data-aos=\"fade-up\" data-aos-delay=\"100\" class=\"faq_item\">\n                                <div data-bs-toggle=\"collapse\" class=\"collapse f_bold collapsed\" data-bs-target=\"#faq-list-94631756139531\">Dois-je r\u00e9server pour le snowtubing ? <i class=\"bx bx-plus icon-show\"><\/i>\n                                    <i class=\"bx bx-minus icon-close\"><\/i><\/div>\n                                <div id=\"faq-list-94631756139531\" class=\"collapse\" data-bs-parent=\".faq-list-1205890811\">\n                                    <!-- wp:paragraph -->\n<p>\u00c0 partir de 10 personnes, nous vous prions de vous inscrire afin d&rsquo;\u00e9viter les temps d&rsquo;attente.<\/p>\n<!-- \/wp:paragraph -->\n                                <\/div>\n                            <\/li><li data-aos=\"fade-up\" data-aos=\"fade-up\" data-aos-delay=\"100\" class=\"faq_item\">\n                                <div data-bs-toggle=\"collapse\" class=\"collapse f_bold collapsed\" data-bs-target=\"#faq-list-95051468942543\">Y a-t-il des prix de groupe ? <i class=\"bx bx-plus icon-show\"><\/i>\n                                    <i class=\"bx bx-minus icon-close\"><\/i><\/div>\n                                <div id=\"faq-list-95051468942543\" class=\"collapse\" data-bs-parent=\".faq-list-1205890811\">\n                                    <!-- wp:paragraph -->\n<p>Oui, contacte directement <a href=\"mailto:events@engstligenalp.ch\">events@engstligenalp.ch<\/a> ou <a href=\"tel:+41336733270\">+41 (0)33 673 32 70.<\/a><\/p>\n<!-- \/wp:paragraph -->\n                                <\/div>\n                            <\/li><li data-aos=\"fade-up\" data-aos=\"fade-up\" data-aos-delay=\"100\" class=\"faq_item\">\n                                <div data-bs-toggle=\"collapse\" class=\"collapse f_bold collapsed\" data-bs-target=\"#faq-list-94941871173633\">Quand l&rsquo;installation de snowtubing est-elle ouverte ? <i class=\"bx bx-plus icon-show\"><\/i>\n                                    <i class=\"bx bx-minus icon-close\"><\/i><\/div>\n                                <div id=\"faq-list-94941871173633\" class=\"collapse\" data-bs-parent=\".faq-list-1205890811\">\n                                    <!-- wp:paragraph {\"translatedWithWPMLTM\":\"1\"} -->\n<p>Le snowtubing est g\u00e9n\u00e9ralement possible \u00e0 partir de la mi-d\u00e9cembre (en fonction de la neige et de la m\u00e9t\u00e9o). Si les conditions le permettent, l&rsquo;installation est en service tous les jours de 10h00 \u00e0 12h00 et de 13h00 \u00e0 16h00.<\/p>\n<!-- \/wp:paragraph -->\n                                <\/div>\n                            <\/li>\t    <\/ul>\n                    <\/div>\n                    <div class=\"right_top_green magic to_right2 to_bottom z-before p-0\" data-bottom-center=\"transform: translate(0,5vh)\" data-top-center=\"transform: translate(0,-15vh)\"><\/div>\n                <\/div>\n                <\/div>\n            <\/div>\n        <\/section>\n\t  \n\n\n        <section class=\"shaper space_b text-light cta\">\n            <div class=\"triagles_effects full__width_effect shape ondesktop\">\n                <div><\/div>\n                <div class=\"right_bottom_lightblue\" data-aos=\"flip-right\" data-aos-delay=\"100\"><\/div>\n                <div><\/div>\n                <div class=\"right_bottom_grey\" data-aos=\"flip-right\" data-aos-delay=\"200\"><\/div>\n                <div class=\"left_top_green\" data-aos=\"flip-right\" data-aos-delay=\"300\"><\/div>\n                <div class=\"left_top_blue\" data-aos=\"flip-right\" data-aos-delay=\"300\"><\/div>\n                <div class=\"left_top_lightblue\" data-aos=\"flip-right\" data-aos-delay=\"300\"><\/div>\n                <div class=\"right_top_blue\" data-aos=\"flip-right\" data-aos-delay=\"300\"><\/div>\n                <div><\/div>\n                <div class=\"right_top_white\" data-aos=\"flip-right\" data-aos-delay=\"400\"><\/div>\n                <div class=\"left_top_green\" data-aos=\"flip-right\" data-aos-delay=\"400\"><\/div>\n                <div class=\"left_top_lightblue\" data-aos=\"flip-right\" data-aos-delay=\"500\"><\/div>\n            <\/div>\n\t\t\t<div class=\"triagles_effects full__width_effect shape onmobile\">\n                <div><\/div>\n                <div class=\"right_bottom_lightblue\"><\/div>\n                <div><\/div>\n                <div class=\"right_bottom_grey\"><\/div>\n                <div class=\"left_top_green\"><\/div>\n                <div class=\"left_top_blue\"><\/div>\n                <div class=\"left_top_lightblue\"><\/div>\n                <div class=\"right_top_blue\"><\/div>\n                <div><\/div>\n                <div class=\"right_top_lightblue\"><\/div>\n                <div class=\"left_top_grey\"><\/div>\n                <div class=\"left_top_lightblue\"><\/div>\n            <\/div>\n            <div class=\"container-full\">\n            <div class=\"max_90_d\">\n                <div class=\"row \">\n                    <h1 class=\"mb-0 heading shaper__text\">Un bon cadeau pour le snowtubing est une id\u00e9e de cadeau unique !<\/h1>\n\t\t\t\t\t\t\t\t\t\t\t<div class=\"mt-4\">\n\t\t\t\t\t\t\t\t\t\t\t<a href=\"https:\/\/shop.e-guma.ch\/engstligenalp\/fr\/gutscheine\/11660\/snowtubing\" target=\"_BLANK\" class=\"btn btn-success btn-rounded\" rel=\"nofollow noopener\">Acheter un bon maintenant<\/a>\t\t\t\t\t<\/div>                \t<\/div>\n                <\/div>\n            <\/div>\n        <\/section>\n<div class=\"wp-block-columns is-layout-flex wp-container-core-columns-is-layout-9d6595d7 wp-block-columns-is-layout-flex\">\n<div class=\"wp-block-column is-layout-flow wp-block-column-is-layout-flow\" style=\"flex-basis:100%\"><\/div>\n<\/div>\n\n    <section class=\"full_grid text-light\">\n        <div class=\"container-full\">\n            <div class=\"max_90_d\">\n                <div class=\"row\">\n                                        <div class=\"col-md-8\">\n                        <\/p>\n                                            <\/div>\n                                    <\/div>\n            <\/div>\n        <\/div>\n    <\/section>\n\n","protected":false},"excerpt":{"rendered":"","protected":false},"author":1,"featured_media":7698,"parent":9130,"menu_order":20,"comment_status":"closed","ping_status":"closed","template":"","meta":{"_acf_changed":false,"footnotes":""},"class_list":["post-9194","page","type-page","status-publish","has-post-thumbnail","hentry"],"acf":[],"publishpress_future_workflow_manual_trigger":{"enabledWorkflows":[]},"_links":{"self":[{"href":"https:\/\/engstligenalp.ch\/fr\/wp-json\/wp\/v2\/pages\/9194","targetHints":{"allow":["GET"]}}],"collection":[{"href":"https:\/\/engstligenalp.ch\/fr\/wp-json\/wp\/v2\/pages"}],"about":[{"href":"https:\/\/engstligenalp.ch\/fr\/wp-json\/wp\/v2\/types\/page"}],"author":[{"embeddable":true,"href":"https:\/\/engstligenalp.ch\/fr\/wp-json\/wp\/v2\/users\/1"}],"replies":[{"embeddable":true,"href":"https:\/\/engstligenalp.ch\/fr\/wp-json\/wp\/v2\/comments?post=9194"}],"version-history":[{"count":8,"href":"https:\/\/engstligenalp.ch\/fr\/wp-json\/wp\/v2\/pages\/9194\/revisions"}],"predecessor-version":[{"id":34568,"href":"https:\/\/engstligenalp.ch\/fr\/wp-json\/wp\/v2\/pages\/9194\/revisions\/34568"}],"up":[{"embeddable":true,"href":"https:\/\/engstligenalp.ch\/fr\/wp-json\/wp\/v2\/pages\/9130"}],"wp:featuredmedia":[{"embeddable":true,"href":"https:\/\/engstligenalp.ch\/fr\/wp-json\/wp\/v2\/media\/7698"}],"wp:attachment":[{"href":"https:\/\/engstligenalp.ch\/fr\/wp-json\/wp\/v2\/media?parent=9194"}],"curies":[{"name":"wp","href":"https:\/\/api.w.org\/{rel}","templated":true}]}}