{"id":9199,"date":"2022-06-02T12:02:19","date_gmt":"2022-06-02T10:02:19","guid":{"rendered":"https:\/\/engstligenalp.ch\/hiver\/vivre\/randonnee-hivernale\/"},"modified":"2026-04-21T21:48:21","modified_gmt":"2026-04-21T19:48:21","slug":"randonnee-hivernale","status":"publish","type":"page","link":"https:\/\/engstligenalp.ch\/fr\/hiver\/vivre\/randonnee-hivernale\/","title":{"rendered":"Randonn\u00e9e hivernale"},"content":{"rendered":"\n    <section class=\"full_grid text-light\">\n        <div class=\"container-full\">\n            <div class=\"max_90_d\">\n                <div class=\"row\">\n                                            <h1 class=\"mb-4 heading\">D\u00e9couvrir l&rsquo;Engstligenalp \u00e0 pied<\/h1>\n                                        <div class=\"col-md-8\">\n                        <p>En hiver, le paysage de l&rsquo;Engstligenalp resplendit d&rsquo;un blanc s\u00e9duisant. Le pays des merveilles hivernales ne se d\u00e9couvre pas seulement sur des planches, mais aussi lors de randonn\u00e9es hivernales. En effet, quelle meilleure fa\u00e7on de profiter de l&rsquo;hiver que de faire une longue randonn\u00e9e hivernale sur le plateau enneig\u00e9 ?  <\/p>\n                                            <\/div>\n                                    <\/div>\n            <\/div>\n        <\/div>\n    <\/section>\n\n\n                <section class=\"column_in_2\" >\n                <div class=\"container-full\">\n                    <div class=\"row max_90_d\">\n                        <div class=\"col-lg-7 order-1 p-0 mb-4 position-relative\" data-aos=\"fade-up\" data-aos-delay=\"200\">\n                            <div class=\"right_top_lightblue magic to_right to_top\" data-bottom-center=\"transform: translate(0,5vh)\" data-top-center=\"transform: translate(0,-15vh)\"><\/div>\n                            <img decoding=\"async\" src=\"https:\/\/engstligenalp.ch\/wp-content\/uploads\/winterwandern_natur.jpg\" class=\"img-fluid rounded-2 img-shadow\" alt=\"\" title=\"\">\n                            <div class=\"left_top_green magic to_left to_bottom\" data-bottom-center=\"transform: translate(0,10vh)\" data-top-center=\"transform: translate(0,-5vh)\"><\/div>\n                        <\/div>\n                        <div class=\"col-lg-4 margin-left-3 order-2 content\" data-aos=\"fade-up\" data-aos-delay=\"200\">\n                            <h2 class=\"mb-4\">Retrouver le calme &#8211; \u00e0 l&rsquo;int\u00e9rieur comme \u00e0 l&rsquo;ext\u00e9rieur<\/h2>\n                            <div><p>Sur le plus grand des plateaux, la tranquillit\u00e9 prend tout de suite une nouvelle signification. Le grand circuit de 5,5 kilom\u00e8tres traverse le paysage hivernal idyllique de l&rsquo;Engstligenalp &#8211; une exp\u00e9rience reposante pour petits et grands !<\/p>\n<\/div>\n                                                                                <\/div>\n                    <\/div>\n                <\/div>\n            <\/section>\n    \n            <section id=\"packages\" class=\"packages text-light container-full\" data-aos=\"fade-up\" data-aos-delay=\"50\">\n            <div class=\"max_90_d\"><div class=\"row \">\n                <div class=\"col-lg-12\">\n                    <h1 class=\"mb-4 heading\">Circuits de randonn\u00e9e<\/h1>\n\t\t\t\t\t\t<div class=\"col-md-7 mb-5\"><p><\/p><\/div><\/div>                <\/div>\n                <\/div>\n\t\t\t\t<\/div>                <div class=\"max_90_d\">\n            <div class=\"row\">\n\t\t\t\t\n\n                <div class=\"col-lg-6 pb-sm-3 mb-5\" data-aos=\"fade-up\" data-aos-delay=\"200\">\n                    <div class=\"card card_effect pos3\" data-aos=\"fade-up\" data-aos-delay=\"100\">\n                        <div class=\"card_content\">\n                            <h1 class=\"mb-2\"><\/h1>\n                            <h4 class=\"mb-4 f_bold\">Circuit de randonn\u00e9e du R\u00fcebi<\/h4>\n                            \n<p>Le sentier de randonn\u00e9e hivernale R\u00fcebi bifurque \u00e0 droite juste en dessous du chalet Wildstrubel et m\u00e8ne au pied du Fitzer en passant par des cabanes d&rsquo;alpage pour revenir \u00e0 la station sup\u00e9rieure. La topographie est majoritairement plate et se pr\u00eate donc parfaitement \u00e0 une agr\u00e9able promenade hivernale. Longueur : 2km<\/p>\n                        <\/div>\n                                            <\/div>\n                <\/div>\n\n                <div class=\"col-lg-6 pb-sm-3 mb-5\" data-aos=\"fade-up\" data-aos-delay=\"200\">\n                    <div class=\"card card_effect pos3\" data-aos=\"fade-up\" data-aos-delay=\"100\">\n                        <div class=\"card_content\">\n                            <h1 class=\"mb-2\"><\/h1>\n                            <h4 class=\"mb-4 f_bold\">Circuit de randonn\u00e9e L\u00e4ger<\/h4>\n                            \n<p>Le sentier de randonn\u00e9e hivernale L\u00e4ger traverse le plateau au milieu d&rsquo;un panorama de montagnes \u00e0 couper le souffle. La topographie est plate et se pr\u00eate donc parfaitement \u00e0 une agr\u00e9able promenade hivernale. Longueur : 4.3km<\/p>\n                        <\/div>\n                                            <\/div>\n                <\/div>\n            <\/div>\n        <\/section>\n\n    <section class=\"full_grid text-light\">\n        <div class=\"container-full\">\n            <div class=\"max_90_d\">\n                <div class=\"row\">\n                                            <h3 class=\"mb-4 heading\">Circuit de randonn\u00e9e du L\u00e4ger<\/h3>\n                                        <div class=\"col-md-8\">\n                        <\/p>\n                                            <\/div>\n                                    <\/div>\n            <\/div>\n        <\/div>\n    <\/section>\n\n\n                <section class=\"column_in_2\" >\n                <div class=\"container-full\">\n                    <div class=\"triagles_effects half_effect_quatre right_side_effect\" data-aos=\"fade-up\" data-aos-delay=\"600\">\n                        <div class=\"half_right_lightblue\"><\/div>\n                    <\/div>\n                    <div class=\"row max_90_d\">\n                        <div class=\"col-lg-7 p-0 mb-4 mt-4 margin-left-3 order-md-2 position-relative\" data-aos=\"fade-up\" data-aos-delay=\"200\">\n                            <img decoding=\"async\" src=\"https:\/\/engstligenalp.ch\/wp-content\/uploads\/schneeschuhtour_adelboden.jpg\" class=\"img-fluid rounded-2 img-shadow\" alt=\"\" title=\"\">\n                        <\/div>\n                        <div class=\"col-lg-4 order-md-1 content\" data-aos=\"fade-up\" data-aos-delay=\"200\">\n                            <h2 class=\"mb-4\">D\u00e9couverte en raquettes \u00e0 neige<\/h2>\n                            <div><p>Pour ceux qui osent s&rsquo;aventurer sur des terrains peu s\u00fbrs, le mieux est de chausser des raquettes \u00e0 neige. Que vous soyez guid\u00e9 ou que vous suiviez l&rsquo;itin\u00e9raire, la d\u00e9couverte de l&rsquo;Engstligenalp lors d&rsquo;une randonn\u00e9e en raquettes se transforme tout naturellement en une grande aventure.<\/p>\n<\/div>\n                                                            <div class=\"mt-4\">\n                                    <a href=\"https:\/\/www.intersportrent.ch\/skimiete-adelboden\/intersport-hari-sport_10520204?partid=2da02adef50d4fd78ed306803311d3fb\" target=\"_BLANK\" class=\"btn btn-success btn-rounded\" rel=\"nofollow noopener\">R\u00e9servation de raquettes \u00e0 neige en ligne avec 10% de r\u00e9duction<\/a>\n                                <\/div>\n                                                                                <\/div>\n                    <\/div>\n                <\/div>\n            <\/section>\n    \n    \n    <section class=\"full_grid text-light\">\n        <div class=\"container-full\">\n            <div class=\"max_90_d\">\n                <div class=\"row\">\n                                            <h3 class=\"mb-4 heading\">Sentier de raquettes<\/h3>\n                                        <div class=\"col-md-8\">\n                        <\/p>\n                                            <\/div>\n                                    <\/div>\n            <\/div>\n        <\/div>\n    <\/section>\n\n","protected":false},"excerpt":{"rendered":"","protected":false},"author":1,"featured_media":17033,"parent":9130,"menu_order":19,"comment_status":"closed","ping_status":"closed","template":"","meta":{"_acf_changed":false,"footnotes":""},"class_list":["post-9199","page","type-page","status-publish","has-post-thumbnail","hentry"],"acf":[],"publishpress_future_workflow_manual_trigger":{"enabledWorkflows":[]},"_links":{"self":[{"href":"https:\/\/engstligenalp.ch\/fr\/wp-json\/wp\/v2\/pages\/9199","targetHints":{"allow":["GET"]}}],"collection":[{"href":"https:\/\/engstligenalp.ch\/fr\/wp-json\/wp\/v2\/pages"}],"about":[{"href":"https:\/\/engstligenalp.ch\/fr\/wp-json\/wp\/v2\/types\/page"}],"author":[{"embeddable":true,"href":"https:\/\/engstligenalp.ch\/fr\/wp-json\/wp\/v2\/users\/1"}],"replies":[{"embeddable":true,"href":"https:\/\/engstligenalp.ch\/fr\/wp-json\/wp\/v2\/comments?post=9199"}],"version-history":[{"count":12,"href":"https:\/\/engstligenalp.ch\/fr\/wp-json\/wp\/v2\/pages\/9199\/revisions"}],"predecessor-version":[{"id":33587,"href":"https:\/\/engstligenalp.ch\/fr\/wp-json\/wp\/v2\/pages\/9199\/revisions\/33587"}],"up":[{"embeddable":true,"href":"https:\/\/engstligenalp.ch\/fr\/wp-json\/wp\/v2\/pages\/9130"}],"wp:featuredmedia":[{"embeddable":true,"href":"https:\/\/engstligenalp.ch\/fr\/wp-json\/wp\/v2\/media\/17033"}],"wp:attachment":[{"href":"https:\/\/engstligenalp.ch\/fr\/wp-json\/wp\/v2\/media?parent=9199"}],"curies":[{"name":"wp","href":"https:\/\/api.w.org\/{rel}","templated":true}]}}