{"id":9200,"date":"2022-06-02T10:54:19","date_gmt":"2022-06-02T08:54:19","guid":{"rendered":"https:\/\/engstligenalp.ch\/hiver\/vivre\/globi-et-les-enfants\/"},"modified":"2026-05-11T17:38:04","modified_gmt":"2026-05-11T15:38:04","slug":"globi-et-les-enfants","status":"publish","type":"page","link":"https:\/\/engstligenalp.ch\/fr\/hiver\/vivre\/globi-et-les-enfants\/","title":{"rendered":"Globi et les enfants"},"content":{"rendered":"\n    <section class=\"full_grid text-light\">\n        <div class=\"container-full\">\n            <div class=\"max_90_d\">\n                <div class=\"row\">\n                                            <h1 class=\"mb-4 heading\">D\u00e9couvrir l&rsquo;Engstligenalp avec Globi<\/h1>\n                                        <div class=\"col-md-8\">\n                        <p>Globi, l&rsquo;oiseau bleu au bec jaune, au b\u00e9ret basque et au pantalon \u00e0 carreaux rouges et noirs, fait tout simplement partie de l&rsquo;Engstligenalp. L&rsquo;exp\u00e9rience avec Globi commence d\u00e8s que le t\u00e9l\u00e9ph\u00e9rique Globi emm\u00e8ne toute ta famille \u00e0 la montagne en hiver. Il vous accueille sur le plus beau plateau de Suisse : Ensemble, vous d\u00e9couvrirez l&rsquo;Engstligenalp et vivrez une aventure Globi inoubliable avec toute la famille &#8211; il n&rsquo;y aura certainement pas que les yeux des enfants qui brilleront.<\/p>\n                                            <\/div>\n                                    <\/div>\n            <\/div>\n        <\/div>\n    <\/section>\n\n\n     \n            <section class=\"column_in_2\" id=\"T\u00e9l\u00e9ph\u00e9rique\">\n                <div class=\"container-full\">\n                    <div class=\"triagles_effects half_effect_quatre\" data-aos=\"fade-up\" data-aos-delay=\"600\">\n                        <div class=\"half_right_blue\"><\/div>\n                    <\/div>\n                    <div class=\"row max_90_d\">\n                        <div class=\"col-lg-7 p-0 mb-4 order-1 position-relative\" data-aos=\"fade-up\" data-aos-delay=\"200\">\n                            <img decoding=\"async\" src=\"https:\/\/engstligenalp.ch\/wp-content\/uploads\/\/Luftseilbahn.jpg\" class=\"img-fluid rounded-2 img-shadow\" alt=\"\" title=\"\">\n                        <\/div>\n                        <div class=\"col-lg-4 margin-left-3 order-2 content\" data-aos=\"fade-up\" data-aos-delay=\"200\">\n                            <h2 class=\"mb-4\">Prendre de la hauteur avec le t\u00e9l\u00e9ph\u00e9rique Globi<\/h2>\n                            <div><p>Le t\u00e9l\u00e9ph\u00e9rique Globi emm\u00e8ne toute ta famille sur l&rsquo;Engstligenalp. L&rsquo;aventure avec Globi commence alors d\u00e9j\u00e0, car il y a beaucoup \u00e0 d\u00e9couvrir en route. Tu auras peut-\u00eatre la chance d&rsquo;apercevoir la cascade gel\u00e9e.<\/p>\n<p><strong>Heures de fonctionnement :<\/strong><\/p>\n<p>19.12.2026 &#8211; 03.01.2027, tous les jours (vacances de No\u00ebl)<br \/>\n04.01.2027 &#8211; 05.02.2027, SA + DI<br \/>\n06.02.2027 &#8211; 28.02.2027, tous les jours (vacances de sport)<br \/>\n01.03.2027 &#8211; 02.05.2027, SA + DI<br \/>\nVendredi saint, 26.03.2027<br \/>\nLundi de P\u00e2ques, 29.03.2027<\/p>\n<p>de 9h30 \u00e0 12h30 | de 14h30 \u00e0 16h30<\/p>\n<\/div>\n                                                                                <\/div>\n                    <\/div>\n                <\/div>\n            <\/section>\n    \n    \n    <section class=\"full_grid text-light\">\n        <div class=\"container-full\">\n            <div class=\"max_90_d\">\n                <div class=\"row\">\n                                            <h2 class=\"mb-4 heading\">Les joies de l&rsquo;hiver au pays des enfants<\/h2>\n                                        <div class=\"col-md-8\">\n                        <p>Juste \u00e0 c\u00f4t\u00e9 de l&rsquo;h\u00f4tel de montagne, sur le versant, le Globi Kinderland attend les clients en qu\u00eate de sensations fortes. Du matin au soir, tu seras ici g\u00e2t\u00e9 par le soleil. Et avec un peu de chance, Globi sera d\u00e9j\u00e0 sur place, car l&rsquo;oiseau bleu aime la neige autant que toi. Dans le pays des enfants, un amusant Globi-Trail attend les petits h\u00f4tes avec une nacelle de passage, des bosses et des portes \u00e9tir\u00e9es. Le plaisir est garanti &#8211; et pas seulement pour les enfants.<\/p>\n<p>La visite du passionnant Hor\u00e4-Trail, qui se trouve plus loin pr\u00e8s du t\u00e9l\u00e9ski Bockmatti, est \u00e9galement un \u00e9v\u00e9nement familial particulier : Des creux de vagues et des virages \u00e0 pic garantissent le plaisir et l&rsquo;action pendant les vacances en famille dans les Alpes. Le trajet \u00e0 toute vitesse dans la vieille t\u00e9l\u00e9cabine de l&rsquo;Engstligen est une exp\u00e9rience inoubliable.<\/p>\n<p>Ou bien tu d\u00e9vales la pente dans un cerceau sur la piste de snowtubing. Le ski et les jeux dans la neige vous fatiguent ? Alors repose-toi tout simplement dans le carrousel pour enfants ou en faisant du snowtubing.<\/p>\n                                            <\/div>\n                                            <div class=\"mt-4\">\n                            <a href=\"https:\/\/engstligenalp.ch\/winter\/erleben\/snowtubing\/\"  class=\"btn btn-success btn-rounded\">En savoir plus<\/a>\n                        <\/div>\n                                    <\/div>\n            <\/div>\n        <\/div>\n    <\/section>\n\n\n     \n            <section class=\"column_in_2\" id=\"HP\">\n                <div class=\"container-full\">\n                    <div class=\"triagles_effects half_effect_quatre\" data-aos=\"fade-up\" data-aos-delay=\"600\">\n                        <div class=\"half_right_blue\"><\/div>\n                    <\/div>\n                    <div class=\"row max_90_d\">\n                        <div class=\"col-lg-7 p-0 mb-4 order-1 position-relative\" data-aos=\"fade-up\" data-aos-delay=\"200\">\n                            <img decoding=\"async\" src=\"https:\/\/engstligenalp.ch\/wp-content\/uploads\/globi_05-1.avif\" class=\"img-fluid rounded-2 img-shadow\" alt=\"\" title=\"\">\n                        <\/div>\n                        <div class=\"col-lg-4 margin-left-3 order-2 content\" data-aos=\"fade-up\" data-aos-delay=\"200\">\n                            <h2 class=\"mb-4\">Rencontrer Globi en personne<\/h2>\n                            <div><p>Au Kinderland, vous rencontrerez Globi la plupart du temps sur des skis. Il est fier de montrer ses talents de skieur et vous met au d\u00e9fi de le suivre &#8211; un vrai plaisir pour tous ! De temps en temps, Globi se prom\u00e8ne \u00e0 pied autour de l&rsquo;h\u00f4tel de montagne et se r\u00e9jouit de vous rencontrer.  <\/p>\n<ul>\n<li>19.12.2026 &#8211; 03.01.2027, tous les jours<\/li>\n<li>04.01.2027 &#8211; 05.02.2027, tous les SA + DI<\/li>\n<li>06.02.2027 &#8211; 28.02.2027, tous les jours<\/li>\n<li>01.03.2027 &#8211; 02.05.2027, tous les SA + DI<\/li>\n<li>Vendredi saint 26.03.2027<\/li>\n<li>Lundi de P\u00e2ques 29.03.2027<\/li>\n<\/ul>\n<p>de 13h30 \u00e0 14h00<\/p>\n<p>Bien entendu, Globi se fera un plaisir de poser avec toi pour une photo souvenir. Et si tu as de la chance, Globi te r\u00e9serve m\u00eame une petite surprise : de petits cadeaux comme des tatouages, des autocollants et des cartes postales feront vite briller les yeux des enfants.<\/p>\n<\/div>\n                                                                                <\/div>\n                    <\/div>\n                <\/div>\n            <\/section>\n    \n    \n                <section class=\"column_in_2\" id=\"\u00c9cole de ski\">\n                <div class=\"container-full\">\n                    <div class=\"triagles_effects half_effect_quatre right_side_effect\" data-aos=\"fade-up\" data-aos-delay=\"600\">\n                        <div class=\"half_right_lightblue\"><\/div>\n                    <\/div>\n                    <div class=\"row max_90_d\">\n                        <div class=\"col-lg-7 p-0 mb-4 mt-4 margin-left-3 order-md-2 position-relative\" data-aos=\"fade-up\" data-aos-delay=\"200\">\n                            <img decoding=\"async\" src=\"https:\/\/engstligenalp.ch\/wp-content\/uploads\/globi_06-1.avif\" class=\"img-fluid rounded-2 img-shadow\" alt=\"\" title=\"\">\n                        <\/div>\n                        <div class=\"col-lg-4 order-md-1 content\" data-aos=\"fade-up\" data-aos-delay=\"200\">\n                            <h2 class=\"mb-4\">\u00c9cole de ski Globi pour enfants<\/h2>\n                            <div><p>Tu admires les grands skieurs dans leurs \u00e9l\u00e9gants virages sur les pistes ? Tu peux le faire aussi ! \u00c0 l&rsquo;\u00e9cole de ski Globi, tu apprends \u00e0 skier tous les samedis et dimanches pendant la saison des sports d&rsquo;hiver, de fin d\u00e9cembre \u00e0 d\u00e9but avril. Ici, tout le monde est le bienvenu, les d\u00e9butants comme les futurs professionnels. Deux t\u00e9l\u00e9skis pour enfants avec plusieurs sorties t&#8217;emm\u00e8nent, toi et les autres petits athl\u00e8tes d&rsquo;hiver, \u00e0 la descente. Avec un peu d&rsquo;entra\u00eenement, tu r\u00e9ussiras rapidement tes premiers virages courts et tu d\u00e9valeras la pente avec assurance.<\/p>\n<p><\/p>\n<\/div>\n                                                            <div class=\"mt-4\">\n                                    <a href=\"https:\/\/skischule-adelboden.ch\/fr\/kinder\/ski\/gruppe\/globi-skischule-engstligenalp\/\" target=\"_BLANK\" class=\"btn btn-success btn-rounded\" rel=\"nofollow noopener\">Vers l&rsquo;\u00e9cole de ski Globi<\/a>\n                                <\/div>\n                                                                                        <div class=\"mt-4\">\n                                    <a href=\"https:\/\/skischule-adelboden.ch\/fr\/kinder\/ski\/kinder-gruppenunterricht\/\" target=\"_BLANK\" class=\"btn btn-success btn-rounded\" rel=\"nofollow noopener\">Cours collectifs de ski pour enfants<\/a>\n                                <\/div>\n                                                    <\/div>\n                    <\/div>\n                <\/div>\n            <\/section>\n    \n       \n\n        <section class=\"bildslider_ text-light\">\n            <div class=\"container-full\">\n                \t\t\t\t<div class=\"max_90_d\">\n\t\t\t\t\t<div class=\"row mb-4\">\n\t\t\t\t\t\t<h2 class=\"heading title\">Impressions Kinderland<\/h2>\n\t\t\t\t\t<\/div>\n\t\t\t\t<\/div>\n\t\t\t\t                <div class=\"bildslider bildslider-759323374\">\n                    <div class=\"swiper-wrapper\">\n\t\t\t\t\t\t                        <div class=\"swiper-slide padd_r\">\n                            <a href=\"https:\/\/engstligenalp.ch\/wp-content\/uploads\/globi_08.avif\" class=\"img_grid enlarge2\">\n                                <img decoding=\"async\" src=\"https:\/\/engstligenalp.ch\/wp-content\/uploads\/globi_08.avif\" class=\"img-fluid\" dtitle=\"App 1\" alt=\"\" title=\"\">\n                            <\/a>\n                        <\/div>\n                                              <div class=\"swiper-slide padd_r\">\n                            <a href=\"https:\/\/engstligenalp.ch\/wp-content\/uploads\/globi_14.avif\" class=\"img_grid enlarge2\">\n                                <img decoding=\"async\" src=\"https:\/\/engstligenalp.ch\/wp-content\/uploads\/globi_14.avif\" class=\"img-fluid\" dtitle=\"App 1\" alt=\"\" title=\"\">\n                            <\/a>\n                        <\/div>\n                                              <div class=\"swiper-slide padd_r\">\n                            <a href=\"https:\/\/engstligenalp.ch\/wp-content\/uploads\/globi_13.avif\" class=\"img_grid enlarge2\">\n                                <img decoding=\"async\" src=\"https:\/\/engstligenalp.ch\/wp-content\/uploads\/globi_13.avif\" class=\"img-fluid\" dtitle=\"App 1\" alt=\"\" title=\"\">\n                            <\/a>\n                        <\/div>\n                                              <div class=\"swiper-slide padd_r\">\n                            <a href=\"https:\/\/engstligenalp.ch\/wp-content\/uploads\/globi_12.avif\" class=\"img_grid enlarge2\">\n                                <img decoding=\"async\" src=\"https:\/\/engstligenalp.ch\/wp-content\/uploads\/globi_12.avif\" class=\"img-fluid\" dtitle=\"App 1\" alt=\"\" title=\"\">\n                            <\/a>\n                        <\/div>\n                                              <div class=\"swiper-slide padd_r\">\n                            <a href=\"https:\/\/engstligenalp.ch\/wp-content\/uploads\/globi_11.avif\" class=\"img_grid enlarge2\">\n                                <img decoding=\"async\" src=\"https:\/\/engstligenalp.ch\/wp-content\/uploads\/globi_11.avif\" class=\"img-fluid\" dtitle=\"App 1\" alt=\"\" title=\"\">\n                            <\/a>\n                        <\/div>\n                                              <div class=\"swiper-slide padd_r\">\n                            <a href=\"https:\/\/engstligenalp.ch\/wp-content\/uploads\/globi_10.avif\" class=\"img_grid enlarge2\">\n                                <img decoding=\"async\" src=\"https:\/\/engstligenalp.ch\/wp-content\/uploads\/globi_10.avif\" class=\"img-fluid\" dtitle=\"App 1\" alt=\"\" title=\"\">\n                            <\/a>\n                        <\/div>\n                                              <div class=\"swiper-slide padd_r\">\n                            <a href=\"https:\/\/engstligenalp.ch\/wp-content\/uploads\/globi_09.avif\" class=\"img_grid enlarge2\">\n                                <img decoding=\"async\" src=\"https:\/\/engstligenalp.ch\/wp-content\/uploads\/globi_09.avif\" class=\"img-fluid\" dtitle=\"App 1\" alt=\"\" title=\"\">\n                            <\/a>\n                        <\/div>\n                                          <\/div>\n                    <div class=\"swipe_arrows\">\n                        <div class=\"button-next button-next-759323374\"><\/div>\n                        <div class=\"button-prev button-prev-759323374\"><\/div>\n                    <\/div>\n                <\/div>\n            <\/div>\n        <\/section>\n<script src=\"https:\/\/cdnjs.cloudflare.com\/ajax\/libs\/Swiper\/7.3.0\/swiper-bundle.min.js\"><\/script>\n<script>\n \/**\n     * Bildslider slider\n     *\/\n    new Swiper('.bildslider-759323374', {\n        speed: 600,\n        slidesPerView: 1,\n        spaceBetween: 10,\n        centeredSlides: false,\n        loop: false,\n        navigation: {\n            nextEl: \".button-next-759323374\",\n            prevEl: \".button-prev-759323374\",\n        },\n        breakpoints: {\n            640: {\n                slidesPerView: 1,\n                spaceBetween: 10,\n            },\n            768: {\n                slidesPerView: 3,\n                spaceBetween: 10,\n            },\n            1024: {\n                slidesPerView: 4,\n                spaceBetween: 15,\n            },\n        },\n    });\n<\/script>\n                <section class=\"column_in_2\" id=\"Package Aventure\">\n                <div class=\"container-full\">\n                    <div class=\"row max_90_d\">\n                        <div class=\"col-lg-7 order-1 p-0 mb-4 position-relative\" data-aos=\"fade-up\" data-aos-delay=\"200\">\n                            <div class=\"right_top_lightblue magic to_right to_top\" data-bottom-center=\"transform: translate(0,5vh)\" data-top-center=\"transform: translate(0,-15vh)\"><\/div>\n                            <img decoding=\"async\" src=\"https:\/\/engstligenalp.ch\/wp-content\/uploads\/globi-erlebnispackage-e1674062501405.jpg\" class=\"img-fluid rounded-2 img-shadow\" alt=\"\" title=\"\">\n                            <div class=\"left_top_green magic to_left to_bottom\" data-bottom-center=\"transform: translate(0,10vh)\" data-top-center=\"transform: translate(0,-5vh)\"><\/div>\n                        <\/div>\n                        <div class=\"col-lg-4 margin-left-3 order-2 content\" data-aos=\"fade-up\" data-aos-delay=\"200\">\n                            <h1 class=\"mb-4\">Forfait d\u00e9couverte Globi<\/h1>\n                            <div><p>Et pourquoi ne pas prolonger le s\u00e9jour en r\u00e9servant le forfait Globi pour la nuit ? Un moment fort pour les petits fans de Globi : apprendre dans le livre de Globi et r\u00eaver le soir, blotti dans les draps de Globi, des aventures de Globi sur l&rsquo;alpage. <\/p>\n<p>Inclus dans le forfait Globi :<\/p>\n<ul>\n<li>1 sac surprise Globi avec diverses surprises<\/li>\n<li>linge de lit sp\u00e9cial Globi dans la chambre<\/li>\n<li>Rencontrez Globi en personne au Kinderland (Attention : Globi en personne uniquement \u00e0 certaines dates\/jours)<\/li>\n<\/ul>\n<p>Le package peut \u00eatre r\u00e9serv\u00e9 individuellement comme prestation suppl\u00e9mentaire lors de la r\u00e9servation. Co\u00fbt par enfant : CHF 29 <\/p>\n<p>D&rsquo;ailleurs, \u00e0 partir de 2 nuits, le trajet en t\u00e9l\u00e9ph\u00e9rique Globi est inclus pour toute la famille (le billet de t\u00e9l\u00e9ph\u00e9rique est \u00e9galement valable pour le t\u00e9l\u00e9ph\u00e9rique normal).<\/p>\n<\/div>\n                                                            <div class=\"mt-4\">\n                                    <a href=\"https:\/\/www.simplebooking.it\/ibe\/hotelbooking\/search?hid=7607&amp;lang=fr\" target=\"_BLANK\" class=\"btn btn-success btn-rounded\" rel=\"nofollow noopener\">V\u00e9rifier la disponibilit\u00e9<\/a>\n                                <\/div>\n                                                                                <\/div>\n                    <\/div>\n                <\/div>\n            <\/section>\n    \n    \n                <section class=\"column_in_2\" id=\"Bon d'achat\">\n                <div class=\"container-full\">\n                    <div class=\"triagles_effects half_effect_quatre right_side_effect\" data-aos=\"fade-up\" data-aos-delay=\"600\">\n                        <div class=\"half_right_lightblue\"><\/div>\n                    <\/div>\n                    <div class=\"row max_90_d\">\n                        <div class=\"col-lg-7 p-0 mb-4 mt-4 margin-left-3 order-md-2 position-relative\" data-aos=\"fade-up\" data-aos-delay=\"200\">\n                            <img decoding=\"async\" src=\"https:\/\/engstligenalp.ch\/wp-content\/uploads\/globi_package-jpg.webp\" class=\"img-fluid rounded-2 img-shadow\" alt=\"\" title=\"\">\n                        <\/div>\n                        <div class=\"col-lg-4 order-md-1 content\" data-aos=\"fade-up\" data-aos-delay=\"200\">\n                            <h1 class=\"mb-4\">Bon pour un forfait d\u00e9couverte Globi<\/h1>\n                            <div><p>Vous \u00eates \u00e0 la recherche d&rsquo;un cadeau d&rsquo;anniversaire unique ou vous souhaitez offrir un cadeau de No\u00ebl tr\u00e8s sp\u00e9cial \u00e0 votre parrain ou marraine ?<\/p>\n<p>Alors le nouveau bon pour le package Aventure Globi est fait pour vous !<\/p>\n<\/div>\n                                                            <div class=\"mt-4\">\n                                    <a href=\"https:\/\/shop.e-guma.ch\/engstligenalp\/fr\/gutscheine\/45850\/globi-erlebnispackage\" target=\"_BLANK\" class=\"btn btn-success btn-rounded\" rel=\"nofollow noopener\">Vers le bon d&rsquo;achat<\/a>\n                                <\/div>\n                                                                                <\/div>\n                    <\/div>\n                <\/div>\n            <\/section>\n    \n              <section class=\"column_in_1 mt-5 \">\n            <div class=\"container-full\">\n            \t<div class=\"max_90_d\">\n                <div class=\"row\">\n                    <div class=\"col-lg-12 p-0 \" data-aos=\"fade-up\" data-aos-delay=\"200\">\n                        <div class=\"left_top_lightblue magic to_left to_top\" data-bottom-center=\"transform: translate(0,5vh)\" data-top-center=\"transform: translate(0,-15vh)\"><\/div>\n                        <img decoding=\"async\" src=\"https:\/\/engstligenalp.ch\/wp-content\/uploads\/globi_07-1.avif\" class=\"img-fluid rounded-2 img-shadow\" alt=\"\" title=\"\">\n                        <div class=\"right_bottom_blue magic to_right to_bottom\" data-bottom-center=\"transform: translate(0,10vh)\" data-top-center=\"transform: translate(0,-5vh)\"><\/div>\n                    <\/div>\n                <\/div>\n                <\/div>\n            <\/div>\n        <\/section>\n<div class=\"wp-block-group\"><div class=\"wp-block-group__inner-container is-layout-flow wp-block-group-is-layout-flow\"><\/div><\/div>\n\n     \n            <section class=\"column_in_2\" >\n                <div class=\"container-full\">\n                    <div class=\"triagles_effects half_effect_quatre\" data-aos=\"fade-up\" data-aos-delay=\"600\">\n                        <div class=\"half_right_blue\"><\/div>\n                    <\/div>\n                    <div class=\"row max_90_d\">\n                        <div class=\"col-lg-7 p-0 mb-4 order-1 position-relative\" data-aos=\"fade-up\" data-aos-delay=\"200\">\n                            <img decoding=\"async\" src=\"https:\/\/engstligenalp.ch\/wp-content\/uploads\/globi-4.avif\" class=\"img-fluid rounded-2 img-shadow\" alt=\"\" title=\"\">\n                        <\/div>\n                        <div class=\"col-lg-4 margin-left-3 order-2 content\" data-aos=\"fade-up\" data-aos-delay=\"200\">\n                            <h1 class=\"mb-4\">Souvenirs de Globi pour la maison<\/h1>\n                            <div><p>Connais-tu d\u00e9j\u00e0 l&rsquo;histoire de Globi, qui devient alpagiste pour une saison sur l&rsquo;Engstligenalp ? Le berger s&rsquo;est en effet malencontreusement bless\u00e9 &#8211; pas de doute, Globi le remplace. Il a maintenant beaucoup \u00e0 faire, beaucoup \u00e0 apprendre et beaucoup de nouvelles choses \u00e0 d\u00e9couvrir. C&rsquo;est ainsi que Globi r\u00e9pand la bouse de vache dans les p\u00e2turages, transporte d&rsquo;\u00e9normes balles de foin, apprend \u00e0 jodler \u00e0 travers un entonnoir \u00e0 lait ou comment agiter des drapeaux. Pendant son \u00e9t\u00e9 \u00e0 l&rsquo;alpage, il est confront\u00e9 \u00e0 des vaches insolentes, rencontre des nains et un g\u00e9ant. Le mieux est que tu lises toi-m\u00eame tout ce qu&rsquo;il vit par ailleurs !<\/p>\n<p>Les livres Globi, les CD et divers autres articles Globi sont disponibles au Globi St\u00fcbli ou \u00e0 l&rsquo;h\u00f4tel de montagne. Le Globi St\u00fcbli est ouvert chaque fois que le t\u00e9l\u00e9ph\u00e9rique Globi est en service.<\/p>\n<p>D&rsquo;ailleurs, diff\u00e9rents produits Globi sont \u00e9galement en vente en ligne sur notre boutique de souvenirs.<\/p>\n<\/div>\n                                                            <div class=\"mt-4\">\n                                    <a href=\"https:\/\/shop.e-guma.ch\/engstligenalp\/fr\/produits\" target=\"_BLANK\" class=\"btn btn-success btn-rounded\" rel=\"nofollow noopener\">Boutique de souvenirs<\/a>\n                                <\/div>\n                                                                                <\/div>\n                    <\/div>\n                <\/div>\n            <\/section>\n    \n      \n\n\n        <section class=\"shaper space_b text-light cta\">\n            <div class=\"triagles_effects full__width_effect shape ondesktop\">\n                <div><\/div>\n                <div class=\"right_bottom_lightblue\" data-aos=\"flip-right\" data-aos-delay=\"100\"><\/div>\n                <div><\/div>\n                <div class=\"right_bottom_grey\" data-aos=\"flip-right\" data-aos-delay=\"200\"><\/div>\n                <div class=\"left_top_green\" data-aos=\"flip-right\" data-aos-delay=\"300\"><\/div>\n                <div class=\"left_top_blue\" data-aos=\"flip-right\" data-aos-delay=\"300\"><\/div>\n                <div class=\"left_top_lightblue\" data-aos=\"flip-right\" data-aos-delay=\"300\"><\/div>\n                <div class=\"right_top_blue\" data-aos=\"flip-right\" data-aos-delay=\"300\"><\/div>\n                <div><\/div>\n                <div class=\"right_top_white\" data-aos=\"flip-right\" data-aos-delay=\"400\"><\/div>\n                <div class=\"left_top_green\" data-aos=\"flip-right\" data-aos-delay=\"400\"><\/div>\n                <div class=\"left_top_lightblue\" data-aos=\"flip-right\" data-aos-delay=\"500\"><\/div>\n            <\/div>\n\t\t\t<div class=\"triagles_effects full__width_effect shape onmobile\">\n                <div><\/div>\n                <div class=\"right_bottom_lightblue\"><\/div>\n                <div><\/div>\n                <div class=\"right_bottom_grey\"><\/div>\n                <div class=\"left_top_green\"><\/div>\n                <div class=\"left_top_blue\"><\/div>\n                <div class=\"left_top_lightblue\"><\/div>\n                <div class=\"right_top_blue\"><\/div>\n                <div><\/div>\n                <div class=\"right_top_lightblue\"><\/div>\n                <div class=\"left_top_grey\"><\/div>\n                <div class=\"left_top_lightblue\"><\/div>\n            <\/div>\n            <div class=\"container-full\">\n            <div class=\"max_90_d\">\n                <div class=\"row \">\n                    <h3 class=\"mb-0 heading shaper__text\">Informe-toi sur l&rsquo;offre d&rsquo;\u00e9t\u00e9 de Globi<\/h3>\n\t\t\t\t\t\t\t\t\t\t\t<div class=\"mt-4\">\n\t\t\t\t\t\t\t\t\t<a href=\"https:\/\/engstligenalp.ch\/sommer\/erleben\/globi-und-kids\/\" class=\"btn btn-success btn-rounded\" target=\"_SELF\">D\u00e9couvrir maintenant<\/a>\n\t\t\t\t\t\t\t\t\t\t<\/div>                \t<\/div>\n                <\/div>\n            <\/div>\n        <\/section>","protected":false},"excerpt":{"rendered":"","protected":false},"author":1,"featured_media":34459,"parent":9130,"menu_order":21,"comment_status":"closed","ping_status":"closed","template":"","meta":{"_acf_changed":false,"footnotes":""},"class_list":["post-9200","page","type-page","status-publish","has-post-thumbnail","hentry"],"acf":[],"publishpress_future_workflow_manual_trigger":{"enabledWorkflows":[]},"_links":{"self":[{"href":"https:\/\/engstligenalp.ch\/fr\/wp-json\/wp\/v2\/pages\/9200","targetHints":{"allow":["GET"]}}],"collection":[{"href":"https:\/\/engstligenalp.ch\/fr\/wp-json\/wp\/v2\/pages"}],"about":[{"href":"https:\/\/engstligenalp.ch\/fr\/wp-json\/wp\/v2\/types\/page"}],"author":[{"embeddable":true,"href":"https:\/\/engstligenalp.ch\/fr\/wp-json\/wp\/v2\/users\/1"}],"replies":[{"embeddable":true,"href":"https:\/\/engstligenalp.ch\/fr\/wp-json\/wp\/v2\/comments?post=9200"}],"version-history":[{"count":118,"href":"https:\/\/engstligenalp.ch\/fr\/wp-json\/wp\/v2\/pages\/9200\/revisions"}],"predecessor-version":[{"id":36148,"href":"https:\/\/engstligenalp.ch\/fr\/wp-json\/wp\/v2\/pages\/9200\/revisions\/36148"}],"up":[{"embeddable":true,"href":"https:\/\/engstligenalp.ch\/fr\/wp-json\/wp\/v2\/pages\/9130"}],"wp:featuredmedia":[{"embeddable":true,"href":"https:\/\/engstligenalp.ch\/fr\/wp-json\/wp\/v2\/media\/34459"}],"wp:attachment":[{"href":"https:\/\/engstligenalp.ch\/fr\/wp-json\/wp\/v2\/media?parent=9200"}],"curies":[{"name":"wp","href":"https:\/\/api.w.org\/{rel}","templated":true}]}}