{"id":9215,"date":"2022-06-03T14:19:26","date_gmt":"2022-06-03T12:19:26","guid":{"rendered":"https:\/\/engstligenalp.ch\/vivre\/randonnee\/"},"modified":"2026-04-21T21:00:26","modified_gmt":"2026-04-21T19:00:26","slug":"randonnee","status":"publish","type":"page","link":"https:\/\/engstligenalp.ch\/fr\/ete\/vivre\/randonnee\/","title":{"rendered":"Randonn\u00e9e"},"content":{"rendered":"\n                <section class=\"column_in_2\" >\n                <div class=\"container-full\">\n                    <div class=\"triagles_effects half_effect_quatre right_side_effect\" data-aos=\"fade-up\" data-aos-delay=\"600\">\n                        <div class=\"half_right_lightblue\"><\/div>\n                    <\/div>\n                    <div class=\"row max_90_d\">\n                        <div class=\"col-lg-7 p-0 mb-4 mt-4 margin-left-3 order-md-2 position-relative\" data-aos=\"fade-up\" data-aos-delay=\"200\">\n                            <img decoding=\"async\" src=\"https:\/\/engstligenalp.ch\/wp-content\/uploads\/engstligenalp_wasserfall_4.avif\" class=\"img-fluid rounded-2 img-shadow\" alt=\"\" title=\"\">\n                        <\/div>\n                        <div class=\"col-lg-4 order-md-1 content\" data-aos=\"fade-up\" data-aos-delay=\"200\">\n                            <h1 class=\"mb-4\">D\u00e9couvrir l&rsquo;Engstligenalp \u00e0 pied<\/h1>\n                            <div><p>La randonn\u00e9e fait partie de l&rsquo;\u00e9t\u00e9 comme les cascades de l&rsquo;Engstligenalp. Une chance que l&rsquo;Engstligenalp soit le point de d\u00e9part de randonn\u00e9es \u00e0 couper le souffle. Par monts et par vaux, \u00e0 travers des prairies fleuries et color\u00e9es, le long de ruisseaux &#8211; diff\u00e9rents chemins de randonn\u00e9e (en boucle) m\u00e8nent de ou \u00e0 l&rsquo;Engstligenalp. Que tu sois un conqu\u00e9rant des sommets ou un promeneur, d\u00e9couvre le paradis de la randonn\u00e9e dans l&rsquo;Oberland bernois \u00e0 pied !<br \/>\nLes VTT ne sont d&rsquo;ailleurs pas autoris\u00e9s sur l&rsquo;Engstligenalp &#8211; le plus grand haut plateau de Suisse est en effet une r\u00e9serve naturelle. Et n&rsquo;oublie pas : tu n&rsquo;es jamais seul dans nos prairies. En effet, chez nous, les vaches paissent sans aucune cl\u00f4ture pendant la p\u00e9riode d&rsquo;alpage. Nous sommes donc clairement les invit\u00e9s ici !<\/p>\n<\/div>\n                                                                                <\/div>\n                    <\/div>\n                <\/div>\n            <\/section>\n    \n    \n     \n            <section class=\"column_in_2\" >\n                <div class=\"container-full\">\n                    <div class=\"triagles_effects half_effect_quatre\" data-aos=\"fade-up\" data-aos-delay=\"600\">\n                        <div class=\"half_right_blue\"><\/div>\n                    <\/div>\n                    <div class=\"row max_90_d\">\n                        <div class=\"col-lg-7 p-0 mb-4 order-1 position-relative\" data-aos=\"fade-up\" data-aos-delay=\"200\">\n                            <img decoding=\"async\" src=\"https:\/\/engstligenalp.ch\/wp-content\/uploads\/engstligenalp_tschinggi_2.avif\" class=\"img-fluid rounded-2 img-shadow\" alt=\"\" title=\"\">\n                        <\/div>\n                        <div class=\"col-lg-4 margin-left-3 order-2 content\" data-aos=\"fade-up\" data-aos-delay=\"200\">\n                            <h1 class=\"mb-4\">Sentiers de randonn\u00e9e en boucle sur l&rsquo;Engstligenalp<\/h1>\n                            <div><p>Un circuit de randonn\u00e9e a l&rsquo;avantage de te ramener toujours au point de d\u00e9part \u00e0 la fin d&rsquo;une randonn\u00e9e riche en \u00e9motions &#8211; dans ce cas, sur le plus beau plateau de Suisse. Dans l&rsquo;Oberland bernois, des circuits de randonn\u00e9e pour les familles, des circuits alpins de haut niveau, \u00e0 travers la r\u00e9serve naturelle et par monts et par vaux t&rsquo;attendent ! En mati\u00e8re de randonn\u00e9e, il n&rsquo;y a pas de limites.<\/p>\n<\/div>\n                                                                                <\/div>\n                    <\/div>\n                <\/div>\n            <\/section>\n    \n    \n    <section class=\"full_grid text-light\">\n        <div class=\"container-full\">\n            <div class=\"max_90_d\">\n                <div class=\"row\">\n                                        <div class=\"col-md-8\">\n                        <p><\/p>\n<p><strong>Circuit de randonn\u00e9e de l&rsquo;Engstligenalp<\/strong><br \/>\nLe circuit de randonn\u00e9e de l&rsquo;Engstligenalp est un v\u00e9ritable joyau pour les randonneurs amateurs, les familles et les passionn\u00e9s de nature. Ce circuit agr\u00e9able sur le haut plateau ensoleill\u00e9 \u00e0 1964 m d&rsquo;altitude offre un panorama de montagne spectaculaire \u00e0 360\u00b0 &#8211; sans aucune mont\u00e9e abrupte.  <\/p>\n<p><\/p>\n<p><strong>Circuit de randonn\u00e9e Engstligenalp &#8211; Dossenseeli<\/strong><br \/>\nLe circuit de randonn\u00e9e vers le Dossenseeli est un paysage secret de l&rsquo;Engstligenalp. Ce circuit facile \u00e0 moyennement difficile m\u00e8ne \u00e0 travers le vaste plateau ouvert jusqu&rsquo;\u00e0 un petit lac de montagne idyllique &#8211; le Dossenseeli, un havre de paix au milieu de l&rsquo;air pur des montagnes. <\/p>\n                                            <\/div>\n                                    <\/div>\n            <\/div>\n        <\/div>\n    <\/section>\n\n\n    <section class=\"full_grid text-light\">\n        <div class=\"container-full\">\n            <div class=\"max_90_d\">\n                <div class=\"row\">\n                                            <h1 class=\"mb-4 heading\">Randonn\u00e9es Unter Birg (station inf\u00e9rieure du t\u00e9l\u00e9ph\u00e9rique) &#8211; Engstligenalp<\/h1>\n                                        <div class=\"col-md-8\">\n                        <p><\/p>\n<p><strong>La mont\u00e9e classique<\/strong><br \/>\nUn sentier de montagne bien am\u00e9nag\u00e9 m\u00e8ne au plateau le long des spectaculaires chutes de l&rsquo;Engstligen. La vue sur la chute des eaux est \u00e0 couper le souffle &#8211; c&rsquo;est un sentier populaire mais pas trop fr\u00e9quent\u00e9. Les amateurs de sensations fortes opteront pour le sentier plus direct \u00e0 travers un terrain rocheux. Il faut avoir le pied s\u00fbr et une bonne condition physique &#8211; mais une exp\u00e9rience alpine vous attend, r\u00e9compens\u00e9e \u00e0 chaque m\u00e8tre de d\u00e9nivel\u00e9.   <\/p>\n                                            <\/div>\n                                    <\/div>\n            <\/div>\n        <\/div>\n    <\/section>\n\n\n    <section class=\"full_grid text-light\">\n        <div class=\"container-full\">\n            <div class=\"max_90_d\">\n                <div class=\"row\">\n                                            <h3 class=\"mb-4 heading\">Randonn\u00e9es difficiles de et vers l&rsquo;Engstligenalp<\/h3>\n                                        <div class=\"col-md-8\">\n                        <\/p>\n                                            <\/div>\n                                    <\/div>\n            <\/div>\n        <\/div>\n    <\/section>\n\n\n     \n            <section class=\"column_in_2\" >\n                <div class=\"container-full\">\n                    <div class=\"triagles_effects half_effect_quatre\" data-aos=\"fade-up\" data-aos-delay=\"600\">\n                        <div class=\"half_right_blue\"><\/div>\n                    <\/div>\n                    <div class=\"row max_90_d\">\n                        <div class=\"col-lg-7 p-0 mb-4 order-1 position-relative\" data-aos=\"fade-up\" data-aos-delay=\"200\">\n                            <img decoding=\"async\" src=\"https:\/\/engstligenalp.ch\/wp-content\/uploads\/Sennhuette_Standardzimmer.jpg\" class=\"img-fluid rounded-2 img-shadow\" alt=\"\" title=\"\">\n                        <\/div>\n                        <div class=\"col-lg-4 margin-left-3 order-2 content\" data-aos=\"fade-up\" data-aos-delay=\"200\">\n                            <h1 class=\"mb-4\">Randonn\u00e9e p\u00e9destre. Savourer. Passer la nuit.<\/h1>\n                            <div><p><p data-start=\"115\" data-end=\"662\">Pourquoi quitter l&rsquo;Engstligenalp d\u00e8s la derni\u00e8re descente alors qu&rsquo;il est possible de prolonger son s\u00e9jour ? C&rsquo;est justement apr\u00e8s une longue randonn\u00e9e que le plus grand plateau de Suisse d\u00e9ploie sa magie toute particuli\u00e8re &#8211; lorsque le soleil se couche lentement et que le calme revient. Si vous \u00eates en route pour plusieurs jours ou si vous souhaitez simplement rester plus longtemps, vous trouverez sur l&rsquo;Engstligenalp la possibilit\u00e9 de passer la nuit qui vous convient &#8211; l&rsquo;id\u00e9al pour terminer votre journ\u00e9e de randonn\u00e9e en toute d\u00e9contraction et repartir directement le lendemain matin pour l&rsquo;\u00e9tape suivante.  <\/p><\/p>\n<\/div>\n                                                            <div class=\"mt-4\">\n                                    <a href=\"https:\/\/engstligenalp.ch\/sommer\/schlafen\/\"  class=\"btn btn-success btn-rounded\">Vers l&rsquo;offre de chambres<\/a>\n                                <\/div>\n                                                                                <\/div>\n                    <\/div>\n                <\/div>\n            <\/section>\n    \n    \n                <section class=\"column_in_2\" >\n                <div class=\"container-full\">\n                    <div class=\"triagles_effects half_effect_quatre right_side_effect\" data-aos=\"fade-up\" data-aos-delay=\"600\">\n                        <div class=\"half_right_lightblue\"><\/div>\n                    <\/div>\n                    <div class=\"row max_90_d\">\n                        <div class=\"col-lg-7 p-0 mb-4 mt-4 margin-left-3 order-md-2 position-relative\" data-aos=\"fade-up\" data-aos-delay=\"200\">\n                            <img decoding=\"async\" src=\"https:\/\/engstligenalp.ch\/wp-content\/uploads\/Osterbrunch-jpg.avif\" class=\"img-fluid rounded-2 img-shadow\" alt=\"\" title=\"\">\n                        <\/div>\n                        <div class=\"col-lg-4 order-md-1 content\" data-aos=\"fade-up\" data-aos-delay=\"200\">\n                            <h1 class=\"mb-4\">Randonn\u00e9e p\u00e9destre. Savourer. Se restaurer.<\/h1>\n                            <div><p>Pourquoi redescendre directement dans la vall\u00e9e alors que la journ\u00e9e de randonn\u00e9e peut se prolonger avec plaisir sur l&rsquo;Engstligenalp ? Apr\u00e8s une longue randonn\u00e9e, l&rsquo;agr\u00e9able cabane \u00e0 raclette vous invite \u00e0 vous arr\u00eater, que ce soit pour le d\u00e9jeuner, pour une pause revigorante l&rsquo;apr\u00e8s-midi ou pour terminer la journ\u00e9e en toute d\u00e9contraction. <\/p>\n<p>Si vous souhaitez vous rafra\u00eechir avant de partir, vous trouverez des douches modernes et des armoires vestiaires pratiques et verrouillables juste \u00e0 c\u00f4t\u00e9 de la station sup\u00e9rieure &#8211; l&rsquo;id\u00e9al pour vous changer et ranger vos v\u00eatements de rechange en toute s\u00e9curit\u00e9.<\/p>\n<p>Offrez-vous une pause gourmande apr\u00e8s la randonn\u00e9e &#8211; fra\u00eechement douch\u00e9, d\u00e9tendu et avec une d\u00e9licieuse raclette sur l&rsquo;Engstligenalp !<\/p>\n<\/div>\n                                                            <div class=\"mt-4\">\n                                    <a href=\"https:\/\/mytools.aleno.me\/reservations\/v2.0\/reservations.html?k=eyJrIjoid2l2dTVrM2lsNm15cnBiOWlwdzZ4bmViajhycnVkaWRpZ280bGZwODBsbzlhNGlweTEiLCJyIjoiRUx0TUNMeHk3d3F0ZGJLRGoiLCJzIjoiaHR0cHM6Ly9teXRvb2xzLmFsZW5vLm1lLyJ9&amp;skipFirstSteps=true&amp;paxDef=2&amp;paxMin=2&amp;paxMax=19\" target=\"_BLANK\" class=\"btn btn-success btn-rounded\" rel=\"nofollow noopener\">R\u00e9servez une table maintenant<\/a>\n                                <\/div>\n                                                                                <\/div>\n                    <\/div>\n                <\/div>\n            <\/section>\n    \n    \n     \n            <section class=\"column_in_2\" >\n                <div class=\"container-full\">\n                    <div class=\"triagles_effects half_effect_quatre\" data-aos=\"fade-up\" data-aos-delay=\"600\">\n                        <div class=\"half_right_blue\"><\/div>\n                    <\/div>\n                    <div class=\"row max_90_d\">\n                        <div class=\"col-lg-7 p-0 mb-4 order-1 position-relative\" data-aos=\"fade-up\" data-aos-delay=\"200\">\n                            <img decoding=\"async\" src=\"https:\/\/engstligenalp.ch\/wp-content\/uploads\/engstligenalp_tschinggi_3.avif\" class=\"img-fluid rounded-2 img-shadow\" alt=\"\" title=\"\">\n                        <\/div>\n                        <div class=\"col-lg-4 margin-left-3 order-2 content\" data-aos=\"fade-up\" data-aos-delay=\"200\">\n                            <h1 class=\"mb-4\">Randonn\u00e9e en montagne en toute s\u00e9curit\u00e9<\/h1>\n                            <div><p><p data-start=\"184\" data-end=\"342\">La randonn\u00e9e en montagne est une activit\u00e9 passionnante, mais elle ne peut \u00eatre pratiqu\u00e9e en toute s\u00e9curit\u00e9 qu&rsquo;avec une pr\u00e9paration ad\u00e9quate. Si vous \u00eates bien planifi\u00e9 et bien \u00e9quip\u00e9, vous pouvez profiter de la nature en toute s\u00e9r\u00e9nit\u00e9. <\/p>\n<ul>\n<li data-start=\"344\" data-end=\"519\">Conna\u00eetre l&rsquo;itin\u00e9raire, la m\u00e9t\u00e9o et le niveau de difficult\u00e9 est essentiel. Une auto-\u00e9valuation r\u00e9aliste et un choix de randonn\u00e9e bien pens\u00e9 augmentent la s\u00e9curit\u00e9. <\/li>\n<\/ul>\n<p><\/p>\n<ul>\n<li data-start=\"521\" data-end=\"685\">Des chaussures solides, des v\u00eatements r\u00e9sistant aux intemp\u00e9ries, une trousse de premiers secours et des outils d&rsquo;orientation tels qu&rsquo;une carte ou un GPS sont indispensables, m\u00eame pour les randonn\u00e9es plus courtes.<\/li>\n<\/ul>\n<p><\/p>\n<ul>\n<li data-start=\"687\" data-end=\"855\">Tenir compte de la m\u00e9t\u00e9o, de la vitesse et des limites personnelles vous prot\u00e8ge, vous et les autres. Mieux vaut faire demi-tour une fois que de prendre trop de risques &#8211; la s\u00e9curit\u00e9 avant tout. <\/li>\n<\/ul>\n<\/div>\n                                                            <div class=\"mt-4\">\n                                    <a href=\"https:\/\/www.rando-en-montagne.ch\/fr\" target=\"_BLANK\" class=\"btn btn-success btn-rounded\" rel=\"nofollow noopener\">En savoir plus<\/a>\n                                <\/div>\n                                                                                <\/div>\n                    <\/div>\n                <\/div>\n            <\/section>\n    \n    \n    <section class=\"full_grid text-light\">\n        <div class=\"container-full\">\n            <div class=\"max_90_d\">\n                <div class=\"row\">\n                                            <h1 class=\"mb-4 heading\">Itin\u00e9raires de randonn\u00e9e dans la vall\u00e9e<\/h1>\n                                        <div class=\"col-md-8\">\n                        <\/p>\n                                            <\/div>\n                                    <\/div>\n            <\/div>\n        <\/div>\n    <\/section>\n\n  \n\n\n        <section class=\"shaper space_b text-light cta\">\n            <div class=\"triagles_effects full__width_effect shape ondesktop\">\n                <div><\/div>\n                <div class=\"right_bottom_lightblue\" data-aos=\"flip-right\" data-aos-delay=\"100\"><\/div>\n                <div><\/div>\n                <div class=\"right_bottom_grey\" data-aos=\"flip-right\" data-aos-delay=\"200\"><\/div>\n                <div class=\"left_top_green\" data-aos=\"flip-right\" data-aos-delay=\"300\"><\/div>\n                <div class=\"left_top_blue\" data-aos=\"flip-right\" data-aos-delay=\"300\"><\/div>\n                <div class=\"left_top_lightblue\" data-aos=\"flip-right\" data-aos-delay=\"300\"><\/div>\n                <div class=\"right_top_blue\" data-aos=\"flip-right\" data-aos-delay=\"300\"><\/div>\n                <div><\/div>\n                <div class=\"right_top_white\" data-aos=\"flip-right\" data-aos-delay=\"400\"><\/div>\n                <div class=\"left_top_green\" data-aos=\"flip-right\" data-aos-delay=\"400\"><\/div>\n                <div class=\"left_top_lightblue\" data-aos=\"flip-right\" data-aos-delay=\"500\"><\/div>\n            <\/div>\n\t\t\t<div class=\"triagles_effects full__width_effect shape onmobile\">\n                <div><\/div>\n                <div class=\"right_bottom_lightblue\"><\/div>\n                <div><\/div>\n                <div class=\"right_bottom_grey\"><\/div>\n                <div class=\"left_top_green\"><\/div>\n                <div class=\"left_top_blue\"><\/div>\n                <div class=\"left_top_lightblue\"><\/div>\n                <div class=\"right_top_blue\"><\/div>\n                <div><\/div>\n                <div class=\"right_top_lightblue\"><\/div>\n                <div class=\"left_top_grey\"><\/div>\n                <div class=\"left_top_lightblue\"><\/div>\n            <\/div>\n            <div class=\"container-full\">\n            <div class=\"max_90_d\">\n                <div class=\"row \">\n                    <h3 class=\"mb-0 heading shaper__text\">Pr\u00eat pour une pause \u00e0 la montagne ?<\/h3>\n\t\t\t\t\t\t\t\t\t\t\t<div class=\"mt-4\">\n\t\t\t\t\t\t\t\t\t\t\t<a href=\"https:\/\/www.simplebooking.it\/ibe2\/hotel\/7607?lang=FR&amp;cur=CHF\" target=\"_BLANK\" class=\"btn btn-success btn-rounded\" rel=\"nofollow noopener\">V\u00e9rifier la disponibilit\u00e9<\/a>\t\t\t\t\t<\/div>                \t<\/div>\n                <\/div>\n            <\/div>\n        <\/section>","protected":false},"excerpt":{"rendered":"","protected":false},"author":1,"featured_media":30545,"parent":9124,"menu_order":40,"comment_status":"closed","ping_status":"closed","template":"","meta":{"_acf_changed":false,"footnotes":""},"class_list":["post-9215","page","type-page","status-publish","has-post-thumbnail","hentry"],"acf":[],"publishpress_future_workflow_manual_trigger":{"enabledWorkflows":[]},"_links":{"self":[{"href":"https:\/\/engstligenalp.ch\/fr\/wp-json\/wp\/v2\/pages\/9215","targetHints":{"allow":["GET"]}}],"collection":[{"href":"https:\/\/engstligenalp.ch\/fr\/wp-json\/wp\/v2\/pages"}],"about":[{"href":"https:\/\/engstligenalp.ch\/fr\/wp-json\/wp\/v2\/types\/page"}],"author":[{"embeddable":true,"href":"https:\/\/engstligenalp.ch\/fr\/wp-json\/wp\/v2\/users\/1"}],"replies":[{"embeddable":true,"href":"https:\/\/engstligenalp.ch\/fr\/wp-json\/wp\/v2\/comments?post=9215"}],"version-history":[{"count":92,"href":"https:\/\/engstligenalp.ch\/fr\/wp-json\/wp\/v2\/pages\/9215\/revisions"}],"predecessor-version":[{"id":34340,"href":"https:\/\/engstligenalp.ch\/fr\/wp-json\/wp\/v2\/pages\/9215\/revisions\/34340"}],"up":[{"embeddable":true,"href":"https:\/\/engstligenalp.ch\/fr\/wp-json\/wp\/v2\/pages\/9124"}],"wp:featuredmedia":[{"embeddable":true,"href":"https:\/\/engstligenalp.ch\/fr\/wp-json\/wp\/v2\/media\/30545"}],"wp:attachment":[{"href":"https:\/\/engstligenalp.ch\/fr\/wp-json\/wp\/v2\/media?parent=9215"}],"curies":[{"name":"wp","href":"https:\/\/api.w.org\/{rel}","templated":true}]}}