{"id":9245,"date":"2022-06-03T15:19:47","date_gmt":"2022-06-03T13:19:47","guid":{"rendered":"https:\/\/engstligenalp.ch\/vivre\/fromagerie-dalpage\/"},"modified":"2026-05-11T06:01:36","modified_gmt":"2026-05-11T04:01:36","slug":"fromagerie-dalpage","status":"publish","type":"page","link":"https:\/\/engstligenalp.ch\/fr\/ete\/vivre\/fromagerie-dalpage\/","title":{"rendered":"Fromagerie d&rsquo;alpage"},"content":{"rendered":"\n<section id=\"searchBox\" class=\"searchBox\">\n    <div class=\"triagles_effects ondesktop\" style=\"top:0; z-index: -1;\">\n        <div class=\"right_top_blue right_bottom_green aos-init aos-animate\" data-aos=\"flip-right\" data-aos-delay=\"600\"><\/div>\n        <div class=\"left_top_blue aos-init aos-animate\" data-aos=\"flip-right\" data-aos-delay=\"700\"><\/div>\n        <div class=\"left_top_blue aos-init aos-animate\" data-aos=\"flip-right\" data-aos-delay=\"800\"><\/div>\n        <div class=\"right_top_lightblue aos-init aos-animate\" data-aos=\"flip-right\" data-aos-delay=\"900\"><\/div>\n        <div class=\"aos-init aos-animate\" data-aos=\"flip-right\"><\/div>\n        <div class=\"aos-init aos-animate\" data-aos=\"flip-right\"><\/div>\n        <div class=\"aos-init aos-animate\" data-aos=\"flip-right\"><\/div>\n    <\/div>\n\n    <div class=\"triagles_effects onmobile\" style=\"top:0\">\n        <div class=\"left_top_green right_bottom_blue\"><\/div>\n        <div class=\"left_top_green right_bottom_grey\"><\/div>\n        <div class=\"left_top_green\"><\/div>\n        <div class=\"\"><\/div>\n        <div class=\"left_top_blue right_bottom_grey\"><\/div>\n        <div class=\"left_top_grey\"><\/div>\n        <div class=\"\"><\/div>\n        <div class=\"\"><\/div>\n        <div class=\"left_top_blue\"><\/div>\n    <\/div>\n\n    <div class=\"max_90_d\">\n        <div class=\"row\">\n            <div class=\"col-lg-12\">\n                <form class=\"row card card_searchbox\" data-gtm-form-interact-id=\"0\">\n                    <div class=\"col-12\">\n                        <h2 class=\"mb-4 heading text-light\">Buchen &amp; Reservieren<\/h2>\n                    <\/div>\n\n                    <div class=\"col-sm-12 col-md-3\">\n                        <label for=\"searchbox-dropdown\" class=\"form-label\">Angebot<\/label>\n                        <select id=\"searchbox-dropdown\" class=\"form-select form-select-lg mb-3\" aria-label=\".form-select-lg example\" data-gtm-form-interact-field-id=\"0\">\n                            <option disabled=\"\" selected=\"\">Angebot ausw\u00e4hlen<\/option>\n                            <option value=\"bahn\">Bergbahnticket kaufen<\/option><option value=\"hotel\">Berghotel buchen<\/option><option value=\"fondures\">Fondue-Iglu reservieren<\/option><option value=\"raclettres\">Racletteh\u00fctte reservieren<\/option><option value=\"kaserei\">K\u00e4serei<\/option><option value=\"eventticket\">Eventticket kaufen<\/option><option value=\"gutschein\">Gutschein kaufen<\/option><option value=\"souvenirs\">Souvenir kaufen<\/option>                        <\/select>\n                    <\/div>\n\n                    <div class=\"col-sm-12 col-md-7 row searchbox-changes searchbox-hotel displaynone\">\n                        <div class=\"col-md-5\">\n                            <label for=\"hoteldate\" class=\"form-label\">Zeitraum<\/label>\n                            <div class=\"input-group mb-3\">\n                                <input type=\"text\" id=\"hoteldate\" name=\"range\" class=\"datepicker_range form-control form-control-lg\">\n                                <i onclick=\"document.getElementById('hoteldate').focus()\" class=\"bi bi-calendar-date input-group-text\"><\/i>\n                            <\/div>\n                        <\/div>\n\n                        <div class=\"col-md-2\">\n                            <label for=\"hotelerw\" class=\"form-label\">Erwachsene<\/label>\n                            <input id=\"hotelerw\" type=\"number\" class=\"form-control form-control-lg mb-3\" value=\"2\" min=\"0\" max=\"4\" required=\"\">\n                        <\/div>\n\n                        <div class=\"col-md-2\">\n                            <label for=\"hotelkin\" class=\"form-label\">Kinder<\/label>\n                            <input id=\"hotelkin\" type=\"number\" class=\"form-control form-control-lg mb-3\" value=\"0\" min=\"0\" max=\"8\" required=\"\">\n                        <\/div>\n                    <\/div>\n\n                    <div class=\"col-sm-12 col-md-7 row searchbox-changes searchbox-reservieren displaynone\">\n                        <div class=\"col-md-6\">\n                            <label for=\"chooseRestaurant\" class=\"form-label\">Restaurant w\u00e4hlen<\/label>\n                            <div class=\"input-group\">\n                                <select class=\"form-select form-select-lg mb-3\" id=\"chooseRestaurant\" required=\"\"><\/select>\n                            <\/div>\n                        <\/div>\n                    <\/div>\n\n                    <div class=\"col-sm-12 col-md-7 row searchbox-changes searchbox-ticket displaynone\">\n                        <div class=\"col-md-4\">\n                            <label for=\"chooseFahrt\" class=\"form-label\">Ticket w\u00e4hlen<\/label>\n                            <div class=\"input-group\">\n                                <select class=\"form-select form-select-lg mb-3\" id=\"chooseFahrt\" required=\"\">\n                                    <option value=\"ufe\" selected=\"\">Bergfahrt<\/option>\n                                    <option value=\"abe\">Talfahrt<\/option>\n                                    <option value=\"retour\">Retour<\/option>\n                                <\/select>\n                            <\/div>\n                        <\/div>\n\n                        <div class=\"col-md-4\">\n                            <label for=\"bahndatum\" class=\"form-label\">Datum<\/label>\n                            <div class=\"input-group mb-3\">\n                                <input id=\"bahndatum\" type=\"text\" class=\"datepicker_input form-control form-control-lg\">\n                                <i onclick=\"document.getElementById('bahndatum').focus()\" class=\"bi bi-calendar-date input-group-text\"><\/i>\n                            <\/div>\n                        <\/div>\n\n                        <div class=\"col-md-2\">\n                            <label for=\"bahnerw\" class=\"form-label\">Erwachsene<\/label>\n                            <input id=\"bahnerw\" type=\"number\" class=\"form-control form-control-lg mb-3\" value=\"2\" min=\"0\" required=\"\">\n                        <\/div>\n\n                        <div class=\"col-md-2\">\n                            <label for=\"bahnkin\" class=\"form-label\">Kinder<\/label>\n                            <input id=\"bahnkin\" type=\"number\" class=\"form-control form-control-lg mb-3\" value=\"0\" min=\"0\" required=\"\">\n                        <\/div>\n                    <\/div>\n\n                    <div class=\"col-sm-12 col-md-7 row searchbox-changes searchbox-leer displaynone\"><\/div>\n\n                    <div class=\"col-sm-12 col-md-2 text-end\">\n                        <button type=\"button\" class=\"btn btn-success btn-rounded btn-searchbox\" style=\"margin-top: 27px; display: inline-block;\">\n                            Jetzt buchen                        <\/button>\n                    <\/div>\n                <\/form>\n            <\/div>\n        <\/div>\n    <\/div>\n<\/section>\n    <section class=\"full_grid text-light\">\n        <div class=\"container-full\">\n            <div class=\"max_90_d\">\n                <div class=\"row\">\n                                            <h1 class=\"mb-4 heading\">Go\u00fbter \u00e0 la nature de l&rsquo;Engstligenalp<\/h1>\n                                        <div class=\"col-md-8\">\n                        <p>La visite de la fromagerie d&rsquo;alpage est une exp\u00e9rience pour toute la famille : lors de la visite, tu apprendras beaucoup sur la tradition suisse et tu vivras des moments de plaisir. Ici, tu seras accueilli par l&rsquo;alpagiste en personne et conduit dans le confortable Chucheli. Tout en d\u00e9gustant un d\u00e9licieux petit-d\u00e9jeuner alpestre, tu observeras les paysans par-dessus leur \u00e9paule et tu assisteras de pr\u00e8s \u00e0 la fabrication du fromage. Et, en passant, tu d\u00e9couvriras le go\u00fbt de la nature de l&rsquo;Engstligenalp.<\/p>\n<p>L&rsquo;exp\u00e9rience est possible pendant la p\u00e9riode d&rsquo;alpage (de mi-juin \u00e0 fin ao\u00fbt environ) &#8211; la p\u00e9riode exacte d\u00e9pend de la mont\u00e9e \u00e0 l&rsquo;alpage et de la d\u00e9salpe. Ces dates seront fix\u00e9es \u00e0 court terme.<\/p>\n                                            <\/div>\n                                    <\/div>\n            <\/div>\n        <\/div>\n    <\/section>\n\n\n     \n            <section class=\"column_in_2\" >\n                <div class=\"container-full\">\n                    <div class=\"triagles_effects half_effect_quatre\" data-aos=\"fade-up\" data-aos-delay=\"600\">\n                        <div class=\"half_right_blue\"><\/div>\n                    <\/div>\n                    <div class=\"row max_90_d\">\n                        <div class=\"col-lg-7 p-0 mb-4 order-1 position-relative\" data-aos=\"fade-up\" data-aos-delay=\"200\">\n                            <img decoding=\"async\" src=\"https:\/\/engstligenalp.ch\/wp-content\/uploads\/\/Zmorge.jpg\" class=\"img-fluid rounded-2 img-shadow\" alt=\"\" title=\"\">\n                        <\/div>\n                        <div class=\"col-lg-4 margin-left-3 order-2 content\" data-aos=\"fade-up\" data-aos-delay=\"200\">\n                            <h2 class=\"mb-4\">Visite d&rsquo;une fromagerie d&rsquo;alpage avec petit d\u00e9jeuner \u00e0 l&rsquo;alpage<\/h2>\n                            <div><p>Pendant la p\u00e9riode d&rsquo;alpage, tu peux commencer la journ\u00e9e en douceur dans le chalet d&rsquo;alpage. Pour cela, tu arrives \u00e0 8h15 \u00e0 la station inf\u00e9rieure du t\u00e9l\u00e9ph\u00e9rique. Apr\u00e8s la mont\u00e9e sur l&rsquo;Engstligenalp et la marche jusqu&rsquo;au chalet d&rsquo;alpage, tu d\u00e9gusteras un d\u00e9licieux petit-d\u00e9jeuner d&rsquo;alpage lors de la visite.<\/p>\n<p>Une visite sans petit-d\u00e9jeuner alpestre est possible \u00e0 partir d&rsquo;un groupe de 10 personnes. possible (avec la mention \u00ab\u00a0sans petit-d\u00e9jeuner\u00a0\u00bb).<\/p>\n<p>Nous te prions de r\u00e9server en ligne jusqu&rsquo;\u00e0 la veille \u00e0 midi ou de t&rsquo;inscrire par t\u00e9l\u00e9phone ou par e-mail.<\/p>\n<\/div>\n                                                            <div class=\"mt-4\">\n                                    <a href=\"https:\/\/mytools.aleno.me\/reservations\/v2.0\/reservations.html?k=eyJrIjoid2l2dTVrM2lsNm15cnBiOWlwdzZ4bmViajhycnVkaWRpZ280bGZwODBsbzlhNGlweTEiLCJyIjoiajhaZm9yWnpleWs4OEtnQ3oiLCJzIjoiaHR0cHM6Ly9teXRvb2xzLmFsZW5vLm1lLyJ9&amp;skipFirstSteps=true\" target=\"_BLANK\" class=\"btn btn-success btn-rounded\" rel=\"nofollow noopener\">R\u00e9server maintenant<\/a>\n                                <\/div>\n                                                                                <\/div>\n                    <\/div>\n                <\/div>\n            <\/section>\n    \n    \n    <section class=\"full_grid text-light\">\n        <div class=\"container-full\">\n            <div class=\"max_90_d\">\n                <div class=\"row\">\n                                        <div class=\"col-md-8\">\n                        <\/p>\n                        \n<table id=\"tablepress-53\" class=\"tablepress tablepress-id-53 tablepress-responsive tablepress-responsive-stack-tablet\">\n<thead>\n<tr class=\"row-1\">\n\t<th class=\"column-1\">Prix<\/th><td class=\"column-2\"><\/td>\n<\/tr>\n<\/thead>\n<tbody>\n<tr class=\"row-2\">\n\t<td class=\"column-1\">Visite de la fromagerie, petit d\u00e9jeuner \u00e0 l&rsquo;alpage et trajet aller-retour en t\u00e9l\u00e9ph\u00e9rique Adultes<\/td><td class=\"column-2\">CHF 75<\/td>\n<\/tr>\n<tr class=\"row-3\">\n\t<td class=\"column-1\">Visite de la fromagerie, petit d\u00e9jeuner \u00e0 l&rsquo;alpage et trajet aller-retour en t\u00e9l\u00e9ph\u00e9rique Enfant<\/td><td class=\"column-2\">CHF 51<\/td>\n<\/tr>\n<tr class=\"row-4\">\n\t<td class=\"column-1\">Visite de la fromagerie et petit d\u00e9jeuner \u00e0 l&rsquo;alpage Adultes<\/td><td class=\"column-2\">CHF 47<\/td>\n<\/tr>\n<tr class=\"row-5\">\n\t<td class=\"column-1\">Visite de la fromagerie et petit d\u00e9jeuner \u00e0 l&rsquo;alpage Enfant<\/td><td class=\"column-2\">CHF 37<\/td>\n<\/tr>\n<tr class=\"row-6\">\n\t<td class=\"column-1\">Visite de la fromagerie uniquement pour les adultes (r\u00e9servable \u00e0 partir de 10 pers.)<\/td><td class=\"column-2\">CHF 22<\/td>\n<\/tr>\n<tr class=\"row-7\">\n\t<td class=\"column-1\">uniquement visite de la fromagerie enfant (r\u00e9servable \u00e0 partir de 10 pers.)<\/td><td class=\"column-2\">CHF 16<\/td>\n<\/tr>\n<\/tbody>\n<\/table>\n<!-- #tablepress-53 from cache -->                    <\/div>\n                                            <div class=\"mt-4\">\n                            <a href=\"https:\/\/engstligenalp.ch\/wp-content\/uploads\/Situationsplan-2023.pdf\" target=\"_BLANK\" class=\"btn btn-success btn-rounded\">Plan de situation des chalets d&rsquo;alpage<\/a>\n                        <\/div>\n                                    <\/div>\n            <\/div>\n        <\/div>\n    <\/section>\n\n   \n\n        <section class=\"bildslider_ text-light\">\n            <div class=\"container-full\">\n                \t\t\t\t<div class=\"max_90_d\">\n\t\t\t\t\t<div class=\"row mb-4\">\n\t\t\t\t\t\t<h2 class=\"heading title\">Impressions<\/h2>\n\t\t\t\t\t<\/div>\n\t\t\t\t<\/div>\n\t\t\t\t                <div class=\"bildslider bildslider-528844784\">\n                    <div class=\"swiper-wrapper\">\n\t\t\t\t\t\t                        <div class=\"swiper-slide padd_r\">\n                            <a href=\"https:\/\/engstligenalp.ch\/wp-content\/uploads\/\/AZ_0435_engstligenalp_alpkaeserei_07212022.jpg\" class=\"img_grid enlarge2\">\n                                <img decoding=\"async\" src=\"https:\/\/engstligenalp.ch\/wp-content\/uploads\/\/AZ_0435_engstligenalp_alpkaeserei_07212022.jpg\" class=\"img-fluid\" dtitle=\"App 1\" alt=\"\" title=\"\">\n                            <\/a>\n                        <\/div>\n                                              <div class=\"swiper-slide padd_r\">\n                            <a href=\"https:\/\/engstligenalp.ch\/wp-content\/uploads\/\/AZ_0516_engstligenalp_alpkaeserei_07212022.jpg\" class=\"img_grid enlarge2\">\n                                <img decoding=\"async\" src=\"https:\/\/engstligenalp.ch\/wp-content\/uploads\/\/AZ_0516_engstligenalp_alpkaeserei_07212022.jpg\" class=\"img-fluid\" dtitle=\"App 1\" alt=\"\" title=\"\">\n                            <\/a>\n                        <\/div>\n                                              <div class=\"swiper-slide padd_r\">\n                            <a href=\"https:\/\/engstligenalp.ch\/wp-content\/uploads\/\/AZ_9207_engstligenalp_alpkaeserei_07212022.jpg\" class=\"img_grid enlarge2\">\n                                <img decoding=\"async\" src=\"https:\/\/engstligenalp.ch\/wp-content\/uploads\/\/AZ_9207_engstligenalp_alpkaeserei_07212022.jpg\" class=\"img-fluid\" dtitle=\"App 1\" alt=\"\" title=\"\">\n                            <\/a>\n                        <\/div>\n                                              <div class=\"swiper-slide padd_r\">\n                            <a href=\"https:\/\/engstligenalp.ch\/wp-content\/uploads\/\/AZ_9603_engstligenalp_alpkaeserei_07212022.jpg\" class=\"img_grid enlarge2\">\n                                <img decoding=\"async\" src=\"https:\/\/engstligenalp.ch\/wp-content\/uploads\/\/AZ_9603_engstligenalp_alpkaeserei_07212022.jpg\" class=\"img-fluid\" dtitle=\"App 1\" alt=\"\" title=\"\">\n                            <\/a>\n                        <\/div>\n                                              <div class=\"swiper-slide padd_r\">\n                            <a href=\"https:\/\/engstligenalp.ch\/wp-content\/uploads\/\/AZ_9285_engstligenalp_alpkaeserei_07212022.jpg\" class=\"img_grid enlarge2\">\n                                <img decoding=\"async\" src=\"https:\/\/engstligenalp.ch\/wp-content\/uploads\/\/AZ_9285_engstligenalp_alpkaeserei_07212022.jpg\" class=\"img-fluid\" dtitle=\"App 1\" alt=\"\" title=\"\">\n                            <\/a>\n                        <\/div>\n                                              <div class=\"swiper-slide padd_r\">\n                            <a href=\"https:\/\/engstligenalp.ch\/wp-content\/uploads\/\/AZ_9666_engstligenalp_alpkaeserei_07212022.jpg\" class=\"img_grid enlarge2\">\n                                <img decoding=\"async\" src=\"https:\/\/engstligenalp.ch\/wp-content\/uploads\/\/AZ_9666_engstligenalp_alpkaeserei_07212022.jpg\" class=\"img-fluid\" dtitle=\"App 1\" alt=\"\" title=\"\">\n                            <\/a>\n                        <\/div>\n                                              <div class=\"swiper-slide padd_r\">\n                            <a href=\"https:\/\/engstligenalp.ch\/wp-content\/uploads\/\/Galerie-Alpkaese.jpg\" class=\"img_grid enlarge2\">\n                                <img decoding=\"async\" src=\"https:\/\/engstligenalp.ch\/wp-content\/uploads\/\/Galerie-Alpkaese.jpg\" class=\"img-fluid\" dtitle=\"App 1\" alt=\"\" title=\"\">\n                            <\/a>\n                        <\/div>\n                                          <\/div>\n                    <div class=\"swipe_arrows\">\n                        <div class=\"button-next button-next-528844784\"><\/div>\n                        <div class=\"button-prev button-prev-528844784\"><\/div>\n                    <\/div>\n                <\/div>\n            <\/div>\n        <\/section>\n<script src=\"https:\/\/cdnjs.cloudflare.com\/ajax\/libs\/Swiper\/7.3.0\/swiper-bundle.min.js\"><\/script>\n<script>\n \/**\n     * Bildslider slider\n     *\/\n    new Swiper('.bildslider-528844784', {\n        speed: 600,\n        slidesPerView: 1,\n        spaceBetween: 10,\n        centeredSlides: false,\n        loop: false,\n        navigation: {\n            nextEl: \".button-next-528844784\",\n            prevEl: \".button-prev-528844784\",\n        },\n        breakpoints: {\n            640: {\n                slidesPerView: 1,\n                spaceBetween: 10,\n            },\n            768: {\n                slidesPerView: 3,\n                spaceBetween: 10,\n            },\n            1024: {\n                slidesPerView: 4,\n                spaceBetween: 15,\n            },\n        },\n    });\n<\/script>  \n\n\n        <section class=\"shaper space_b text-light cta\">\n            <div class=\"triagles_effects full__width_effect shape ondesktop\">\n                <div><\/div>\n                <div class=\"right_bottom_lightblue\" data-aos=\"flip-right\" data-aos-delay=\"100\"><\/div>\n                <div><\/div>\n                <div class=\"right_bottom_grey\" data-aos=\"flip-right\" data-aos-delay=\"200\"><\/div>\n                <div class=\"left_top_green\" data-aos=\"flip-right\" data-aos-delay=\"300\"><\/div>\n                <div class=\"left_top_blue\" data-aos=\"flip-right\" data-aos-delay=\"300\"><\/div>\n                <div class=\"left_top_lightblue\" data-aos=\"flip-right\" data-aos-delay=\"300\"><\/div>\n                <div class=\"right_top_blue\" data-aos=\"flip-right\" data-aos-delay=\"300\"><\/div>\n                <div><\/div>\n                <div class=\"right_top_white\" data-aos=\"flip-right\" data-aos-delay=\"400\"><\/div>\n                <div class=\"left_top_green\" data-aos=\"flip-right\" data-aos-delay=\"400\"><\/div>\n                <div class=\"left_top_lightblue\" data-aos=\"flip-right\" data-aos-delay=\"500\"><\/div>\n            <\/div>\n\t\t\t<div class=\"triagles_effects full__width_effect shape onmobile\">\n                <div><\/div>\n                <div class=\"right_bottom_lightblue\"><\/div>\n                <div><\/div>\n                <div class=\"right_bottom_grey\"><\/div>\n                <div class=\"left_top_green\"><\/div>\n                <div class=\"left_top_blue\"><\/div>\n                <div class=\"left_top_lightblue\"><\/div>\n                <div class=\"right_top_blue\"><\/div>\n                <div><\/div>\n                <div class=\"right_top_lightblue\"><\/div>\n                <div class=\"left_top_grey\"><\/div>\n                <div class=\"left_top_lightblue\"><\/div>\n            <\/div>\n            <div class=\"container-full\">\n            <div class=\"max_90_d\">\n                <div class=\"row \">\n                    <h3 class=\"mb-0 heading shaper__text\">Un bon cadeau est une excellente id\u00e9e de cadeau !<\/h3>\n\t\t\t\t\t\t\t\t\t\t\t<div class=\"mt-4\">\n\t\t\t\t\t\t\t\t\t\t\t<a href=\"https:\/\/shop.e-guma.ch\/engstligenalp\/fr\/gutscheine\/11664\/alpkaesereibesichtigung\" target=\"_BLANK\" class=\"btn btn-success btn-rounded\" rel=\"nofollow noopener\">Acheter maintenant<\/a>\t\t\t\t\t<\/div>                \t<\/div>\n                <\/div>\n            <\/div>\n        <\/section>","protected":false},"excerpt":{"rendered":"","protected":false},"author":1,"featured_media":7802,"parent":9124,"menu_order":37,"comment_status":"closed","ping_status":"closed","template":"","meta":{"_acf_changed":false,"footnotes":""},"class_list":["post-9245","page","type-page","status-publish","has-post-thumbnail","hentry"],"acf":[],"publishpress_future_workflow_manual_trigger":{"enabledWorkflows":[]},"_links":{"self":[{"href":"https:\/\/engstligenalp.ch\/fr\/wp-json\/wp\/v2\/pages\/9245","targetHints":{"allow":["GET"]}}],"collection":[{"href":"https:\/\/engstligenalp.ch\/fr\/wp-json\/wp\/v2\/pages"}],"about":[{"href":"https:\/\/engstligenalp.ch\/fr\/wp-json\/wp\/v2\/types\/page"}],"author":[{"embeddable":true,"href":"https:\/\/engstligenalp.ch\/fr\/wp-json\/wp\/v2\/users\/1"}],"replies":[{"embeddable":true,"href":"https:\/\/engstligenalp.ch\/fr\/wp-json\/wp\/v2\/comments?post=9245"}],"version-history":[{"count":31,"href":"https:\/\/engstligenalp.ch\/fr\/wp-json\/wp\/v2\/pages\/9245\/revisions"}],"predecessor-version":[{"id":34653,"href":"https:\/\/engstligenalp.ch\/fr\/wp-json\/wp\/v2\/pages\/9245\/revisions\/34653"}],"up":[{"embeddable":true,"href":"https:\/\/engstligenalp.ch\/fr\/wp-json\/wp\/v2\/pages\/9124"}],"wp:featuredmedia":[{"embeddable":true,"href":"https:\/\/engstligenalp.ch\/fr\/wp-json\/wp\/v2\/media\/7802"}],"wp:attachment":[{"href":"https:\/\/engstligenalp.ch\/fr\/wp-json\/wp\/v2\/media?parent=9245"}],"curies":[{"name":"wp","href":"https:\/\/api.w.org\/{rel}","templated":true}]}}