{"id":9247,"date":"2022-06-03T11:58:53","date_gmt":"2022-06-03T09:58:53","guid":{"rendered":"https:\/\/engstligenalp.ch\/repas\/partenaires-en-montagne\/"},"modified":"2026-04-05T19:59:17","modified_gmt":"2026-04-05T17:59:17","slug":"partenaires-en-montagne","status":"publish","type":"page","link":"https:\/\/engstligenalp.ch\/fr\/ete\/repas\/partenaires-en-montagne\/","title":{"rendered":"Partenaires en montagne"},"content":{"rendered":"\n    <section class=\"full_grid text-light\">\n        <div class=\"container-full\">\n            <div class=\"max_90_d\">\n                <div class=\"row\">\n                                            <h1 class=\"mb-4 heading\">D&rsquo;autres beaux endroits<\/h1>\n                                        <div class=\"col-md-8\">\n                        <p>Bien s\u00fbr, il y a encore l&rsquo;un ou l&rsquo;autre petit coin douillet sur l&rsquo;Engstligenalp. Nos partenaires de la montagne se r\u00e9jouissent de votre visite.<\/p>\n                                            <\/div>\n                                    <\/div>\n            <\/div>\n        <\/div>\n    <\/section>\n\n\n     \n            <section class=\"column_in_2\" >\n                <div class=\"container-full\">\n                    <div class=\"triagles_effects half_effect_quatre\" data-aos=\"fade-up\" data-aos-delay=\"600\">\n                        <div class=\"half_right_blue\"><\/div>\n                    <\/div>\n                    <div class=\"row max_90_d\">\n                        <div class=\"col-lg-7 p-0 mb-4 order-1 position-relative\" data-aos=\"fade-up\" data-aos-delay=\"200\">\n                            <img decoding=\"async\" src=\"https:\/\/engstligenalp.ch\/wp-content\/uploads\/US_Essen_Partner_am_Berg_Bergbach_800x600.jpg\" class=\"img-fluid rounded-2 img-shadow\" alt=\"\" title=\"\">\n                        <\/div>\n                        <div class=\"col-lg-4 margin-left-3 order-2 content\" data-aos=\"fade-up\" data-aos-delay=\"200\">\n                            <h2 class=\"mb-4\">Restaurant Bergbach : petit mais raffin\u00e9 !<\/h2>\n                            <div><p>Le restaurant Bergbach se trouve directement pr\u00e8s de la station inf\u00e9rieure \u00ab\u00a0Unter dem Birg\u00a0\u00bb. Pour une petite collation ou un repas raffin\u00e9, tu es au bon endroit. Le restaurant Bergbach attire en outre avec ses sp\u00e9cialit\u00e9s grecques et son soleil &#8211; ici, le soleil brille en effet souvent encore lorsque le dernier t\u00e9l\u00e9ph\u00e9rique a d\u00e9j\u00e0 quitt\u00e9 le haut plateau. Il y a aussi r\u00e9guli\u00e8rement des \u00e9v\u00e9nements sp\u00e9ciaux. Cela vaut la peine de se renseigner !<\/p>\n<\/div>\n                                                            <div class=\"mt-4\">\n                                    <a href=\"https:\/\/restaurantbergbach.ch\/\" target=\"_BLANK\" class=\"btn btn-success btn-rounded\" rel=\"nofollow noopener\">Restaurant Bergbach<\/a>\n                                <\/div>\n                                                                                <\/div>\n                    <\/div>\n                <\/div>\n            <\/section>\n    \n    ","protected":false},"excerpt":{"rendered":"","protected":false},"author":1,"featured_media":21188,"parent":9120,"menu_order":45,"comment_status":"closed","ping_status":"closed","template":"","meta":{"_acf_changed":false,"footnotes":""},"class_list":["post-9247","page","type-page","status-publish","has-post-thumbnail","hentry"],"acf":[],"publishpress_future_workflow_manual_trigger":{"enabledWorkflows":[]},"_links":{"self":[{"href":"https:\/\/engstligenalp.ch\/fr\/wp-json\/wp\/v2\/pages\/9247","targetHints":{"allow":["GET"]}}],"collection":[{"href":"https:\/\/engstligenalp.ch\/fr\/wp-json\/wp\/v2\/pages"}],"about":[{"href":"https:\/\/engstligenalp.ch\/fr\/wp-json\/wp\/v2\/types\/page"}],"author":[{"embeddable":true,"href":"https:\/\/engstligenalp.ch\/fr\/wp-json\/wp\/v2\/users\/1"}],"replies":[{"embeddable":true,"href":"https:\/\/engstligenalp.ch\/fr\/wp-json\/wp\/v2\/comments?post=9247"}],"version-history":[{"count":1,"href":"https:\/\/engstligenalp.ch\/fr\/wp-json\/wp\/v2\/pages\/9247\/revisions"}],"predecessor-version":[{"id":28837,"href":"https:\/\/engstligenalp.ch\/fr\/wp-json\/wp\/v2\/pages\/9247\/revisions\/28837"}],"up":[{"embeddable":true,"href":"https:\/\/engstligenalp.ch\/fr\/wp-json\/wp\/v2\/pages\/9120"}],"wp:featuredmedia":[{"embeddable":true,"href":"https:\/\/engstligenalp.ch\/fr\/wp-json\/wp\/v2\/media\/21188"}],"wp:attachment":[{"href":"https:\/\/engstligenalp.ch\/fr\/wp-json\/wp\/v2\/media?parent=9247"}],"curies":[{"name":"wp","href":"https:\/\/api.w.org\/{rel}","templated":true}]}}