{"id":9252,"date":"2022-06-15T13:12:06","date_gmt":"2022-06-15T11:12:06","guid":{"rendered":"https:\/\/engstligenalp.ch\/hiver\/vivre\/plateau-chutes-de-lengstligen\/"},"modified":"2026-04-14T12:57:55","modified_gmt":"2026-04-14T10:57:55","slug":"plateau-chutes-de-lengstligen","status":"publish","type":"page","link":"https:\/\/engstligenalp.ch\/fr\/hiver\/vivre\/plateau-chutes-de-lengstligen\/","title":{"rendered":"Plateau &amp; chutes de l&rsquo;Engstligen"},"content":{"rendered":"\n    <section class=\"full_grid text-light\">\n        <div class=\"container-full\">\n            <div class=\"max_90_d\">\n                <div class=\"row\">\n                                            <h1 class=\"mb-4 heading\">Spectacle naturel de premi\u00e8re classe<\/h1>\n                                        <div class=\"col-md-8\">\n                        <p>Peut-\u00eatre est-ce d\u00fb aux chutes gel\u00e9es de l&rsquo;Engstligen, peut-\u00eatre est-ce d\u00fb aux sommets enneig\u00e9s ou peut-\u00eatre est-ce simplement d\u00fb au plateau enneig\u00e9 en lui-m\u00eame. Une excursion sur l&rsquo;Engstligenalp est toujours spectaculaire, peu importe le nombre de fois que l&rsquo;on y est d\u00e9j\u00e0 venu !<\/p>\n                                            <\/div>\n                                    <\/div>\n            <\/div>\n        <\/div>\n    <\/section>\n\n\n                <section class=\"column_in_2 img-box-r\" >\n                <div class=\"container-full\">\n                    <div class=\"row max_90_d\">\n                        <div class=\"col-lg-7 order-sm-1 p-0 mb-3 position-relative\" data-aos=\"fade-up\" data-aos-delay=\"200\">\n                            <div class=\"right_top_lightblue magic to_right to_top\" data-bottom-center=\"transform: translate(0,5vh)\" data-top-center=\"transform: translate(0,-15vh)\"><\/div>\n                            <img decoding=\"async\" src=\"https:\/\/engstligenalp.ch\/wp-content\/uploads\/winter_natur_wasserfaelle.jpg\" class=\"img-fluid rounded-2 img-shadow\" alt=\"\" title=\"\">\n                            <div class=\"left_top_green magic to_left to_bottom\" data-bottom-center=\"transform: translate(0,10vh)\" data-top-center=\"transform: translate(0,-5vh)\"><\/div>\n                        <\/div>\n                        <div class=\"col-lg-5 floating_card order-sm-2 content mb-3\">\n                            <div class=\"card p-4 p-md-5\">\n                                <h2 class=\"mb-4\">Chutes de l&rsquo;Engstligen : les plus belles cascades de l&rsquo;Oberland bernois<\/h2>\n                                <div><p>Pendant le trajet en t\u00e9l\u00e9ph\u00e9rique, on peut d\u00e9j\u00e0 apercevoir les cascades de glace gel\u00e9es. Mais il faut d&rsquo;autant plus en profiter : En hiver, il faut en effet se contenter d&rsquo;une vue lointaine. En \u00e9t\u00e9, la chute d&rsquo;eau de l&rsquo;Engstligenalp est un but d&rsquo;excursion tr\u00e8s appr\u00e9ci\u00e9 : l&rsquo;eau se pr\u00e9cipite alors en grondant et en \u00e9cumant dans deux cascades de 600 m\u00e8tres de profondeur.<\/p>\n<\/div>\n                                                                                            <\/div>\n                        <\/div>\n                    <\/div>\n                <\/div>\n            <\/section>\n    \n    \n                <section class=\"column_in_2\" >\n                <div class=\"container-full\">\n                    <div class=\"row max_90_d\">\n                        <div class=\"col-lg-7 margin-left-3 order-md-2 p-0 mb-4 position-relative\" data-aos=\"fade-up\" data-aos-delay=\"200\">\n                            <div class=\"right_top_lightblue magic to_right to_top\" data-bottom-center=\"transform: translate(0,5vh)\" data-top-center=\"transform: translate(0,-15vh)\"><\/div>\n                            <img decoding=\"async\" src=\"https:\/\/engstligenalp.ch\/wp-content\/uploads\/winterwandern_natur.jpg\" class=\"img-fluid rounded-2 img-shadow\" alt=\"\" title=\"\">\n                            <div class=\"left_top_green magic to_left to_bottom\" data-bottom-center=\"transform: translate(0,10vh)\" data-top-center=\"transform: translate(0,-5vh)\"><\/div>\n                        <\/div>\n                        <div class=\"col-lg-4 order-md-1 content mb-3\" data-aos=\"fade-up\" data-aos-delay=\"200\">\n                            <h2 class=\"mb-4\">Engstligenalp : le plus grand plateau de Suisse<\/h2>\n                            <div><p>Arriv\u00e9 en haut, le plus grand plateau de Suisse est lui aussi enchanteur. Avec des pistes parfaitement pr\u00e9par\u00e9es, des aventures en igloo et un paysage hivernal enneig\u00e9, les plaisirs de la neige ne sont certainement pas en reste !<\/p>\n<\/div>\n                                                                                <\/div>\n                    <\/div>\n                <\/div>\n            <\/section>\n    \n    ","protected":false},"excerpt":{"rendered":"","protected":false},"author":1,"featured_media":8114,"parent":9130,"menu_order":15,"comment_status":"closed","ping_status":"closed","template":"","meta":{"_acf_changed":false,"footnotes":""},"class_list":["post-9252","page","type-page","status-publish","has-post-thumbnail","hentry"],"acf":[],"publishpress_future_workflow_manual_trigger":{"enabledWorkflows":[]},"_links":{"self":[{"href":"https:\/\/engstligenalp.ch\/fr\/wp-json\/wp\/v2\/pages\/9252","targetHints":{"allow":["GET"]}}],"collection":[{"href":"https:\/\/engstligenalp.ch\/fr\/wp-json\/wp\/v2\/pages"}],"about":[{"href":"https:\/\/engstligenalp.ch\/fr\/wp-json\/wp\/v2\/types\/page"}],"author":[{"embeddable":true,"href":"https:\/\/engstligenalp.ch\/fr\/wp-json\/wp\/v2\/users\/1"}],"replies":[{"embeddable":true,"href":"https:\/\/engstligenalp.ch\/fr\/wp-json\/wp\/v2\/comments?post=9252"}],"version-history":[{"count":3,"href":"https:\/\/engstligenalp.ch\/fr\/wp-json\/wp\/v2\/pages\/9252\/revisions"}],"predecessor-version":[{"id":27345,"href":"https:\/\/engstligenalp.ch\/fr\/wp-json\/wp\/v2\/pages\/9252\/revisions\/27345"}],"up":[{"embeddable":true,"href":"https:\/\/engstligenalp.ch\/fr\/wp-json\/wp\/v2\/pages\/9130"}],"wp:featuredmedia":[{"embeddable":true,"href":"https:\/\/engstligenalp.ch\/fr\/wp-json\/wp\/v2\/media\/8114"}],"wp:attachment":[{"href":"https:\/\/engstligenalp.ch\/fr\/wp-json\/wp\/v2\/media?parent=9252"}],"curies":[{"name":"wp","href":"https:\/\/api.w.org\/{rel}","templated":true}]}}