{"id":9254,"date":"2022-06-15T11:27:07","date_gmt":"2022-06-15T09:27:07","guid":{"rendered":"https:\/\/engstligenalp.ch\/vivre\/plateau-chutes-de-lengstligen\/"},"modified":"2026-04-23T17:02:33","modified_gmt":"2026-04-23T15:02:33","slug":"plateau-chutes-de-lengstligen","status":"publish","type":"page","link":"https:\/\/engstligenalp.ch\/fr\/ete\/vivre\/plateau-chutes-de-lengstligen\/","title":{"rendered":"Plateau &amp; chutes de l&rsquo;Engstligen"},"content":{"rendered":"\n    <section class=\"full_grid text-light\">\n        <div class=\"container-full\">\n            <div class=\"max_90_d\">\n                <div class=\"row\">\n                                            <h1 class=\"mb-4 heading\">Spectacle naturel de premi\u00e8re classe<\/h1>\n                                        <div class=\"col-md-8\">\n                        <p>Peut-\u00eatre s&rsquo;agit-il des chutes de l&rsquo;Engstligen, peut-\u00eatre des cristaux de roche cach\u00e9s ou peut-\u00eatre tout simplement du haut plateau en lui-m\u00eame. Une excursion sur l&rsquo;Engstligenalp est toujours spectaculaire, peu importe le nombre de fois que l&rsquo;on y est d\u00e9j\u00e0 venu !<\/p>\n                                            <\/div>\n                                    <\/div>\n            <\/div>\n        <\/div>\n    <\/section>\n\n\n     \n            <section class=\"column_in_2\" >\n                <div class=\"container-full\">\n                    <div class=\"triagles_effects half_effect_quatre\" data-aos=\"fade-up\" data-aos-delay=\"600\">\n                        <div class=\"half_right_blue\"><\/div>\n                    <\/div>\n                    <div class=\"row max_90_d\">\n                        <div class=\"col-lg-7 p-0 mb-4 order-1 position-relative\" data-aos=\"fade-up\" data-aos-delay=\"200\">\n                            <img decoding=\"async\" src=\"https:\/\/engstligenalp.ch\/wp-content\/uploads\/engstligenalp_wasserfall_1.avif\" class=\"img-fluid rounded-2 img-shadow\" alt=\"\" title=\"\">\n                        <\/div>\n                        <div class=\"col-lg-4 margin-left-3 order-2 content\" data-aos=\"fade-up\" data-aos-delay=\"200\">\n                            <h2 class=\"mb-4\">Chutes de l&rsquo;Engstligen : les plus belles cascades de l&rsquo;Oberland bernois<\/h2>\n                            <div><p><p data-start=\"275\" data-end=\"475\"><img data-dominant-color=\"23a77a\" data-has-transparency=\"true\" style=\"--dominant-color: #23a77a;\" loading=\"lazy\" decoding=\"async\" class=\"alignnone wp-image-22365 has-transparency\" src=\"https:\/\/engstligenalp.ch\/wp-content\/uploads\/Guide-Michelin-logo-300x300.png\" alt=\"\" width=\"84\" height=\"84\" srcset=\"https:\/\/engstligenalp.ch\/wp-content\/uploads\/Guide-Michelin-logo-300x300.png 300w, https:\/\/engstligenalp.ch\/wp-content\/uploads\/Guide-Michelin-logo-150x150.png 150w, https:\/\/engstligenalp.ch\/wp-content\/uploads\/Guide-Michelin-logo-768x768.png 768w, https:\/\/engstligenalp.ch\/wp-content\/uploads\/Guide-Michelin-logo-24x24.png 24w, https:\/\/engstligenalp.ch\/wp-content\/uploads\/Guide-Michelin-logo-36x36.png 36w, https:\/\/engstligenalp.ch\/wp-content\/uploads\/Guide-Michelin-logo-48x48.png 48w, https:\/\/engstligenalp.ch\/wp-content\/uploads\/Guide-Michelin-logo.png 1024w\" sizes=\"auto, (max-width: 84px) 100vw, 84px\" title=\"\"><\/p>\n<p data-start=\"275\" data-end=\"475\">Le trajet en t\u00e9l\u00e9ph\u00e9rique offre d\u00e9j\u00e0 un premier avant-go\u00fbt : une vue spectaculaire sur les majestueuses chutes de l&rsquo;Engstligen.<\/p>\n<p data-start=\"477\" data-end=\"719\">Mais si l&rsquo;on veut ressentir toute la puissance de cette merveille de la nature, il faut se mettre en route \u00e0 pied : l&rsquo;eau se pr\u00e9cipite en grondant et en \u00e9cumant dans deux cascades de 600 m\u00e8tres de profondeur &#8211; une exp\u00e9rience que l&rsquo;on peut voir, entendre et ressentir.<\/p><\/p>\n<\/div>\n                                                                                <\/div>\n                    <\/div>\n                <\/div>\n            <\/section>\n    \n    \n                <section class=\"column_in_2\" >\n                <div class=\"container-full\">\n                    <div class=\"triagles_effects half_effect_quatre right_side_effect\" data-aos=\"fade-up\" data-aos-delay=\"600\">\n                        <div class=\"half_right_lightblue\"><\/div>\n                    <\/div>\n                    <div class=\"row max_90_d\">\n                        <div class=\"col-lg-7 p-0 mb-4 mt-4 margin-left-3 order-md-2 position-relative\" data-aos=\"fade-up\" data-aos-delay=\"200\">\n                            <img decoding=\"async\" src=\"https:\/\/engstligenalp.ch\/wp-content\/uploads\/Engstligenfaelle_Klettersteig-jpg.avif\" class=\"img-fluid rounded-2 img-shadow\" alt=\"\" title=\"\">\n                        <\/div>\n                        <div class=\"col-lg-4 order-md-1 content\" data-aos=\"fade-up\" data-aos-delay=\"200\">\n                            <h2 class=\"mb-4\">La force de l&rsquo;eau &#8211; d\u00e9couvrir les chutes de l&rsquo;Engstligen<\/h2>\n                            <div><p><p data-start=\"721\" data-end=\"1094\">Qu&rsquo;il s&rsquo;agisse d&rsquo;un petit d\u00e9tour ou d&rsquo;une longue randonn\u00e9e, les chutes de l&rsquo;Engstligen sont une destination parfaite pour les amoureux de la nature, les photographes et les aventuriers. Vous ressentirez la force de l&rsquo;eau de mani\u00e8re particuli\u00e8rement intense lors de la mont\u00e9e vers l&rsquo;Engstligenalp : le sentier de randonn\u00e9e traverse d&rsquo;imposantes parois rocheuses et offre r\u00e9guli\u00e8rement des vues \u00e0 couper le souffle sur le spectacle tumultueux de la nature. <\/p>\n<p data-start=\"1096\" data-end=\"1300\">Le long du parcours, de nombreux endroits invitent \u00e0 s&rsquo;arr\u00eater, \u00e0 s&rsquo;\u00e9merveiller et \u00e0 se reposer. Les plus sportifs y trouveront \u00e9galement des d\u00e9fis passionnants, comme la via ferrata dans un d\u00e9cor alpin. <\/p><\/p>\n<\/div>\n                                                            <div class=\"mt-4\">\n                                    <a href=\"https:\/\/engstligenalp.ch\/sommer\/erleben\/klettern\/\"  class=\"btn btn-success btn-rounded\">Vers la via ferrata<\/a>\n                                <\/div>\n                                                                                <\/div>\n                    <\/div>\n                <\/div>\n            <\/section>\n    \n    \n     \n            <section class=\"column_in_2\" >\n                <div class=\"container-full\">\n                    <div class=\"triagles_effects half_effect_quatre\" data-aos=\"fade-up\" data-aos-delay=\"600\">\n                        <div class=\"half_right_blue\"><\/div>\n                    <\/div>\n                    <div class=\"row max_90_d\">\n                        <div class=\"col-lg-7 p-0 mb-4 order-1 position-relative\" data-aos=\"fade-up\" data-aos-delay=\"200\">\n                            <img decoding=\"async\" src=\"https:\/\/engstligenalp.ch\/wp-content\/uploads\/\/Hochebene.jpg\" class=\"img-fluid rounded-2 img-shadow\" alt=\"\" title=\"\">\n                        <\/div>\n                        <div class=\"col-lg-4 margin-left-3 order-2 content\" data-aos=\"fade-up\" data-aos-delay=\"200\">\n                            <h2 class=\"mb-4\">Engstligenalp : le plus grand plateau de Suisse<\/h2>\n                            <div><p>Mais une fois arriv\u00e9 en haut, le plus grand plateau de Suisse est \u00e9galement enchanteur. Avec les vaches qui paissent librement, les prairies fleuries aux couleurs vives et la vue sur un panorama de montagnes \u00e0 couper le souffle, le sentiment d&rsquo;\u00eatre dans les Alpes n&rsquo;est certainement pas en reste. Et d&rsquo;ailleurs, depuis la station sup\u00e9rieure, les familles avec poussette et les personnes en fauteuil roulant ont une vue magnifique sur la partie sup\u00e9rieure de la chute d&rsquo;eau !<\/p>\n<\/div>\n                                                            <div class=\"mt-4\">\n                                    <a href=\"https:\/\/engstligenalp.ch\/sommer\/erleben\/wandern\/\"  class=\"btn btn-success btn-rounded\">Voir l&rsquo;offre de randonn\u00e9e<\/a>\n                                <\/div>\n                                                                                <\/div>\n                    <\/div>\n                <\/div>\n            <\/section>\n    \n    \n                <section class=\"column_in_2\" id=\"waterfallloop\">\n                <div class=\"container-full\">\n                    <div class=\"triagles_effects half_effect_quatre right_side_effect\" data-aos=\"fade-up\" data-aos-delay=\"600\">\n                        <div class=\"half_right_lightblue\"><\/div>\n                    <\/div>\n                    <div class=\"row max_90_d\">\n                        <div class=\"col-lg-7 p-0 mb-4 mt-4 margin-left-3 order-md-2 position-relative\" data-aos=\"fade-up\" data-aos-delay=\"200\">\n                            <img decoding=\"async\" src=\"https:\/\/engstligenalp.ch\/wp-content\/uploads\/Waterfall-Loop-800x600-1.avif\" class=\"img-fluid rounded-2 img-shadow\" alt=\"\" title=\"\">\n                        <\/div>\n                        <div class=\"col-lg-4 order-md-1 content\" data-aos=\"fade-up\" data-aos-delay=\"200\">\n                            <h1 class=\"mb-4\">NOUVEAU : Waterfall Loop<\/h1>\n                            <div><p>D\u00e9couvrez de pr\u00e8s la force de la nature sur le sentier de randonn\u00e9e circulaire de la cascade sup\u00e9rieure &#8211; \u00e9galement connu sous le nom de \u00ab\u00a0Waterfall Loop\u00a0\u00bb &#8211; et plongez dans le monde impressionnant des chutes d&rsquo;eau.<\/p>\n<p>Sur le Waterfall Loop, des perspectives uniques sur la cascade sup\u00e9rieure de l&rsquo;Engstligen vous attendent ! Au View Point, vous trouverez m\u00eame un support pour votre t\u00e9l\u00e9phone portable afin de prendre des selfies parfaits &#8211; sans aucun flou. Partagez votre aventure directement avec le monde !  <\/p>\n<p>Cette randonn\u00e9e circulaire de difficult\u00e9 moyenne est id\u00e9ale pour les amateurs d&rsquo;activit\u00e9s. En chemin, des vues spectaculaires, le bruit de l&rsquo;eau et l&rsquo;air frais des montagnes vous attendent &#8211; une combinaison parfaite de d\u00e9tente et d&rsquo;aventure ! <\/p>\n<p>La s\u00e9curit\u00e9 avant tout ! Portez de bonnes chaussures &#8211; le chemin peut \u00eatre humide et glissant. Le chemin n&rsquo;est pas adapt\u00e9 aux poussettes.<\/p>\n<p>Dur\u00e9e : 1h10<br \/>\nDistance : 3 kilom\u00e8tres<br \/>\nD\u00e9nivel\u00e9 : 256m<\/p>\n<\/div>\n                                                            <div class=\"mt-4\">\n                                    <a href=\"https:\/\/www.adelboden-lenk.ch\/fr\/Shop\/Ticketuebersicht?area=48\" target=\"_BLANK\" class=\"btn btn-success btn-rounded\" rel=\"nofollow noopener\">Acheter un billet de t\u00e9l\u00e9ph\u00e9rique<\/a>\n                                <\/div>\n                                                                                <\/div>\n                    <\/div>\n                <\/div>\n            <\/section>\n    \n       \n\n        <section class=\"bildslider_ text-light\">\n            <div class=\"container-full\">\n                \t\t\t\t<div class=\"max_90_d\">\n\t\t\t\t\t<div class=\"row mb-4\">\n\t\t\t\t\t\t<h1 class=\"heading title\">Impressions<\/h1>\n\t\t\t\t\t<\/div>\n\t\t\t\t<\/div>\n\t\t\t\t                <div class=\"bildslider bildslider-1141377829\">\n                    <div class=\"swiper-wrapper\">\n\t\t\t\t\t\t                        <div class=\"swiper-slide padd_r\">\n                            <a href=\"https:\/\/engstligenalp.ch\/wp-content\/uploads\/engstligenalp_wasserfall_07.avif\" class=\"img_grid enlarge2\">\n                                <img decoding=\"async\" src=\"https:\/\/engstligenalp.ch\/wp-content\/uploads\/engstligenalp_wasserfall_07.avif\" class=\"img-fluid\" dtitle=\"App 1\" alt=\"\" title=\"\">\n                            <\/a>\n                        <\/div>\n                                              <div class=\"swiper-slide padd_r\">\n                            <a href=\"https:\/\/engstligenalp.ch\/wp-content\/uploads\/engstligenalp_wasserfall_03.avif\" class=\"img_grid enlarge2\">\n                                <img decoding=\"async\" src=\"https:\/\/engstligenalp.ch\/wp-content\/uploads\/engstligenalp_wasserfall_03.avif\" class=\"img-fluid\" dtitle=\"App 1\" alt=\"\" title=\"\">\n                            <\/a>\n                        <\/div>\n                                              <div class=\"swiper-slide padd_r\">\n                            <a href=\"https:\/\/engstligenalp.ch\/wp-content\/uploads\/engstligenalp_wasserfall_01.avif\" class=\"img_grid enlarge2\">\n                                <img decoding=\"async\" src=\"https:\/\/engstligenalp.ch\/wp-content\/uploads\/engstligenalp_wasserfall_01.avif\" class=\"img-fluid\" dtitle=\"App 1\" alt=\"\" title=\"\">\n                            <\/a>\n                        <\/div>\n                                              <div class=\"swiper-slide padd_r\">\n                            <a href=\"https:\/\/engstligenalp.ch\/wp-content\/uploads\/engstligenalp_wasserfall_04.avif\" class=\"img_grid enlarge2\">\n                                <img decoding=\"async\" src=\"https:\/\/engstligenalp.ch\/wp-content\/uploads\/engstligenalp_wasserfall_04.avif\" class=\"img-fluid\" dtitle=\"App 1\" alt=\"\" title=\"\">\n                            <\/a>\n                        <\/div>\n                                              <div class=\"swiper-slide padd_r\">\n                            <a href=\"https:\/\/engstligenalp.ch\/wp-content\/uploads\/engstligenalp_wasserfall_05.avif\" class=\"img_grid enlarge2\">\n                                <img decoding=\"async\" src=\"https:\/\/engstligenalp.ch\/wp-content\/uploads\/engstligenalp_wasserfall_05.avif\" class=\"img-fluid\" dtitle=\"App 1\" alt=\"\" title=\"\">\n                            <\/a>\n                        <\/div>\n                                              <div class=\"swiper-slide padd_r\">\n                            <a href=\"https:\/\/engstligenalp.ch\/wp-content\/uploads\/engstligenalp_wasserfall_06.avif\" class=\"img_grid enlarge2\">\n                                <img decoding=\"async\" src=\"https:\/\/engstligenalp.ch\/wp-content\/uploads\/engstligenalp_wasserfall_06.avif\" class=\"img-fluid\" dtitle=\"App 1\" alt=\"\" title=\"\">\n                            <\/a>\n                        <\/div>\n                                              <div class=\"swiper-slide padd_r\">\n                            <a href=\"https:\/\/engstligenalp.ch\/wp-content\/uploads\/engstligenalp_wasserfall_02.avif\" class=\"img_grid enlarge2\">\n                                <img decoding=\"async\" src=\"https:\/\/engstligenalp.ch\/wp-content\/uploads\/engstligenalp_wasserfall_02.avif\" class=\"img-fluid\" dtitle=\"App 1\" alt=\"\" title=\"\">\n                            <\/a>\n                        <\/div>\n                                          <\/div>\n                    <div class=\"swipe_arrows\">\n                        <div class=\"button-next button-next-1141377829\"><\/div>\n                        <div class=\"button-prev button-prev-1141377829\"><\/div>\n                    <\/div>\n                <\/div>\n            <\/div>\n        <\/section>\n<script src=\"https:\/\/cdnjs.cloudflare.com\/ajax\/libs\/Swiper\/7.3.0\/swiper-bundle.min.js\"><\/script>\n<script>\n \/**\n     * Bildslider slider\n     *\/\n    new Swiper('.bildslider-1141377829', {\n        speed: 600,\n        slidesPerView: 1,\n        spaceBetween: 10,\n        centeredSlides: false,\n        loop: false,\n        navigation: {\n            nextEl: \".button-next-1141377829\",\n            prevEl: \".button-prev-1141377829\",\n        },\n        breakpoints: {\n            640: {\n                slidesPerView: 1,\n                spaceBetween: 10,\n            },\n            768: {\n                slidesPerView: 3,\n                spaceBetween: 10,\n            },\n            1024: {\n                slidesPerView: 4,\n                spaceBetween: 15,\n            },\n        },\n    });\n<\/script>  \n\n\n        <section class=\"shaper space_b text-light cta\">\n            <div class=\"triagles_effects full__width_effect shape ondesktop\">\n                <div><\/div>\n                <div class=\"right_bottom_lightblue\" data-aos=\"flip-right\" data-aos-delay=\"100\"><\/div>\n                <div><\/div>\n                <div class=\"right_bottom_grey\" data-aos=\"flip-right\" data-aos-delay=\"200\"><\/div>\n                <div class=\"left_top_green\" data-aos=\"flip-right\" data-aos-delay=\"300\"><\/div>\n                <div class=\"left_top_blue\" data-aos=\"flip-right\" data-aos-delay=\"300\"><\/div>\n                <div class=\"left_top_lightblue\" data-aos=\"flip-right\" data-aos-delay=\"300\"><\/div>\n                <div class=\"right_top_blue\" data-aos=\"flip-right\" data-aos-delay=\"300\"><\/div>\n                <div><\/div>\n                <div class=\"right_top_white\" data-aos=\"flip-right\" data-aos-delay=\"400\"><\/div>\n                <div class=\"left_top_green\" data-aos=\"flip-right\" data-aos-delay=\"400\"><\/div>\n                <div class=\"left_top_lightblue\" data-aos=\"flip-right\" data-aos-delay=\"500\"><\/div>\n            <\/div>\n\t\t\t<div class=\"triagles_effects full__width_effect shape onmobile\">\n                <div><\/div>\n                <div class=\"right_bottom_lightblue\"><\/div>\n                <div><\/div>\n                <div class=\"right_bottom_grey\"><\/div>\n                <div class=\"left_top_green\"><\/div>\n                <div class=\"left_top_blue\"><\/div>\n                <div class=\"left_top_lightblue\"><\/div>\n                <div class=\"right_top_blue\"><\/div>\n                <div><\/div>\n                <div class=\"right_top_lightblue\"><\/div>\n                <div class=\"left_top_grey\"><\/div>\n                <div class=\"left_top_lightblue\"><\/div>\n            <\/div>\n            <div class=\"container-full\">\n            <div class=\"max_90_d\">\n                <div class=\"row \">\n                    <h3 class=\"mb-0 heading shaper__text\">Pr\u00eat pour une pause \u00e0 la montagne ?<\/h3>\n\t\t\t\t\t\t\t\t\t\t\t<div class=\"mt-4\">\n\t\t\t\t\t\t\t\t\t\t\t<a href=\"https:\/\/www.simplebooking.it\/ibe2\/hotel\/7607?lang=FR&amp;cur=CHF\" target=\"_BLANK\" class=\"btn btn-success btn-rounded\" rel=\"nofollow noopener\">V\u00e9rifier la disponibilit\u00e9<\/a>\t\t\t\t\t<\/div>                \t<\/div>\n                <\/div>\n            <\/div>\n        <\/section>","protected":false},"excerpt":{"rendered":"","protected":false},"author":1,"featured_media":30340,"parent":9124,"menu_order":35,"comment_status":"closed","ping_status":"closed","template":"","meta":{"_acf_changed":false,"footnotes":""},"class_list":["post-9254","page","type-page","status-publish","has-post-thumbnail","hentry"],"acf":[],"publishpress_future_workflow_manual_trigger":{"enabledWorkflows":[]},"_links":{"self":[{"href":"https:\/\/engstligenalp.ch\/fr\/wp-json\/wp\/v2\/pages\/9254","targetHints":{"allow":["GET"]}}],"collection":[{"href":"https:\/\/engstligenalp.ch\/fr\/wp-json\/wp\/v2\/pages"}],"about":[{"href":"https:\/\/engstligenalp.ch\/fr\/wp-json\/wp\/v2\/types\/page"}],"author":[{"embeddable":true,"href":"https:\/\/engstligenalp.ch\/fr\/wp-json\/wp\/v2\/users\/1"}],"replies":[{"embeddable":true,"href":"https:\/\/engstligenalp.ch\/fr\/wp-json\/wp\/v2\/comments?post=9254"}],"version-history":[{"count":61,"href":"https:\/\/engstligenalp.ch\/fr\/wp-json\/wp\/v2\/pages\/9254\/revisions"}],"predecessor-version":[{"id":33879,"href":"https:\/\/engstligenalp.ch\/fr\/wp-json\/wp\/v2\/pages\/9254\/revisions\/33879"}],"up":[{"embeddable":true,"href":"https:\/\/engstligenalp.ch\/fr\/wp-json\/wp\/v2\/pages\/9124"}],"wp:featuredmedia":[{"embeddable":true,"href":"https:\/\/engstligenalp.ch\/fr\/wp-json\/wp\/v2\/media\/30340"}],"wp:attachment":[{"href":"https:\/\/engstligenalp.ch\/fr\/wp-json\/wp\/v2\/media?parent=9254"}],"curies":[{"name":"wp","href":"https:\/\/api.w.org\/{rel}","templated":true}]}}