{"id":9310,"date":"2022-06-03T11:30:05","date_gmt":"2022-06-03T09:30:05","guid":{"rendered":"https:\/\/engstligenalp.ch\/arrivee\/"},"modified":"2026-05-09T09:44:53","modified_gmt":"2026-05-09T07:44:53","slug":"arrivee","status":"publish","type":"page","link":"https:\/\/engstligenalp.ch\/fr\/arrivee\/","title":{"rendered":"Arriv\u00e9e"},"content":{"rendered":"\n    <section class=\"full_grid text-light\">\n        <div class=\"container-full\">\n            <div class=\"max_90_d\">\n                <div class=\"row\">\n                                            <h1 class=\"mb-4 heading\">Arriv\u00e9e<\/h1>\n                                        <div class=\"col-md-8\">\n                        <p>L&rsquo;Engstligenalp se trouve sur un haut plateau et est accessible uniquement par le t\u00e9l\u00e9ph\u00e9rique &#8211; en \u00e9t\u00e9, \u00e9galement \u00e0 pied par le sentier de randonn\u00e9e. Les cabines du t\u00e9l\u00e9ph\u00e9rique sont accessibles aux fauteuils roulants.<br \/>\nVeuillez tenir compte des horaires de fonctionnement du t\u00e9l\u00e9ph\u00e9rique lorsque vous arrivez.  <\/p>\n<p><a class=\"btn btn-success btn-rounded\" href=\"https:\/\/engstligenalp.ch\/wp-content\/uploads\/Lageplan_Sommer.pdf\">Plan de situation Engstligenalp \u00e9t\u00e9<\/a><\/p>\n<p><a class=\"btn btn-success btn-rounded\" href=\"https:\/\/engstligenalp.ch\/wp-content\/uploads\/Lageplan_Winter.pdf\">Plan de situation Engstligenalp hiver<\/a><\/p>\n                                            <\/div>\n                                    <\/div>\n            <\/div>\n        <\/div>\n    <\/section>\n\n\n     \n            <section class=\"column_in_2\" >\n                <div class=\"container-full\">\n                    <div class=\"triagles_effects half_effect_quatre\" data-aos=\"fade-up\" data-aos-delay=\"600\">\n                        <div class=\"half_right_blue\"><\/div>\n                    <\/div>\n                    <div class=\"row max_90_d\">\n                        <div class=\"col-lg-7 p-0 mb-4 order-1 position-relative\" data-aos=\"fade-up\" data-aos-delay=\"200\">\n                            <img decoding=\"async\" src=\"https:\/\/engstligenalp.ch\/wp-content\/uploads\/engstligenalp_gondel-jpg.avif\" class=\"img-fluid rounded-2 img-shadow\" alt=\"\" title=\"\">\n                        <\/div>\n                        <div class=\"col-lg-4 margin-left-3 order-2 content\" data-aos=\"fade-up\" data-aos-delay=\"200\">\n                            <h1 class=\"mb-4\"><\/h1>\n                            <div><p><strong>Arriv\u00e9e en voiture : <\/strong><br \/>\n\u00c0 l&rsquo;entr\u00e9e du village d&rsquo;Adelboden, tournez \u00e0 gauche au rond-point et descendez la vall\u00e9e sur environ 4 kilom\u00e8tres jusqu&rsquo;\u00e0 la station inf\u00e9rieure du t\u00e9l\u00e9ph\u00e9rique. L\u00e0, vous trouverez suffisamment de places de parking gratuites pour garer votre voiture pendant votre s\u00e9jour. <\/p>\n<p><strong>Arriv\u00e9e en transports publics : <\/strong><br \/>\nPrendre le bus \u00e0 Frutigen jusqu&rsquo;\u00e0 l&rsquo;arr\u00eat \u00ab\u00a0Adelboden, Oey\u00a0\u00bb, changer de bus et continuer jusqu&rsquo;au terminus \u00ab\u00a0Adelboden, Unter dem Birg\u00a0\u00bb. L&rsquo;arr\u00eat de bus se trouve juste \u00e0 c\u00f4t\u00e9 de la station inf\u00e9rieure du t\u00e9l\u00e9ph\u00e9rique. <\/p>\n<p><a class=\"btn btn-success btn-rounded\" href=\"https:\/\/www.sbb.ch\/de?%22&amp;moment=%22DEPARTURE%22&amp;stops=%5B%7B%22label%22%3A%22%22%2C%22type%22%3A%22ID%22%2C%22value%22%3A%22%22%7D%2C%7B%22value%22%3A%228507857%22%2C%22type%22%3A%22ID%22%2C%22label%22%3A%22Adelboden%2C%20Unter%20dem%20Birg%22%7D%5D&amp;%\" rel=\"nofollow noopener\" target=\"_blank\">Horaires CFF<\/a><\/p>\n<p>Le trajet en t\u00e9l\u00e9ph\u00e9rique jusqu&rsquo;\u00e0 l&rsquo;Engstligenalp dure 7 minutes.<\/p>\n<\/div>\n                                                            <div class=\"mt-4\">\n                                    <a href=\"https:\/\/engstligenalp.ch\/sommer\/betriebsinfo\/\" class=\"btn btn-success btn-rounded\">Heures de fonctionnement du t\u00e9l\u00e9ph\u00e9rique<\/a>\n                                <\/div>\n                                                                                <\/div>\n                    <\/div>\n                <\/div>\n            <\/section>\n    \n    \n<section class=\"map\" style=\"overflow: hidden;\">\n            <div data-aos=\"fade-up\">\n                <div class=\"max_90_d\">\n                <div class=\"row text-light\">\n                    <h2 class=\"mb-4 heading\">Notre site<\/h2>\n                <\/div>\n            <\/div>\n            <div id=\"map\">\n\t\t\t\t<iframe src=\"https:\/\/www.google.com\/maps\/embed?pb=!1m14!1m8!1m3!1d16475.405529756674!2d7.561131711641694!3d46.448627144143096!3m2!1i1024!2i768!4f13.1!3m3!1m2!1s0x478f02e2d2dab821%3A0xaef9b7eae270897d!2sEngstligenalp!5e0!3m2!1sde!2sch!4v1655467342197!5m2!1sde!2sch\" width=\"100%\" height=\"100%\" style=\"border:0;\" allowfullscreen=\"\" loading=\"lazy\" referrerpolicy=\"no-referrer-when-downgrade\"><\/iframe>\n\t\t\t\t\n\t\t\t\t\n\t\t\t<\/div>\n            <div class=\"custom__search_map\"><\/div>\n            <div style=\"height: 0;\">\n                <div class=\"triagles_effects  map_effect\">\n                    <div class=\"left_bottom_green right_top_blue\" data-aos=\"flip-right\" data-aos-delay=\"300\"><\/div>\n                    <div class=\"left_bottom_lightblue\" data-aos=\"flip-right\" data-aos-delay=\"200\"><\/div>\n                <\/div>\n                <div id=\"findbox\"><\/div>\n            <\/div><\/div>\n        <\/section>\n<!--\n<script>\n\n\n\t\n\t \/**\n     * Map \n     *\/\n\n\n    var map = new L.Map('map', {zoom: 9, scrollWheelZoom: false , center: new L.latLng([parseInt(''),parseInt('')]) });  \/\/set center from first location\n\n    map.addLayer(new L.TileLayer('https:\/\/{s}.tile.openstreetmap.org\/{z}\/{x}\/{y}.png'));    \/\/base layer\n\n    var greenIcon = L.icon({\n        iconUrl: 'https:\/\/engstligenalp.ch\/wp-content\/themes\/engstligenalp\/assets\/img\/icons\/marker.png',\n        iconSize: [70, 70], \/\/ size of the icon\n    });\n\n    var markersLayer = new L.LayerGroup();  \/\/layer contain searched elements\n\n    map.addLayer(markersLayer);\n\n    map.addControl( new L.Control.Search({\n        container: 'findbox',\n        url: 'https:\/\/nominatim.openstreetmap.org\/search?format=json&q={s}',\n        jsonpParam: 'json_callback',\n        propertyName: 'display_name',\n        propertyLoc: ['lat','lon'],\n        marker: L.marker([51.5, -0.09], {icon: greenIcon}),\n        autoCollapse: false,\n        autoType: false,\n        minLength: 2\n    }) );\n\t\n<\/script>\n-->\n                <section class=\"column_in_2\" >\n                <div class=\"container-full\">\n                    <div class=\"triagles_effects half_effect_quatre right_side_effect\" data-aos=\"fade-up\" data-aos-delay=\"600\">\n                        <div class=\"half_right_lightblue\"><\/div>\n                    <\/div>\n                    <div class=\"row max_90_d\">\n                        <div class=\"col-lg-7 p-0 mb-4 mt-4 margin-left-3 order-md-2 position-relative\" data-aos=\"fade-up\" data-aos-delay=\"200\">\n                            <img decoding=\"async\" src=\"https:\/\/engstligenalp.ch\/wp-content\/uploads\/OK_GO-2.jpg\" class=\"img-fluid rounded-2 img-shadow\" alt=\"\" title=\"\">\n                        <\/div>\n                        <div class=\"col-lg-4 order-md-1 content\" data-aos=\"fade-up\" data-aos-delay=\"200\">\n                            <h1 class=\"mb-4\">Initiative OK:GO<\/h1>\n                            <div><p>En participant \u00e0 l&rsquo;initiative OK:GO, nous nous assurons que l&rsquo;accessibilit\u00e9 de nos offres est facilement consultable. Nous voulons aider les personnes \u00e0 mobilit\u00e9 r\u00e9duite \u00e0 planifier leur voyage et nous sommes toujours disponibles pour r\u00e9pondre \u00e0 leurs questions.<\/p>\n<\/div>\n                                                            <div class=\"mt-4\">\n                                    <a href=\"https:\/\/www.stv-fst.ch\/fr\/durabilite\/centre-de-competences\/initiative-okgo\/entreprises-participantes\" target=\"_BLANK\" class=\"btn btn-success btn-rounded\" rel=\"nofollow noopener\">Entreprises participantes\/carte<\/a>\n                                <\/div>\n                                                                                <\/div>\n                    <\/div>\n                <\/div>\n            <\/section>\n    \n      \n\n\n        <section class=\"shaper space_b text-light cta\">\n            <div class=\"triagles_effects full__width_effect shape ondesktop\">\n                <div><\/div>\n                <div class=\"right_bottom_lightblue\" data-aos=\"flip-right\" data-aos-delay=\"100\"><\/div>\n                <div><\/div>\n                <div class=\"right_bottom_grey\" data-aos=\"flip-right\" data-aos-delay=\"200\"><\/div>\n                <div class=\"left_top_green\" data-aos=\"flip-right\" data-aos-delay=\"300\"><\/div>\n                <div class=\"left_top_blue\" data-aos=\"flip-right\" data-aos-delay=\"300\"><\/div>\n                <div class=\"left_top_lightblue\" data-aos=\"flip-right\" data-aos-delay=\"300\"><\/div>\n                <div class=\"right_top_blue\" data-aos=\"flip-right\" data-aos-delay=\"300\"><\/div>\n                <div><\/div>\n                <div class=\"right_top_white\" data-aos=\"flip-right\" data-aos-delay=\"400\"><\/div>\n                <div class=\"left_top_green\" data-aos=\"flip-right\" data-aos-delay=\"400\"><\/div>\n                <div class=\"left_top_lightblue\" data-aos=\"flip-right\" data-aos-delay=\"500\"><\/div>\n            <\/div>\n\t\t\t<div class=\"triagles_effects full__width_effect shape onmobile\">\n                <div><\/div>\n                <div class=\"right_bottom_lightblue\"><\/div>\n                <div><\/div>\n                <div class=\"right_bottom_grey\"><\/div>\n                <div class=\"left_top_green\"><\/div>\n                <div class=\"left_top_blue\"><\/div>\n                <div class=\"left_top_lightblue\"><\/div>\n                <div class=\"right_top_blue\"><\/div>\n                <div><\/div>\n                <div class=\"right_top_lightblue\"><\/div>\n                <div class=\"left_top_grey\"><\/div>\n                <div class=\"left_top_lightblue\"><\/div>\n            <\/div>\n            <div class=\"container-full\">\n            <div class=\"max_90_d\">\n                <div class=\"row \">\n                    <h3 class=\"mb-0 heading shaper__text\">Pour plus d&rsquo;informations, contacte-nous !<\/h3>\n\t\t\t\t\t                \t<\/div>\n                <\/div>\n            <\/div>\n        <\/section>","protected":false},"excerpt":{"rendered":"","protected":false},"author":1,"featured_media":0,"parent":0,"menu_order":1,"comment_status":"closed","ping_status":"closed","template":"","meta":{"_acf_changed":false,"footnotes":""},"class_list":["post-9310","page","type-page","status-publish","hentry"],"acf":[],"publishpress_future_workflow_manual_trigger":{"enabledWorkflows":[]},"_links":{"self":[{"href":"https:\/\/engstligenalp.ch\/fr\/wp-json\/wp\/v2\/pages\/9310","targetHints":{"allow":["GET"]}}],"collection":[{"href":"https:\/\/engstligenalp.ch\/fr\/wp-json\/wp\/v2\/pages"}],"about":[{"href":"https:\/\/engstligenalp.ch\/fr\/wp-json\/wp\/v2\/types\/page"}],"author":[{"embeddable":true,"href":"https:\/\/engstligenalp.ch\/fr\/wp-json\/wp\/v2\/users\/1"}],"replies":[{"embeddable":true,"href":"https:\/\/engstligenalp.ch\/fr\/wp-json\/wp\/v2\/comments?post=9310"}],"version-history":[{"count":20,"href":"https:\/\/engstligenalp.ch\/fr\/wp-json\/wp\/v2\/pages\/9310\/revisions"}],"predecessor-version":[{"id":34484,"href":"https:\/\/engstligenalp.ch\/fr\/wp-json\/wp\/v2\/pages\/9310\/revisions\/34484"}],"wp:attachment":[{"href":"https:\/\/engstligenalp.ch\/fr\/wp-json\/wp\/v2\/media?parent=9310"}],"curies":[{"name":"wp","href":"https:\/\/api.w.org\/{rel}","templated":true}]}}